{"id":3497642,"date":"2026-01-20T15:01:49","date_gmt":"2026-01-20T14:01:49","guid":{"rendered":"http:\/\/10.6.201.155\/?post_type=product&#038;p=50492"},"modified":"2026-05-15T01:12:57","modified_gmt":"2026-05-14T23:12:57","slug":"fassabar-carbon-s","status":"publish","type":"product","link":"https:\/\/www.fassabortolo.it\/de\/produkte\/konsolidierungs-und-strukturverstarkungssystem\/verbinder\/fassabar-carbon-s","title":{"rendered":"FASSABAR CARBON S"},"content":{"rendered":"","protected":false},"featured_media":0,"template":"","class_list":["post-3497642","product","type-product","status-publish","hentry"],"acf":[],"fimg":{"url":"https:\/\/www.fassabortolo.it\/wp-content\/uploads\/media\/assets\/FASSABAR_CARBON_S.jpg","alt":"FASSABAR CARBON S"},"product_description":["Pultrudierter, hochfester Carbonfaserstab"],"ekr_hierarchy_settings":{"it":{"FASSA_LINEA_CONNETTORI_SISTEMA_CONSOLIDAMENTO":{"ekr_position":6}},"lu":{"FASSA_LINEA_CONNETTORI_SISTEMA_CONSOLIDAMENTO":{"ekr_position":9}}},"lang":{"language_code":"de","locale":"de_DE","text_direction":false,"display_name":"Deutsch","native_name":"Tedesco","different_language":false},"systems":[{"id":3497508,"name":"KONSOLIDIERUNGS- UND STRUKTURVERST\u00c4RKUNGSSYSTEM","permalink":"https:\/\/www.fassabortolo.it\/de\/produkte\/konsolidierungs-und-strukturverstarkungssystem\/","slug":"konsolidierungs-und-strukturverstarkungssystem","ekr_pallet_code":"FASSA_SISTEMA_CONSOLIDAMENTO_E_RINFORZO_STRUTTURALE"}],"product_pallet_code":"PROD_FASSABAR_CARBON_S","lines":[{"id":3497455,"name":"VERBINDER","permalink":"https:\/\/www.fassabortolo.it\/de\/produkte\/\/verbinder\/","slug":"verbinder","system_codes":["FASSA_SISTEMA_CONSOLIDAMENTO_E_RINFORZO_STRUTTURALE"],"ekr_pallet_code":"FASSA_LINEA_CONNETTORI_SISTEMA_CONSOLIDAMENTO"}],"use":["Der pultrudierte Carbonfaserstab FASSABAR CARBON S wird, in Verbindung mit FASSA EPOXY 400, zur Reparatur und Strukturverst\u00e4rkung von Bauteilen aus Mauerwerk und Beton verwendet. &nbsp; Im Vergleich zu einer analogen Verst\u00e4rkung mit Metallst\u00e4ben, erm\u00f6glicht FASSABAR CARBON S eine l\u00e4ngerfristige Dauerhaftigkeit des Eingriffs.","In einer nicht ersch\u00f6pfenden Liste der mit FASSABAR CARBON S realisierbaren Verst\u00e4rkungsma\u00dfnahmen, erinnern beispielsweise:","Vernagelungen und Mikron\u00e4hte;","Verringerung der Verformungen durch Betriebslasten;","Steigerung der Tragf\u00e4higkeit;","Erh\u00f6hung der Erm\u00fcdungsfestigekeit."],"supply":["Abpackungen zu jeweils 3 m mit 8 mm, 10 mm und 12 mm Durchmesser"],"attributes":{"Attributes_1":{"FRP":"FRP"},"Attributes_2":{"AUSSENBEREICH":"Au\u00dfenbereich","INNENBEREICH":"Innenbereich"}},"___attributes":{"FASSA":{"FASSA_SISTEMA_CONSOLIDAMENTO_E_RINFORZO_STRUTTURALE":{"Attributes_1":["FRP"],"Attributes_2":["Au\u00dfenbereich","Innenbereich"]}}},"elastic_market_index":"it","structured_data":{"@context":"https:\/\/schema.org","@type":"Product","name":"FASSABAR CARBON S","description":["Pultrudierter, hochfester Carbonfaserstab"],"url":"https:\/\/www.fassabortolo.it\/de\/produkte\/konsolidierungs-und-strukturverstarkungssystem\/verbinder\/fassabar-carbon-s","identifier":"PROD_FASSABAR_CARBON_S","sku":"PROD_FASSABAR_CARBON_S","image":"https:\/\/www.fassabortolo.it\/wp-content\/uploads\/media\/assets\/FASSABAR_CARBON_S.jpg","brand":{"@type":"Brand","name":"Fassa Bortolo"},"manufacturer":{"@type":"Organization","name":"Fassa Bortolo","url":"https:\/\/www.fassabortolo.it"},"additionalProperty":[{"@type":"PropertyValue","name":"Use Case 1","value":"Der pultrudierte Carbonfaserstab FASSABAR CARBON S wird, in Verbindung mit FASSA EPOXY 400, zur Reparatur und Strukturverst\u00e4rkung von Bauteilen aus Mauerwerk und Beton verwendet. &nbsp; Im Vergleich zu einer analogen Verst\u00e4rkung mit Metallst\u00e4ben, erm\u00f6glicht FASSABAR CARBON S eine l\u00e4ngerfristige Dauerhaftigkeit des Eingriffs."},{"@type":"PropertyValue","name":"Use Case 2","value":"In einer nicht ersch\u00f6pfenden Liste der mit FASSABAR CARBON S realisierbaren Verst\u00e4rkungsma\u00dfnahmen, erinnern beispielsweise:"},{"@type":"PropertyValue","name":"Use Case 3","value":"Vernagelungen und Mikron\u00e4hte;"},{"@type":"PropertyValue","name":"Use Case 4","value":"Verringerung der Verformungen durch Betriebslasten;"},{"@type":"PropertyValue","name":"Use Case 5","value":"Steigerung der Tragf\u00e4higkeit;"},{"@type":"PropertyValue","name":"Use Case 6","value":"Erh\u00f6hung der Erm\u00fcdungsfestigekeit."},{"@type":"PropertyValue","name":"Supply Information","value":"Abpackungen zu jeweils 3 m mit 8 mm, 10 mm und 12 mm Durchmesser"},{"@type":"PropertyValue","name":"Attributes_1","value":"FRP"},{"@type":"PropertyValue","name":"Attributes_2","value":"Au\u00dfenbereich"},{"@type":"PropertyValue","name":"Attributes_2","value":"Innenbereich"}],"category":[{"@type":"ProductCollection","name":"VERBINDER","identifier":"FASSA_LINEA_CONNETTORI_SISTEMA_CONSOLIDAMENTO"},{"@type":"Collection","name":"KONSOLIDIERUNGS- UND STRUKTURVERST\u00c4RKUNGSSYSTEM","identifier":"FASSA_SISTEMA_CONSOLIDAMENTO_E_RINFORZO_STRUTTURALE"}],"inLanguage":"de"},"_links":{"self":[{"href":"https:\/\/www.fassabortolo.it\/de\/wp-json\/wp\/v2\/product\/3497642","targetHints":{"allow":["GET"]}}],"collection":[{"href":"https:\/\/www.fassabortolo.it\/de\/wp-json\/wp\/v2\/product"}],"about":[{"href":"https:\/\/www.fassabortolo.it\/de\/wp-json\/wp\/v2\/types\/product"}],"wp:attachment":[{"href":"https:\/\/www.fassabortolo.it\/de\/wp-json\/wp\/v2\/media?parent=3497642"}],"curies":[{"name":"wp","href":"https:\/\/api.w.org\/{rel}","templated":true}]}}