{"id":3497646,"date":"2026-01-20T15:01:47","date_gmt":"2026-01-20T14:01:47","guid":{"rendered":"http:\/\/10.6.201.155\/?post_type=product&#038;p=50507"},"modified":"2026-05-15T01:11:20","modified_gmt":"2026-05-14T23:11:20","slug":"eps-resphira","status":"publish","type":"product","link":"https:\/\/www.fassabortolo.it\/de\/produkte\/sistema-isolamento-termico-fassatherm\/dammplatten\/eps-resphira","title":{"rendered":"EPS RESPHIRA"},"content":{"rendered":"","protected":false},"featured_media":0,"template":"","class_list":["post-3497646","product","type-product","status-publish","hentry"],"acf":[],"fimg":{"url":"https:\/\/www.fassabortolo.it\/wp-content\/uploads\/media\/assets\/LASTRA_RESPHIRA.jpg","alt":"EPS RESPHIRA"},"product_description":["EPS RESPHIRA ist eine mit 1800 Mikrol\u00f6chern versehene, patentierte D\u00e4mmplatte f\u00fcr W\u00e4rmed\u00e4mmverbundsysteme. Sie zeichnet sich durch exzellente Leistungseigenschaften in Punkto W\u00e4rmed\u00e4mmung, Diffusionsoffenheit sowie Sto\u00df- und Schlagfestigkeit aus."],"ekr_hierarchy_settings":{"it":{"FASSA_LINEA_PANNELLI_ISOLANTI_SISTEMA_ISOLAMENTO":{"ekr_position":0}},"lu":{"FASSA_LINEA_PANNELLI_ISOLANTI_SISTEMA_ISOLAMENTO":{"ekr_position":10}}},"lang":{"language_code":"de","locale":"de_DE","text_direction":false,"display_name":"Deutsch","native_name":"Tedesco","different_language":false},"systems":[{"id":3497519,"name":"W\u00c4RMED\u00c4MMVERBUNDSYSTEM FASSATHERM\u00ae","permalink":"https:\/\/www.fassabortolo.it\/de\/produkte\/sistema-isolamento-termico-fassatherm\/","slug":"sistema-isolamento-termico-fassatherm","ekr_pallet_code":"FASSA_SISTEMA_ISOLAMENTO_TERMICO_FASSATHERM"}],"product_pallet_code":"PROD_EPS_RESPHIRA","lines":[{"id":3497464,"name":"D\u00c4MMPLATTEN","permalink":"https:\/\/www.fassabortolo.it\/de\/produkte\/\/dammplatten\/","slug":"dammplatten","system_codes":["FASSA_SISTEMA_ISOLAMENTO_TERMICO_FASSATHERM"],"ekr_pallet_code":"FASSA_LINEA_PANNELLI_ISOLANTI_SISTEMA_ISOLAMENTO"}],"use":["Aufgrund der ausgezeichneten Eigenschaften im Bereich Diffusionsoffenheit, W\u00e4rmed\u00e4mmung und Widerstandsf\u00e4higkeit ist die Platte EPS RESPHIRA ideal geeignet f\u00fcr die Anfertigung einer Au\u00dfend\u00e4mmung mit einem verst\u00e4rkten WDVS, und dies mit hoher Energieeinsparung, mit Raumbehaglichkeit und Langzeitbest\u00e4ndigkeit. &nbsp; Die Plattendicke wird je nach der gew\u00fcnschten W\u00e4rmed\u00e4mmung bestimmt, jedoch immer unter Ber\u00fccksichtigung der jeweils geltenden Bestimmungen am Verwendungsort."],"supply":["Die D\u00e4mmplatten werden in UV-best\u00e4ndigen Polyethylenverpackungen ausgeliefert."],"attributes":{"Attributes_1":[],"Attributes_2":{"AUSSENBEREICH":"Au\u00dfenbereich"}},"___attributes":{"FASSAES":{"FASSA_SISTEMA_ISOLAMENTO_TERMICO_FASSATHERM":{"Attributes_2":["Au\u00dfenbereich"]}},"FASSA":{"FASSA_SISTEMA_ISOLAMENTO_TERMICO_FASSATHERM":{"Attributes_2":["Au\u00dfenbereich"]}}},"elastic_market_index":"it","structured_data":{"@context":"https:\/\/schema.org","@type":"Product","name":"EPS RESPHIRA","description":["EPS RESPHIRA ist eine mit 1800 Mikrol\u00f6chern versehene, patentierte D\u00e4mmplatte f\u00fcr W\u00e4rmed\u00e4mmverbundsysteme. Sie zeichnet sich durch exzellente Leistungseigenschaften in Punkto W\u00e4rmed\u00e4mmung, Diffusionsoffenheit sowie Sto\u00df- und Schlagfestigkeit aus."],"url":"https:\/\/www.fassabortolo.it\/de\/produkte\/sistema-isolamento-termico-fassatherm\/dammplatten\/eps-resphira","identifier":"PROD_EPS_RESPHIRA","sku":"PROD_EPS_RESPHIRA","image":"https:\/\/www.fassabortolo.it\/wp-content\/uploads\/media\/assets\/LASTRA_RESPHIRA.jpg","brand":{"@type":"Brand","name":"Fassa Bortolo"},"manufacturer":{"@type":"Organization","name":"Fassa Bortolo","url":"https:\/\/www.fassabortolo.it"},"additionalProperty":[{"@type":"PropertyValue","name":"Use Case 1","value":"Aufgrund der ausgezeichneten Eigenschaften im Bereich Diffusionsoffenheit, W\u00e4rmed\u00e4mmung und Widerstandsf\u00e4higkeit ist die Platte EPS RESPHIRA ideal geeignet f\u00fcr die Anfertigung einer Au\u00dfend\u00e4mmung mit einem verst\u00e4rkten WDVS, und dies mit hoher Energieeinsparung, mit Raumbehaglichkeit und Langzeitbest\u00e4ndigkeit. &nbsp; Die Plattendicke wird je nach der gew\u00fcnschten W\u00e4rmed\u00e4mmung bestimmt, jedoch immer unter Ber\u00fccksichtigung der jeweils geltenden Bestimmungen am Verwendungsort."},{"@type":"PropertyValue","name":"Supply Information","value":"Die D\u00e4mmplatten werden in UV-best\u00e4ndigen Polyethylenverpackungen ausgeliefert."},{"@type":"PropertyValue","name":"Attributes_2","value":"Au\u00dfenbereich"}],"category":[{"@type":"ProductCollection","name":"D\u00c4MMPLATTEN","identifier":"FASSA_LINEA_PANNELLI_ISOLANTI_SISTEMA_ISOLAMENTO"},{"@type":"Collection","name":"W\u00c4RMED\u00c4MMVERBUNDSYSTEM FASSATHERM\u00ae","identifier":"FASSA_SISTEMA_ISOLAMENTO_TERMICO_FASSATHERM"}],"inLanguage":"de"},"_links":{"self":[{"href":"https:\/\/www.fassabortolo.it\/de\/wp-json\/wp\/v2\/product\/3497646","targetHints":{"allow":["GET"]}}],"collection":[{"href":"https:\/\/www.fassabortolo.it\/de\/wp-json\/wp\/v2\/product"}],"about":[{"href":"https:\/\/www.fassabortolo.it\/de\/wp-json\/wp\/v2\/types\/product"}],"wp:attachment":[{"href":"https:\/\/www.fassabortolo.it\/de\/wp-json\/wp\/v2\/media?parent=3497646"}],"curies":[{"name":"wp","href":"https:\/\/api.w.org\/{rel}","templated":true}]}}