{"id":3497647,"date":"2026-01-20T15:01:47","date_gmt":"2026-01-20T14:01:47","guid":{"rendered":"http:\/\/10.6.201.155\/?post_type=product&#038;p=50511"},"modified":"2026-05-15T01:13:28","modified_gmt":"2026-05-14T23:13:28","slug":"fassacem","status":"publish","type":"product","link":"https:\/\/www.fassabortolo.it\/de\/produkte\/verlegesystem-fur-boden-und-wandbelage\/fassafloor-verlegegrunde\/fassacem","title":{"rendered":"FASSACEM"},"content":{"rendered":"","protected":false},"featured_media":0,"template":"","class_list":["post-3497647","product","type-product","status-publish","hentry"],"acf":[],"fimg":{"url":"https:\/\/www.fassabortolo.it\/wp-content\/uploads\/media\/assets\/FASSACEM.jpg","alt":"FASSACEM"},"product_description":["Zement\u00e4res Bindemittel f\u00fcr schnelltrocknende Estriche, f\u00fcr den Fu\u00dfbodenaufbau im Innen- und Au\u00dfenbereich"],"ekr_hierarchy_settings":{"it":{"FASSA_LINEA_FASSAFLOOR_FONDI_DI_POSA_SISTEMA_POSA":{"ekr_position":12}},"lu":{"FASSA_LINEA_FASSAFLOOR_FONDI_DI_POSA_SISTEMA_POSA":{"ekr_position":26}}},"lang":{"language_code":"de","locale":"de_DE","text_direction":false,"display_name":"Deutsch","native_name":"Tedesco","different_language":false},"systems":[{"id":3497517,"name":"VERLEGESYSTEM F\u00dcR BODEN- UND WANDBEL\u00c4GE","permalink":"https:\/\/www.fassabortolo.it\/de\/produkte\/verlegesystem-fur-boden-und-wandbelage\/","slug":"verlegesystem-fur-boden-und-wandbelage","ekr_pallet_code":"FASSA_SISTEMA_POSA_PAVIMENTI_E_RIVESTIMENTI"}],"product_pallet_code":"PROD_FASSACEM","lines":[{"id":3497462,"name":"FASSAFLOOR &#8211; VERLEGEGR\u00dcNDE","permalink":"https:\/\/www.fassabortolo.it\/de\/produkte\/\/fassafloor-verlegegrunde\/","slug":"fassafloor-verlegegrunde","system_codes":["FASSA_SISTEMA_POSA_PAVIMENTI_E_RIVESTIMENTI"],"ekr_pallet_code":"FASSA_LINEA_FASSAFLOOR_FONDI_DI_POSA_SISTEMA_POSA"}],"use":["FASSACEM ist ein Bindemittel, das durch die Zugabe von Sand mit passender Korngr\u00f6\u00dfe und Wasser es erm\u00f6glicht, einen Estrich von halbfeuchter Konsistenz erhalten, der als Lastenverteilungsschicht in Innen- und Au\u00dfenr\u00e4umen f\u00fcr die nachfolgende Verlegung von Bodenbel\u00e4gen aus Holz, aus elastischen Materialien (Linoleum, PVC, Teppichb\u00f6den, LVT, Gummi usw.), aus Steinmaterialien, aus Keramikfliesen und Harzbeschichtungen verwendet werden kann.","Insbesondere geeignet zur Anfertigung eines Estrichs, der sich durch verminderte Trocknungszeiten auszeichnet, wobei aber gleichzeitig eine Verarbeitbarkeit \u00e4hnlich jener beibehalten wird, die mit einem traditionellen Estrich erzielt wird.","Die Trocknungszeiten des Estrichs h\u00e4ngen von der Dosierung von FASSACEM ab; so kann beispielsweise ein mit FASSACEM angefertigter Estrich mit einer Dosierung von 250 kg\/m\u00b3 mit 1.800 kg\/m\u00b3 getrocknetem und ausgesuchtem 0-8 mm F\u00fcllstoff, schon nach 12 Stunden begehbar sein. &nbsp; Das Verlegen von Keramikbel\u00e4gen oder jedenfalls von solchen, die nicht feuchtempfindlich sind, kann schon nach 24 Stunden, w\u00e4hrend das Verlegen von Teppichb\u00f6den oder von feuchtempfindlichen Bel\u00e4gen nach etwa 4 Tagen erfolgen kann. &nbsp; Was jedoch die mechanischen Festigkeiten betrifft, so verweist man auf die Angaben in den Tabellen der Technischen Daten.","FASSACEM kann auch als Bindemittel zur Anfertigung von Estrichen verwendet werden, die ohne weitere Zuschlagstoffe auf Fu\u00dfbodenheizungen oder -k\u00fchlungen zum Einsatz kommen."],"supply":["In feuchtigkeitsgesch\u00fctzten Spezials\u00e4cken zu 25 kg."],"attributes":{"Attributes_1":{"TRADITIONELLE ESTRICHE":"Traditionelle Estriche"},"Attributes_2":{"AUSSENBEREICH":"Au\u00dfenbereich","INNENBEREICH":"Innenbereich"}},"___attributes":{"FASSA":{"FASSA_SISTEMA_POSA_PAVIMENTI_E_RIVESTIMENTI":{"Attributes_1":["Traditionelle Estriche"],"Attributes_2":["Au\u00dfenbereich","Innenbereich"]}}},"elastic_market_index":"it","structured_data":{"@context":"https:\/\/schema.org","@type":"Product","name":"FASSACEM","description":["Zement\u00e4res Bindemittel f\u00fcr schnelltrocknende Estriche, f\u00fcr den Fu\u00dfbodenaufbau im Innen- und Au\u00dfenbereich"],"url":"https:\/\/www.fassabortolo.it\/de\/produkte\/verlegesystem-fur-boden-und-wandbelage\/fassafloor-verlegegrunde\/fassacem","identifier":"PROD_FASSACEM","sku":"PROD_FASSACEM","image":"https:\/\/www.fassabortolo.it\/wp-content\/uploads\/media\/assets\/FASSACEM.jpg","brand":{"@type":"Brand","name":"Fassa Bortolo"},"manufacturer":{"@type":"Organization","name":"Fassa Bortolo","url":"https:\/\/www.fassabortolo.it"},"additionalProperty":[{"@type":"PropertyValue","name":"Use Case 1","value":"FASSACEM ist ein Bindemittel, das durch die Zugabe von Sand mit passender Korngr\u00f6\u00dfe und Wasser es erm\u00f6glicht, einen Estrich von halbfeuchter Konsistenz erhalten, der als Lastenverteilungsschicht in Innen- und Au\u00dfenr\u00e4umen f\u00fcr die nachfolgende Verlegung von Bodenbel\u00e4gen aus Holz, aus elastischen Materialien (Linoleum, PVC, Teppichb\u00f6den, LVT, Gummi usw.), aus Steinmaterialien, aus Keramikfliesen und Harzbeschichtungen verwendet werden kann."},{"@type":"PropertyValue","name":"Use Case 2","value":"Insbesondere geeignet zur Anfertigung eines Estrichs, der sich durch verminderte Trocknungszeiten auszeichnet, wobei aber gleichzeitig eine Verarbeitbarkeit \u00e4hnlich jener beibehalten wird, die mit einem traditionellen Estrich erzielt wird."},{"@type":"PropertyValue","name":"Use Case 3","value":"Die Trocknungszeiten des Estrichs h\u00e4ngen von der Dosierung von FASSACEM ab; so kann beispielsweise ein mit FASSACEM angefertigter Estrich mit einer Dosierung von 250 kg\/m\u00b3 mit 1.800 kg\/m\u00b3 getrocknetem und ausgesuchtem 0-8 mm F\u00fcllstoff, schon nach 12 Stunden begehbar sein. &nbsp; Das Verlegen von Keramikbel\u00e4gen oder jedenfalls von solchen, die nicht feuchtempfindlich sind, kann schon nach 24 Stunden, w\u00e4hrend das Verlegen von Teppichb\u00f6den oder von feuchtempfindlichen Bel\u00e4gen nach etwa 4 Tagen erfolgen kann. &nbsp; Was jedoch die mechanischen Festigkeiten betrifft, so verweist man auf die Angaben in den Tabellen der Technischen Daten."},{"@type":"PropertyValue","name":"Use Case 4","value":"FASSACEM kann auch als Bindemittel zur Anfertigung von Estrichen verwendet werden, die ohne weitere Zuschlagstoffe auf Fu\u00dfbodenheizungen oder -k\u00fchlungen zum Einsatz kommen."},{"@type":"PropertyValue","name":"Supply Information","value":"In feuchtigkeitsgesch\u00fctzten Spezials\u00e4cken zu 25 kg."},{"@type":"PropertyValue","name":"Attributes_1","value":"Traditionelle Estriche"},{"@type":"PropertyValue","name":"Attributes_2","value":"Au\u00dfenbereich"},{"@type":"PropertyValue","name":"Attributes_2","value":"Innenbereich"}],"category":[{"@type":"ProductCollection","name":"FASSAFLOOR &#8211; VERLEGEGR\u00dcNDE","identifier":"FASSA_LINEA_FASSAFLOOR_FONDI_DI_POSA_SISTEMA_POSA"},{"@type":"Collection","name":"VERLEGESYSTEM F\u00dcR BODEN- UND WANDBEL\u00c4GE","identifier":"FASSA_SISTEMA_POSA_PAVIMENTI_E_RIVESTIMENTI"}],"inLanguage":"de"},"_links":{"self":[{"href":"https:\/\/www.fassabortolo.it\/de\/wp-json\/wp\/v2\/product\/3497647","targetHints":{"allow":["GET"]}}],"collection":[{"href":"https:\/\/www.fassabortolo.it\/de\/wp-json\/wp\/v2\/product"}],"about":[{"href":"https:\/\/www.fassabortolo.it\/de\/wp-json\/wp\/v2\/types\/product"}],"wp:attachment":[{"href":"https:\/\/www.fassabortolo.it\/de\/wp-json\/wp\/v2\/media?parent=3497647"}],"curies":[{"name":"wp","href":"https:\/\/api.w.org\/{rel}","templated":true}]}}