{"id":3497653,"date":"2026-01-20T15:02:09","date_gmt":"2026-01-20T14:02:09","guid":{"rendered":"http:\/\/10.6.201.155\/?post_type=product&#038;p=50535"},"modified":"2026-05-15T01:11:02","modified_gmt":"2026-05-14T23:11:02","slug":"eliwall-link","status":"publish","type":"product","link":"https:\/\/www.fassabortolo.it\/de\/produkte\/konsolidierungs-und-strukturverstarkungssystem\/spiralstabe\/eliwall-link","title":{"rendered":"ELIWALL LINK"},"content":{"rendered":"","protected":false},"featured_media":0,"template":"","class_list":["post-3497653","product","type-product","status-publish","hentry"],"acf":[],"fimg":{"url":"https:\/\/www.fassabortolo.it\/wp-content\/uploads\/media\/assets\/ELIWALL_LINK.jpg","alt":"ELIWALL LINK"},"product_description":["Verbinder aus rostfreiem Stahl AISI 304, zur T-Verbindung zwischen den in die M\u00f6rtelbettfugen eingef\u00fcgten Spiralankern FASSA ELIWALL zu 6 mm Nenndurchmesser und den trocken eingebauten Ankerst\u00e4ben zu 10 mm Nenndurchmesser"],"ekr_hierarchy_settings":{"it":{"FASSA_LINEA_BARRE_ELICOIDALI_SISTEMA_CONSOLIDAMENTO":{"ekr_position":1}},"ch":{"FASSA_LINEA_BARRE_ELICOIDALI_SISTEMA_CONSOLIDAMENTO":{"ekr_position":2}},"lu":{"FASSA_LINEA_BARRE_ELICOIDALI_SISTEMA_CONSOLIDAMENTO":{"ekr_position":2}}},"lang":{"language_code":"de","locale":"de_DE","text_direction":false,"display_name":"Deutsch","native_name":"Tedesco","different_language":false},"systems":[{"id":3497508,"name":"KONSOLIDIERUNGS- UND STRUKTURVERST\u00c4RKUNGSSYSTEM","permalink":"https:\/\/www.fassabortolo.it\/de\/produkte\/konsolidierungs-und-strukturverstarkungssystem\/","slug":"konsolidierungs-und-strukturverstarkungssystem","ekr_pallet_code":"FASSA_SISTEMA_CONSOLIDAMENTO_E_RINFORZO_STRUTTURALE"}],"product_pallet_code":"PROD_ELIWALL_LINK","lines":[{"id":3497448,"name":"SPIRALST\u00c4BE","permalink":"https:\/\/www.fassabortolo.it\/de\/produkte\/\/spiralstabe\/","slug":"spiralstabe","system_codes":["FASSA_SISTEMA_CONSOLIDAMENTO_E_RINFORZO_STRUTTURALE"],"ekr_pallet_code":"FASSA_LINEA_BARRE_ELICOIDALI_SISTEMA_CONSOLIDAMENTO"}],"use":["ELIWALL LINK wird verwendet, um die in die Lagerfugen eingebauten Spiralanker aus rostfreiem Stahl FASSA ELIWALL zu 6 mm Nenndurchmesser mit den trocken eingebauten Ankerst\u00e4ben FASSA ELIWALL zu 10 mm Nenndurchmesser zu verbinden. &nbsp; Es werden somit folgende Eingriffe erm\u00f6glicht:","Verbindung der zur Mauerwerksbewehrung verwendeten Ankerst\u00e4be mit den zur Vernadelung von Vormauerwerken verwendeten Ankerst\u00e4be","Verbindung der zur Mauerwerksbewehrung verwendeten Ankerst\u00e4be mit den Querw\u00e4nden, um den Schachtel-Effekt des Geb\u00e4udes zu unterst\u00fctzen","Verbindung der zur Mauerwerksbewehrung verwendeten Ankerst\u00e4be mit den gegen\u00fcberliegenden Mauerwerksteilen"],"supply":["Abpackung zu jeweils 50 St\u00fcck"],"attributes":{"Attributes_1":{"BAUEINGRIFFE MIT SPIRALST\u00c4BEN":"Baueingriffe mit Spiralst\u00e4ben"},"Attributes_2":{"AUSSENBEREICH":"Au\u00dfenbereich","INNENBEREICH":"Innenbereich"}},"___attributes":{"FASSA":{"FASSA_SISTEMA_CONSOLIDAMENTO_E_RINFORZO_STRUTTURALE":{"Attributes_1":["Baueingriffe mit Spiralst\u00e4ben"],"Attributes_2":["Au\u00dfenbereich","Innenbereich"]}}},"elastic_market_index":"it","structured_data":{"@context":"https:\/\/schema.org","@type":"Product","name":"ELIWALL LINK","description":["Verbinder aus rostfreiem Stahl AISI 304, zur T-Verbindung zwischen den in die M\u00f6rtelbettfugen eingef\u00fcgten Spiralankern FASSA ELIWALL zu 6 mm Nenndurchmesser und den trocken eingebauten Ankerst\u00e4ben zu 10 mm Nenndurchmesser"],"url":"https:\/\/www.fassabortolo.it\/de\/produkte\/konsolidierungs-und-strukturverstarkungssystem\/spiralstabe\/eliwall-link","identifier":"PROD_ELIWALL_LINK","sku":"PROD_ELIWALL_LINK","image":"https:\/\/www.fassabortolo.it\/wp-content\/uploads\/media\/assets\/ELIWALL_LINK.jpg","brand":{"@type":"Brand","name":"Fassa Bortolo"},"manufacturer":{"@type":"Organization","name":"Fassa Bortolo","url":"https:\/\/www.fassabortolo.it"},"additionalProperty":[{"@type":"PropertyValue","name":"Use Case 1","value":"ELIWALL LINK wird verwendet, um die in die Lagerfugen eingebauten Spiralanker aus rostfreiem Stahl FASSA ELIWALL zu 6 mm Nenndurchmesser mit den trocken eingebauten Ankerst\u00e4ben FASSA ELIWALL zu 10 mm Nenndurchmesser zu verbinden. &nbsp; Es werden somit folgende Eingriffe erm\u00f6glicht:"},{"@type":"PropertyValue","name":"Use Case 2","value":"Verbindung der zur Mauerwerksbewehrung verwendeten Ankerst\u00e4be mit den zur Vernadelung von Vormauerwerken verwendeten Ankerst\u00e4be"},{"@type":"PropertyValue","name":"Use Case 3","value":"Verbindung der zur Mauerwerksbewehrung verwendeten Ankerst\u00e4be mit den Querw\u00e4nden, um den Schachtel-Effekt des Geb\u00e4udes zu unterst\u00fctzen"},{"@type":"PropertyValue","name":"Use Case 4","value":"Verbindung der zur Mauerwerksbewehrung verwendeten Ankerst\u00e4be mit den gegen\u00fcberliegenden Mauerwerksteilen"},{"@type":"PropertyValue","name":"Supply Information","value":"Abpackung zu jeweils 50 St\u00fcck"},{"@type":"PropertyValue","name":"Attributes_1","value":"Baueingriffe mit Spiralst\u00e4ben"},{"@type":"PropertyValue","name":"Attributes_2","value":"Au\u00dfenbereich"},{"@type":"PropertyValue","name":"Attributes_2","value":"Innenbereich"}],"category":[{"@type":"ProductCollection","name":"SPIRALST\u00c4BE","identifier":"FASSA_LINEA_BARRE_ELICOIDALI_SISTEMA_CONSOLIDAMENTO"},{"@type":"Collection","name":"KONSOLIDIERUNGS- UND STRUKTURVERST\u00c4RKUNGSSYSTEM","identifier":"FASSA_SISTEMA_CONSOLIDAMENTO_E_RINFORZO_STRUTTURALE"}],"inLanguage":"de"},"_links":{"self":[{"href":"https:\/\/www.fassabortolo.it\/de\/wp-json\/wp\/v2\/product\/3497653","targetHints":{"allow":["GET"]}}],"collection":[{"href":"https:\/\/www.fassabortolo.it\/de\/wp-json\/wp\/v2\/product"}],"about":[{"href":"https:\/\/www.fassabortolo.it\/de\/wp-json\/wp\/v2\/types\/product"}],"wp:attachment":[{"href":"https:\/\/www.fassabortolo.it\/de\/wp-json\/wp\/v2\/media?parent=3497653"}],"curies":[{"name":"wp","href":"https:\/\/api.w.org\/{rel}","templated":true}]}}