{"id":3497654,"date":"2026-01-20T15:01:57","date_gmt":"2026-01-20T14:01:57","guid":{"rendered":"http:\/\/10.6.201.155\/?post_type=product&#038;p=50538"},"modified":"2026-05-15T01:12:56","modified_gmt":"2026-05-14T23:12:56","slug":"e-439","status":"publish","type":"product","link":"https:\/\/www.fassabortolo.it\/de\/produkte\/verlegesystem-fur-boden-und-wandbelage\/fassafloor-verlegegrunde\/e-439","title":{"rendered":"E 439"},"content":{"rendered":"","protected":false},"featured_media":0,"template":"","class_list":["post-3497654","product","type-product","status-publish","hentry"],"acf":[],"fimg":{"url":"https:\/\/www.fassabortolo.it\/wp-content\/uploads\/media\/assets\/E439.jpg","alt":"E 439"},"product_description":["Flie\u00dfestrich auf Anhydritbasis f\u00fcr belegreife Innenb\u00f6den"],"ekr_hierarchy_settings":{"it":{"FASSA_LINEA_FASSAFLOOR_FONDI_DI_POSA_SISTEMA_POSA":{"ekr_position":5}},"lu":{"FASSA_LINEA_FASSAFLOOR_FONDI_DI_POSA_SISTEMA_POSA":{"ekr_position":27}}},"lang":{"language_code":"de","locale":"de_DE","text_direction":false,"display_name":"Deutsch","native_name":"Tedesco","different_language":false},"systems":[{"id":3497517,"name":"VERLEGESYSTEM F\u00dcR BODEN- UND WANDBEL\u00c4GE","permalink":"https:\/\/www.fassabortolo.it\/de\/produkte\/verlegesystem-fur-boden-und-wandbelage\/","slug":"verlegesystem-fur-boden-und-wandbelage","ekr_pallet_code":"FASSA_SISTEMA_POSA_PAVIMENTI_E_RIVESTIMENTI"}],"product_pallet_code":"PROD_E_439","lines":[{"id":3497462,"name":"FASSAFLOOR &#8211; VERLEGEGR\u00dcNDE","permalink":"https:\/\/www.fassabortolo.it\/de\/produkte\/\/fassafloor-verlegegrunde\/","slug":"fassafloor-verlegegrunde","system_codes":["FASSA_SISTEMA_POSA_PAVIMENTI_E_RIVESTIMENTI"],"ekr_pallet_code":"FASSA_LINEA_FASSAFLOOR_FONDI_DI_POSA_SISTEMA_POSA"}],"use":["E 439 kann, dank seiner besonderen Formulierung, zur Anfertiung von Estrichen in Innenr\u00e4umen in Funktion einer Lastenverteilungsschicht verwendet werden, zur Verlegung von Bodenbel\u00e4gen aus Holz, aus elastischen Materialien (Linoleum, PVC, Teppichb\u00f6den, LVT, Gummi usw.) und f\u00fcr Keramikfliesen. &nbsp; Dank hoher mechanischer Leistungseigenschaften eignet sich E 439 f\u00fcr verschiedene Gebrauchsbestimmungen, so f\u00fcr Wohnzwecke und \u00f6ffentliche Bauten, f\u00fcr B\u00fcros und Gewerbeaktivit\u00e4ten.","Besonders geeignet zur Anfertigung von Gro\u00dffl\u00e4chen aufgrund der hohen Formbest\u00e4ndigkeit, sowie zur Anwendung auf Heinzanlagen dank geringer W\u00e4rmetr\u00e4gheit.","E 439 bedarf keines Metallgitters.","Den Anleitungen der wichtigsten technischen Verlegebestimmungen folgen (UNI 11493-1, UNI 11371, UNI 11515-1, UNI 10966 usw.).","Geeignet f\u00fcr die Verlegung harzhaltiger Bel\u00e4ge (den Technischen Servicedienst von Fassa konsultieren)."],"supply":["Lose im Silo","In feuchtigkeitsgesch\u00fctzten Spezials\u00e4cken zu ca. 25 kg","Je nach Bestimmungsland k\u00f6nnten einige Verkaufsformate nicht erh\u00e4ltlich sein"],"attributes":{"Attributes_1":{"FLIESSESTRICHE":"Fliessestriche"},"Attributes_2":{"INNENBEREICH":"Innenbereich"}},"___attributes":{"FASSA":{"FASSA_SISTEMA_POSA_PAVIMENTI_E_RIVESTIMENTI":{"Attributes_1":["Fliessestriche"],"Attributes_2":["Innenbereich"]}}},"elastic_market_index":"it","structured_data":{"@context":"https:\/\/schema.org","@type":"Product","name":"E 439","description":["Flie\u00dfestrich auf Anhydritbasis f\u00fcr belegreife Innenb\u00f6den"],"url":"https:\/\/www.fassabortolo.it\/de\/produkte\/verlegesystem-fur-boden-und-wandbelage\/fassafloor-verlegegrunde\/e-439","identifier":"PROD_E_439","sku":"PROD_E_439","image":"https:\/\/www.fassabortolo.it\/wp-content\/uploads\/media\/assets\/E439.jpg","brand":{"@type":"Brand","name":"Fassa Bortolo"},"manufacturer":{"@type":"Organization","name":"Fassa Bortolo","url":"https:\/\/www.fassabortolo.it"},"additionalProperty":[{"@type":"PropertyValue","name":"Use Case 1","value":"E 439 kann, dank seiner besonderen Formulierung, zur Anfertiung von Estrichen in Innenr\u00e4umen in Funktion einer Lastenverteilungsschicht verwendet werden, zur Verlegung von Bodenbel\u00e4gen aus Holz, aus elastischen Materialien (Linoleum, PVC, Teppichb\u00f6den, LVT, Gummi usw.) und f\u00fcr Keramikfliesen. &nbsp; Dank hoher mechanischer Leistungseigenschaften eignet sich E 439 f\u00fcr verschiedene Gebrauchsbestimmungen, so f\u00fcr Wohnzwecke und \u00f6ffentliche Bauten, f\u00fcr B\u00fcros und Gewerbeaktivit\u00e4ten."},{"@type":"PropertyValue","name":"Use Case 2","value":"Besonders geeignet zur Anfertigung von Gro\u00dffl\u00e4chen aufgrund der hohen Formbest\u00e4ndigkeit, sowie zur Anwendung auf Heinzanlagen dank geringer W\u00e4rmetr\u00e4gheit."},{"@type":"PropertyValue","name":"Use Case 3","value":"E 439 bedarf keines Metallgitters."},{"@type":"PropertyValue","name":"Use Case 4","value":"Den Anleitungen der wichtigsten technischen Verlegebestimmungen folgen (UNI 11493-1, UNI 11371, UNI 11515-1, UNI 10966 usw.)."},{"@type":"PropertyValue","name":"Use Case 5","value":"Geeignet f\u00fcr die Verlegung harzhaltiger Bel\u00e4ge (den Technischen Servicedienst von Fassa konsultieren)."},{"@type":"PropertyValue","name":"Supply Information","value":"Lose im Silo"},{"@type":"PropertyValue","name":"Supply Information","value":"In feuchtigkeitsgesch\u00fctzten Spezials\u00e4cken zu ca. 25 kg"},{"@type":"PropertyValue","name":"Supply Information","value":"Je nach Bestimmungsland k\u00f6nnten einige Verkaufsformate nicht erh\u00e4ltlich sein"},{"@type":"PropertyValue","name":"Attributes_1","value":"Fliessestriche"},{"@type":"PropertyValue","name":"Attributes_2","value":"Innenbereich"}],"category":[{"@type":"ProductCollection","name":"FASSAFLOOR &#8211; VERLEGEGR\u00dcNDE","identifier":"FASSA_LINEA_FASSAFLOOR_FONDI_DI_POSA_SISTEMA_POSA"},{"@type":"Collection","name":"VERLEGESYSTEM F\u00dcR BODEN- UND WANDBEL\u00c4GE","identifier":"FASSA_SISTEMA_POSA_PAVIMENTI_E_RIVESTIMENTI"}],"inLanguage":"de"},"_links":{"self":[{"href":"https:\/\/www.fassabortolo.it\/de\/wp-json\/wp\/v2\/product\/3497654","targetHints":{"allow":["GET"]}}],"collection":[{"href":"https:\/\/www.fassabortolo.it\/de\/wp-json\/wp\/v2\/product"}],"about":[{"href":"https:\/\/www.fassabortolo.it\/de\/wp-json\/wp\/v2\/types\/product"}],"wp:attachment":[{"href":"https:\/\/www.fassabortolo.it\/de\/wp-json\/wp\/v2\/media?parent=3497654"}],"curies":[{"name":"wp","href":"https:\/\/api.w.org\/{rel}","templated":true}]}}