{"id":3497678,"date":"2026-01-20T15:02:43","date_gmt":"2026-01-20T14:02:43","guid":{"rendered":"http:\/\/10.6.201.155\/?post_type=product&#038;p=50636"},"modified":"2026-05-15T01:15:08","modified_gmt":"2026-05-14T23:15:08","slug":"fassafill-epoxy-cleaner","status":"publish","type":"product","link":"https:\/\/www.fassabortolo.it\/de\/produkte\/verlegesystem-fur-boden-und-wandbelage\/fassafill-fugenversiegler\/fassafill-epoxy-cleaner","title":{"rendered":"FASSAFILL EPOXY CLEANER"},"content":{"rendered":"","protected":false},"featured_media":0,"template":"","class_list":["post-3497678","product","type-product","status-publish","hentry"],"acf":[],"fimg":{"url":"https:\/\/www.fassabortolo.it\/wp-content\/uploads\/media\/assets\/FASSAFILL_EPOXY_CLEANER.jpg","alt":"FASSAFILL EPOXY CLEANER"},"product_description":["Reinigungsmittel zur Entfernung von Schleiern und Epoxydspachtelresten."],"ekr_hierarchy_settings":{"it":{"FASSA_LINEA_FASSAFILL_SIGILLANTI_PER_FUGHE_SISTEMA_POSA":{"ekr_position":9}},"es":{"FASSAES_LINEA_FASSAFILL_SIGILLANTI_PER_FUGHE_SISTEMA_POSA":{"ekr_position":9}},"lu":{"FASSA_LINEA_FASSAFILL_SIGILLANTI_PER_FUGHE_SISTEMA_POSA":{"ekr_position":21}}},"lang":{"language_code":"de","locale":"de_DE","text_direction":false,"display_name":"Deutsch","native_name":"Tedesco","different_language":false},"systems":[{"id":3497517,"name":"VERLEGESYSTEM F\u00dcR BODEN- UND WANDBEL\u00c4GE","permalink":"https:\/\/www.fassabortolo.it\/de\/produkte\/verlegesystem-fur-boden-und-wandbelage\/","slug":"verlegesystem-fur-boden-und-wandbelage","ekr_pallet_code":"FASSA_SISTEMA_POSA_PAVIMENTI_E_RIVESTIMENTI"}],"product_pallet_code":"PROD_FASSAFILL_EPOXY_CLEANER","lines":[{"id":3497451,"name":"FASSAFILL &#8211; FUGENVERSIEGLER","permalink":"https:\/\/www.fassabortolo.it\/de\/produkte\/\/fassafill-fugenversiegler\/","slug":"fassafill-fugenversiegler","system_codes":["FASSA_SISTEMA_POSA_PAVIMENTI_E_RIVESTIMENTI"],"ekr_pallet_code":"FASSA_LINEA_FASSAFILL_SIGILLANTI_PER_FUGHE_SISTEMA_POSA"}],"use":["FASSAFILL EPOXY CLEANER ist ein Reinigungsmittel, um Keramikbelagfl\u00e4chen wie Steinzeug, Feinsteinzeug und Glasmosaik zu reinigen, sowie um selbige von Schleiern oder Epoxydfugenresten zu befreien."],"supply":["Flasche zu 1 l"],"attributes":{"Attributes_1":{"KOMPLEMENT\u00c4RE PRODUKTE":"Komplement\u00e4re Produkte"},"Attributes_2":{"AUSSENBEREICH":"Au\u00dfenbereich","INNENBEREICH":"Innenbereich"}},"___attributes":{"FASSAES":{"FASSA_SISTEMA_POSA_PAVIMENTI_E_RIVESTIMENTI":{"Attributes_1":["Komplement\u00e4re Produkte"],"Attributes_2":["Au\u00dfenbereich","Innenbereich"]}},"FASSA":{"FASSA_SISTEMA_POSA_PAVIMENTI_E_RIVESTIMENTI":{"Attributes_1":["Komplement\u00e4re Produkte"],"Attributes_2":["Au\u00dfenbereich","Innenbereich"]}}},"elastic_market_index":"it","structured_data":{"@context":"https:\/\/schema.org","@type":"Product","name":"FASSAFILL EPOXY CLEANER","description":["Reinigungsmittel zur Entfernung von Schleiern und Epoxydspachtelresten."],"url":"https:\/\/www.fassabortolo.it\/de\/produkte\/verlegesystem-fur-boden-und-wandbelage\/fassafill-fugenversiegler\/fassafill-epoxy-cleaner","identifier":"PROD_FASSAFILL_EPOXY_CLEANER","sku":"PROD_FASSAFILL_EPOXY_CLEANER","image":"https:\/\/www.fassabortolo.it\/wp-content\/uploads\/media\/assets\/FASSAFILL_EPOXY_CLEANER.jpg","brand":{"@type":"Brand","name":"Fassa Bortolo"},"manufacturer":{"@type":"Organization","name":"Fassa Bortolo","url":"https:\/\/www.fassabortolo.it"},"additionalProperty":[{"@type":"PropertyValue","name":"Use Case 1","value":"FASSAFILL EPOXY CLEANER ist ein Reinigungsmittel, um Keramikbelagfl\u00e4chen wie Steinzeug, Feinsteinzeug und Glasmosaik zu reinigen, sowie um selbige von Schleiern oder Epoxydfugenresten zu befreien."},{"@type":"PropertyValue","name":"Supply Information","value":"Flasche zu 1 l"},{"@type":"PropertyValue","name":"Attributes_1","value":"Komplement\u00e4re Produkte"},{"@type":"PropertyValue","name":"Attributes_2","value":"Au\u00dfenbereich"},{"@type":"PropertyValue","name":"Attributes_2","value":"Innenbereich"}],"category":[{"@type":"ProductCollection","name":"FASSAFILL &#8211; FUGENVERSIEGLER","identifier":"FASSA_LINEA_FASSAFILL_SIGILLANTI_PER_FUGHE_SISTEMA_POSA"},{"@type":"Collection","name":"VERLEGESYSTEM F\u00dcR BODEN- UND WANDBEL\u00c4GE","identifier":"FASSA_SISTEMA_POSA_PAVIMENTI_E_RIVESTIMENTI"}],"inLanguage":"de"},"_links":{"self":[{"href":"https:\/\/www.fassabortolo.it\/de\/wp-json\/wp\/v2\/product\/3497678","targetHints":{"allow":["GET"]}}],"collection":[{"href":"https:\/\/www.fassabortolo.it\/de\/wp-json\/wp\/v2\/product"}],"about":[{"href":"https:\/\/www.fassabortolo.it\/de\/wp-json\/wp\/v2\/types\/product"}],"wp:attachment":[{"href":"https:\/\/www.fassabortolo.it\/de\/wp-json\/wp\/v2\/media?parent=3497678"}],"curies":[{"name":"wp","href":"https:\/\/api.w.org\/{rel}","templated":true}]}}