{"id":3497682,"date":"2026-01-20T15:02:46","date_gmt":"2026-01-20T14:02:46","guid":{"rendered":"http:\/\/10.6.201.155\/?post_type=product&#038;p=50650"},"modified":"2026-05-15T01:15:26","modified_gmt":"2026-05-14T23:15:26","slug":"fassafill-epoxy","status":"publish","type":"product","link":"https:\/\/www.fassabortolo.it\/de\/produkte\/verlegesystem-fur-boden-und-wandbelage\/fassafill-fugenversiegler\/fassafill-epoxy","title":{"rendered":"FASSAFILL EPOXY"},"content":{"rendered":"","protected":false},"featured_media":0,"template":"","class_list":["post-3497682","product","type-product","status-publish","hentry"],"acf":[],"fimg":{"url":"https:\/\/www.fassabortolo.it\/wp-content\/uploads\/media\/assets\/FASSAFILL_EPOXY_COMPA_B.jpg","alt":"FASSAFILL EPOXY"},"product_description":["Dekorativer Versiegler und s\u00e4urebest\u00e4ndiger farbiger Zweikomponenten-Epoxydklebstoff, f\u00fcr Fugen von 1 bis 10 mm"],"ekr_hierarchy_settings":{"it":{"FASSA_LINEA_FASSAFILL_SIGILLANTI_PER_FUGHE_SISTEMA_POSA":{"ekr_position":4}},"es":{"FASSAES_LINEA_FASSAFILL_SIGILLANTI_PER_FUGHE_SISTEMA_POSA":{"ekr_position":0}},"lu":{"FASSA_LINEA_FASSAFILL_SIGILLANTI_PER_FUGHE_SISTEMA_POSA":{"ekr_position":22}}},"lang":{"language_code":"de","locale":"de_DE","text_direction":false,"display_name":"Deutsch","native_name":"Tedesco","different_language":false},"systems":[{"id":3497517,"name":"VERLEGESYSTEM F\u00dcR BODEN- UND WANDBEL\u00c4GE","permalink":"https:\/\/www.fassabortolo.it\/de\/produkte\/verlegesystem-fur-boden-und-wandbelage\/","slug":"verlegesystem-fur-boden-und-wandbelage","ekr_pallet_code":"FASSA_SISTEMA_POSA_PAVIMENTI_E_RIVESTIMENTI"}],"product_pallet_code":"PROD_FASSAFILL_EPOXY","lines":[{"id":3497451,"name":"FASSAFILL &#8211; FUGENVERSIEGLER","permalink":"https:\/\/www.fassabortolo.it\/de\/produkte\/\/fassafill-fugenversiegler\/","slug":"fassafill-fugenversiegler","system_codes":["FASSA_SISTEMA_POSA_PAVIMENTI_E_RIVESTIMENTI"],"ekr_pallet_code":"FASSA_LINEA_FASSAFILL_SIGILLANTI_PER_FUGHE_SISTEMA_POSA"}],"use":["FASSAFILL EPOXY entspricht den Anforderungen der Norm EN 13888 als reaktiver Fugenm\u00f6rtel (Klasse RG) und wird im Innen- und Au\u00dfenbereich zur Versiegelung von Boden- und Wandbel\u00e4gen aus Keramik (auch d\u00fcnnschichtige Platten und\/oder Gro\u00dfformate) und Glasmosaik verwendet, wo ein hohes Ma\u00df an \u00c4sthetik und ein hoher Hygienegrad erforderlich sind, in Umgebungen mit wohnbaulicher, gewerblicher und industrieller Nutzung.","FASSAFILL EPOXY ist als Klebstoff mit verbesserter Reaktionsf\u00e4higkeit (Klasse R2) gem\u00e4\u00df der Norm EN 12004 gekennzeichnet und kann als Klebstoff f\u00fcr die s\u00e4urebest\u00e4ndige Verklebung im Innen- und Au\u00dfenbereich von Boden- und Wandbel\u00e4gen aus Keramik, aus Glasmosaik und aus Naturstein verwendet werden, sowie f\u00fcr s\u00e4urebest\u00e4ndige Boden- und Wandbel\u00e4ge in Umgebungen mit wohnbaulicher, gewerblicher und industrieller Nutzung.","Typische Anwendungsbeispiele sind die Verklebung und Versiegelung von B\u00e4dern, von Duschen, von Schwimmbecken, von Saunen und Thermalbereichen, von Wellness-Zentren, von Becken mit Meerwasser, mit Brackwasser oder jedenfalls mit aggressivem Wasser, von Heizb\u00f6den oder von stark verkehrsbelasteten Umgebungen.","FASSAFILL EPOXY erm\u00f6glicht die Schaffung von Umgebungen, die dem HACCP-Konzept und den Anforderungen der Verordnung (EG) 852\/2004 betreffend die Hygienebestimmungen f\u00fcr Lebensmittel entsprechen."],"supply":["Spezialverpackungen mit Feuchtigkeitsschutz zu 3 kg (2,7 kg der Komp. A und 0,3 kg der Komp. B)","Farbt\u00f6ne: &nbsp; in 31 Farbt\u00f6nen erh\u00e4ltlich &nbsp; (siehe Farbtabelle)"],"attributes":{"Attributes_1":{"EXPOXYDVERSIEGLER":"Expoxydversiegler"},"Attributes_2":{"AUSSENBEREICH":"Au\u00dfenbereich","INNENBEREICH":"Innenbereich"}},"___attributes":{"FASSAES":{"FASSA_SISTEMA_POSA_PAVIMENTI_E_RIVESTIMENTI":{"Attributes_1":["Expoxydversiegler"],"Attributes_2":["Au\u00dfenbereich","Innenbereich"]}},"FASSA":{"FASSA_SISTEMA_POSA_PAVIMENTI_E_RIVESTIMENTI":{"Attributes_1":["Expoxydversiegler"],"Attributes_2":["Au\u00dfenbereich","Innenbereich"]}}},"elastic_market_index":"it","structured_data":{"@context":"https:\/\/schema.org","@type":"Product","name":"FASSAFILL EPOXY","description":["Dekorativer Versiegler und s\u00e4urebest\u00e4ndiger farbiger Zweikomponenten-Epoxydklebstoff, f\u00fcr Fugen von 1 bis 10 mm"],"url":"https:\/\/www.fassabortolo.it\/de\/produkte\/verlegesystem-fur-boden-und-wandbelage\/fassafill-fugenversiegler\/fassafill-epoxy","identifier":"PROD_FASSAFILL_EPOXY","sku":"PROD_FASSAFILL_EPOXY","image":"https:\/\/www.fassabortolo.it\/wp-content\/uploads\/media\/assets\/FASSAFILL_EPOXY_COMPA_B.jpg","brand":{"@type":"Brand","name":"Fassa Bortolo"},"manufacturer":{"@type":"Organization","name":"Fassa Bortolo","url":"https:\/\/www.fassabortolo.it"},"additionalProperty":[{"@type":"PropertyValue","name":"Use Case 1","value":"FASSAFILL EPOXY entspricht den Anforderungen der Norm EN 13888 als reaktiver Fugenm\u00f6rtel (Klasse RG) und wird im Innen- und Au\u00dfenbereich zur Versiegelung von Boden- und Wandbel\u00e4gen aus Keramik (auch d\u00fcnnschichtige Platten und\/oder Gro\u00dfformate) und Glasmosaik verwendet, wo ein hohes Ma\u00df an \u00c4sthetik und ein hoher Hygienegrad erforderlich sind, in Umgebungen mit wohnbaulicher, gewerblicher und industrieller Nutzung."},{"@type":"PropertyValue","name":"Use Case 2","value":"FASSAFILL EPOXY ist als Klebstoff mit verbesserter Reaktionsf\u00e4higkeit (Klasse R2) gem\u00e4\u00df der Norm EN 12004 gekennzeichnet und kann als Klebstoff f\u00fcr die s\u00e4urebest\u00e4ndige Verklebung im Innen- und Au\u00dfenbereich von Boden- und Wandbel\u00e4gen aus Keramik, aus Glasmosaik und aus Naturstein verwendet werden, sowie f\u00fcr s\u00e4urebest\u00e4ndige Boden- und Wandbel\u00e4ge in Umgebungen mit wohnbaulicher, gewerblicher und industrieller Nutzung."},{"@type":"PropertyValue","name":"Use Case 3","value":"Typische Anwendungsbeispiele sind die Verklebung und Versiegelung von B\u00e4dern, von Duschen, von Schwimmbecken, von Saunen und Thermalbereichen, von Wellness-Zentren, von Becken mit Meerwasser, mit Brackwasser oder jedenfalls mit aggressivem Wasser, von Heizb\u00f6den oder von stark verkehrsbelasteten Umgebungen."},{"@type":"PropertyValue","name":"Use Case 4","value":"FASSAFILL EPOXY erm\u00f6glicht die Schaffung von Umgebungen, die dem HACCP-Konzept und den Anforderungen der Verordnung (EG) 852\/2004 betreffend die Hygienebestimmungen f\u00fcr Lebensmittel entsprechen."},{"@type":"PropertyValue","name":"Supply Information","value":"Spezialverpackungen mit Feuchtigkeitsschutz zu 3 kg (2,7 kg der Komp. A und 0,3 kg der Komp. B)"},{"@type":"PropertyValue","name":"Supply Information","value":"Farbt\u00f6ne: &nbsp; in 31 Farbt\u00f6nen erh\u00e4ltlich &nbsp; (siehe Farbtabelle)"},{"@type":"PropertyValue","name":"Attributes_1","value":"Expoxydversiegler"},{"@type":"PropertyValue","name":"Attributes_2","value":"Au\u00dfenbereich"},{"@type":"PropertyValue","name":"Attributes_2","value":"Innenbereich"}],"category":[{"@type":"ProductCollection","name":"FASSAFILL &#8211; FUGENVERSIEGLER","identifier":"FASSA_LINEA_FASSAFILL_SIGILLANTI_PER_FUGHE_SISTEMA_POSA"},{"@type":"Collection","name":"VERLEGESYSTEM F\u00dcR BODEN- UND WANDBEL\u00c4GE","identifier":"FASSA_SISTEMA_POSA_PAVIMENTI_E_RIVESTIMENTI"}],"inLanguage":"de"},"_links":{"self":[{"href":"https:\/\/www.fassabortolo.it\/de\/wp-json\/wp\/v2\/product\/3497682","targetHints":{"allow":["GET"]}}],"collection":[{"href":"https:\/\/www.fassabortolo.it\/de\/wp-json\/wp\/v2\/product"}],"about":[{"href":"https:\/\/www.fassabortolo.it\/de\/wp-json\/wp\/v2\/types\/product"}],"wp:attachment":[{"href":"https:\/\/www.fassabortolo.it\/de\/wp-json\/wp\/v2\/media?parent=3497682"}],"curies":[{"name":"wp","href":"https:\/\/api.w.org\/{rel}","templated":true}]}}