{"id":3497685,"date":"2026-01-20T15:03:20","date_gmt":"2026-01-20T14:03:20","guid":{"rendered":"http:\/\/10.6.201.155\/?post_type=product&#038;p=50662"},"modified":"2026-05-14T01:07:10","modified_gmt":"2026-05-13T23:07:10","slug":"fassafill-large","status":"publish","type":"product","link":"https:\/\/www.fassabortolo.it\/de\/produkte\/verlegesystem-fur-boden-und-wandbelage\/fassafill-fugenversiegler\/fassafill-large","title":{"rendered":"FASSAFILL LARGE"},"content":{"rendered":"","protected":false},"featured_media":0,"template":"","class_list":["post-3497685","product","type-product","status-publish","hentry"],"acf":[],"fimg":{"url":"https:\/\/www.fassabortolo.it\/wp-content\/uploads\/media\/assets\/Fassafill_LARGE.jpg","alt":"FASSAFILL LARGE"},"product_description":["Hydrophobierter Zementversiegler f\u00fcr die Verf\u00fcllung von Fugen von 5 bis 20 mm, schimmelpilz- und algenbest\u00e4ndig."],"ekr_hierarchy_settings":{"it":{"FASSA_LINEA_FASSAFILL_SIGILLANTI_PER_FUGHE_SISTEMA_POSA":{"ekr_position":2}},"es":{"FASSAES_LINEA_FASSAFILL_SIGILLANTI_PER_FUGHE_SISTEMA_POSA":{"ekr_position":8}},"lu":{"FASSA_LINEA_FASSAFILL_SIGILLANTI_PER_FUGHE_SISTEMA_POSA":{"ekr_position":20}}},"lang":{"language_code":"de","locale":"de_DE","text_direction":false,"display_name":"Deutsch","native_name":"Tedesco","different_language":false},"systems":[{"id":3497517,"name":"VERLEGESYSTEM F\u00dcR BODEN- UND WANDBEL\u00c4GE","permalink":"https:\/\/www.fassabortolo.it\/de\/produkte\/verlegesystem-fur-boden-und-wandbelage\/","slug":"verlegesystem-fur-boden-und-wandbelage","ekr_pallet_code":"FASSA_SISTEMA_POSA_PAVIMENTI_E_RIVESTIMENTI"}],"product_pallet_code":"PROD_FASSAFILL_LARGE","lines":[{"id":3497451,"name":"FASSAFILL &#8211; FUGENVERSIEGLER","permalink":"https:\/\/www.fassabortolo.it\/de\/produkte\/\/fassafill-fugenversiegler\/","slug":"fassafill-fugenversiegler","system_codes":["FASSA_SISTEMA_POSA_PAVIMENTI_E_RIVESTIMENTI"],"ekr_pallet_code":"FASSA_LINEA_FASSAFILL_SIGILLANTI_PER_FUGHE_SISTEMA_POSA"}],"use":["FASSAFILL LARGE ist ein Zementversiegler f\u00fcr die Verf\u00fcllung von Fugen mit einer Breite von 5 bis 20 mm zwischen Keramikfliesen aller Art: zweifach gebrannt, einfach gebrannt, Steinzeug, Feinsteinzeug, geschliffenes Steinzeug, Klinker und Cotto, Marmore, Granit, Agglomerate und Glasmosaik, Keramik oder Marmor.","FASSAFILL LARGE wird f\u00fcr die Verfugung im Innen- und Au\u00dfenbereich von Boden- und Wandbel\u00e4gen verwendet, und zwar \u00fcberall dort, wo keine hohe chemische Belastung vorherrscht.","Bei allen Anwendungen, die eine Leistungssteigerung betreffend die mechanische Festigkeit, die wasserundurchl\u00e4ssige Abdichtung und die Haftfestigkeit erfordern, wie beispielsweise bei der Verfugung eines Schwimmbeckens, wird das Produkt nur mit Latex LATEX DR 843 angemischt, und zwar g\u00e4nzlich anstelle von Wasser."],"supply":["In feuchtigkeitsgesch\u00fctzten Spezials\u00e4cken zu ca. 25 kg","Farbt\u00f6ne: &nbsp; in 14 Farben erh\u00e4ltlich &nbsp; (siehe Farbtabelle)"],"attributes":{"Attributes_1":{"ZEMENTGEBUNDENE VERSIEGLER":"Zementgebundene Versiegler"},"Attributes_2":{"AUSSENBEREICH":"Au\u00dfenbereich","INNENBEREICH":"Innenbereich"}},"___attributes":{"FASSAES":{"FASSA_SISTEMA_POSA_PAVIMENTI_E_RIVESTIMENTI":{"Attributes_1":["Zementgebundene Versiegler"],"Attributes_2":["Au\u00dfenbereich","Innenbereich"]}},"FASSA":{"FASSA_SISTEMA_POSA_PAVIMENTI_E_RIVESTIMENTI":{"Attributes_1":["Zementgebundene Versiegler"],"Attributes_2":["Au\u00dfenbereich","Innenbereich"]}}},"elastic_market_index":"it","structured_data":{"@context":"https:\/\/schema.org","@type":"Product","name":"FASSAFILL LARGE","description":["Hydrophobierter Zementversiegler f\u00fcr die Verf\u00fcllung von Fugen von 5 bis 20 mm, schimmelpilz- und algenbest\u00e4ndig."],"url":"https:\/\/www.fassabortolo.it\/de\/produkte\/verlegesystem-fur-boden-und-wandbelage\/fassafill-fugenversiegler\/fassafill-large","identifier":"PROD_FASSAFILL_LARGE","sku":"PROD_FASSAFILL_LARGE","image":"https:\/\/www.fassabortolo.it\/wp-content\/uploads\/media\/assets\/Fassafill_LARGE.jpg","brand":{"@type":"Brand","name":"Fassa Bortolo"},"manufacturer":{"@type":"Organization","name":"Fassa Bortolo","url":"https:\/\/www.fassabortolo.it"},"additionalProperty":[{"@type":"PropertyValue","name":"Use Case 1","value":"FASSAFILL LARGE ist ein Zementversiegler f\u00fcr die Verf\u00fcllung von Fugen mit einer Breite von 5 bis 20 mm zwischen Keramikfliesen aller Art: zweifach gebrannt, einfach gebrannt, Steinzeug, Feinsteinzeug, geschliffenes Steinzeug, Klinker und Cotto, Marmore, Granit, Agglomerate und Glasmosaik, Keramik oder Marmor."},{"@type":"PropertyValue","name":"Use Case 2","value":"FASSAFILL LARGE wird f\u00fcr die Verfugung im Innen- und Au\u00dfenbereich von Boden- und Wandbel\u00e4gen verwendet, und zwar \u00fcberall dort, wo keine hohe chemische Belastung vorherrscht."},{"@type":"PropertyValue","name":"Use Case 3","value":"Bei allen Anwendungen, die eine Leistungssteigerung betreffend die mechanische Festigkeit, die wasserundurchl\u00e4ssige Abdichtung und die Haftfestigkeit erfordern, wie beispielsweise bei der Verfugung eines Schwimmbeckens, wird das Produkt nur mit Latex LATEX DR 843 angemischt, und zwar g\u00e4nzlich anstelle von Wasser."},{"@type":"PropertyValue","name":"Supply Information","value":"In feuchtigkeitsgesch\u00fctzten Spezials\u00e4cken zu ca. 25 kg"},{"@type":"PropertyValue","name":"Supply Information","value":"Farbt\u00f6ne: &nbsp; in 14 Farben erh\u00e4ltlich &nbsp; (siehe Farbtabelle)"},{"@type":"PropertyValue","name":"Attributes_1","value":"Zementgebundene Versiegler"},{"@type":"PropertyValue","name":"Attributes_2","value":"Au\u00dfenbereich"},{"@type":"PropertyValue","name":"Attributes_2","value":"Innenbereich"}],"category":[{"@type":"ProductCollection","name":"FASSAFILL &#8211; FUGENVERSIEGLER","identifier":"FASSA_LINEA_FASSAFILL_SIGILLANTI_PER_FUGHE_SISTEMA_POSA"},{"@type":"Collection","name":"VERLEGESYSTEM F\u00dcR BODEN- UND WANDBEL\u00c4GE","identifier":"FASSA_SISTEMA_POSA_PAVIMENTI_E_RIVESTIMENTI"}],"inLanguage":"de"},"_links":{"self":[{"href":"https:\/\/www.fassabortolo.it\/de\/wp-json\/wp\/v2\/product\/3497685","targetHints":{"allow":["GET"]}}],"collection":[{"href":"https:\/\/www.fassabortolo.it\/de\/wp-json\/wp\/v2\/product"}],"about":[{"href":"https:\/\/www.fassabortolo.it\/de\/wp-json\/wp\/v2\/types\/product"}],"wp:attachment":[{"href":"https:\/\/www.fassabortolo.it\/de\/wp-json\/wp\/v2\/media?parent=3497685"}],"curies":[{"name":"wp","href":"https:\/\/api.w.org\/{rel}","templated":true}]}}