{"id":3497686,"date":"2026-01-20T15:02:54","date_gmt":"2026-01-20T14:02:54","guid":{"rendered":"http:\/\/10.6.201.155\/?post_type=product&#038;p=50665"},"modified":"2026-02-04T16:51:31","modified_gmt":"2026-02-04T15:51:31","slug":"fassacut-rock","status":"publish","type":"product","link":"https:\/\/www.fassabortolo.it\/de\/produkte\/sistema-isolamento-termico-fassatherm\/komplementare-produkte\/fassacut-rock","title":{"rendered":"FASSACUT ROCK"},"content":{"rendered":"","protected":false},"featured_media":0,"template":"","class_list":["post-3497686","product","type-product","status-publish","hentry"],"acf":[],"fimg":{"url":"https:\/\/www.fassabortolo.it\/wp-content\/uploads\/media\/assets\/FASSACUT_ROCK.jpg","alt":"FASSACUT ROCK"},"product_description":["Schneideger\u00e4t f\u00fcr D\u00e4mmplatten aus Steinwolle, Glaswolle, Kork usw."],"ekr_hierarchy_settings":{"it":{"FASSA_LINEA_PRODOTTI_COMPLEMENTARI_SISTEMA_ISOLAMENTO":{"ekr_position":48},"FASSA_LINEA_ATTREZZATURE_MECCANICHE_SISTEMA_ISOLAMENTO":{"ekr_position":5}},"ch":{"FASSA_LINEA_ATTREZZATURE_MECCANICHE_SISTEMA_ISOLAMENTO":{"ekr_position":0}},"es":{"FASSAES_LINEA_PRODOTTI_COMPLEMENTARI_SISTEMA_ISOLAMENTO":{"ekr_position":47}},"lu":{"FASSA_LINEA_PRODOTTI_COMPLEMENTARI_SISTEMA_ISOLAMENTO":{"ekr_position":49},"FASSA_LINEA_ATTREZZATURE_MECCANICHE_SISTEMA_ISOLAMENTO":{"ekr_position":0}}},"lang":{"language_code":"de","locale":"de_DE","text_direction":false,"display_name":"Deutsch","native_name":"Tedesco","different_language":false},"systems":[{"id":3497519,"name":"W\u00c4RMED\u00c4MMVERBUNDSYSTEM FASSATHERM\u00ae","permalink":"https:\/\/www.fassabortolo.it\/de\/produkte\/sistema-isolamento-termico-fassatherm\/","slug":"sistema-isolamento-termico-fassatherm","ekr_pallet_code":"FASSA_SISTEMA_ISOLAMENTO_TERMICO_FASSATHERM"}],"product_pallet_code":"PROD_FASSACUT_ROCK","lines":[{"id":3497472,"name":"KOMPLEMENT\u00c4RE PRODUKTE","permalink":"https:\/\/www.fassabortolo.it\/de\/produkte\/\/komplementare-produkte\/","slug":"komplementare-produkte","system_codes":["FASSA_SISTEMA_ISOLAMENTO_TERMICO_FASSATHERM"],"ekr_pallet_code":"FASSA_LINEA_PRODOTTI_COMPLEMENTARI_SISTEMA_ISOLAMENTO"},{"id":3497449,"name":"MECHANISCHE AUSR\u00dcSTUNGEN","permalink":"https:\/\/www.fassabortolo.it\/de\/produkte\/\/mechanische-ausrustungen\/","slug":"mechanische-ausrustungen","system_codes":["FASSA_SISTEMA_ISOLAMENTO_TERMICO_FASSATHERM"],"ekr_pallet_code":"FASSA_LINEA_ATTREZZATURE_MECCANICHE_SISTEMA_ISOLAMENTO"}],"use":null,"supply":null,"attributes":null,"___attributes":null,"elastic_market_index":"it","structured_data":{"@context":"https:\/\/schema.org","@type":"Product","name":"FASSACUT ROCK","description":["Schneideger\u00e4t f\u00fcr D\u00e4mmplatten aus Steinwolle, Glaswolle, Kork usw."],"url":"https:\/\/www.fassabortolo.it\/de\/produkte\/sistema-isolamento-termico-fassatherm\/komplementare-produkte\/fassacut-rock","identifier":"PROD_FASSACUT_ROCK","sku":"PROD_FASSACUT_ROCK","image":"https:\/\/www.fassabortolo.it\/wp-content\/uploads\/media\/assets\/FASSACUT_ROCK.jpg","brand":{"@type":"Brand","name":"Fassa Bortolo"},"manufacturer":{"@type":"Organization","name":"Fassa Bortolo","url":"https:\/\/www.fassabortolo.it"},"category":[{"@type":"ProductCollection","name":"KOMPLEMENT\u00c4RE PRODUKTE","identifier":"FASSA_LINEA_PRODOTTI_COMPLEMENTARI_SISTEMA_ISOLAMENTO"},{"@type":"ProductCollection","name":"MECHANISCHE AUSR\u00dcSTUNGEN","identifier":"FASSA_LINEA_ATTREZZATURE_MECCANICHE_SISTEMA_ISOLAMENTO"},{"@type":"Collection","name":"W\u00c4RMED\u00c4MMVERBUNDSYSTEM FASSATHERM\u00ae","identifier":"FASSA_SISTEMA_ISOLAMENTO_TERMICO_FASSATHERM"}],"inLanguage":"de"},"_links":{"self":[{"href":"https:\/\/www.fassabortolo.it\/de\/wp-json\/wp\/v2\/product\/3497686","targetHints":{"allow":["GET"]}}],"collection":[{"href":"https:\/\/www.fassabortolo.it\/de\/wp-json\/wp\/v2\/product"}],"about":[{"href":"https:\/\/www.fassabortolo.it\/de\/wp-json\/wp\/v2\/types\/product"}],"wp:attachment":[{"href":"https:\/\/www.fassabortolo.it\/de\/wp-json\/wp\/v2\/media?parent=3497686"}],"curies":[{"name":"wp","href":"https:\/\/api.w.org\/{rel}","templated":true}]}}