{"id":3497703,"date":"2026-01-20T15:03:57","date_gmt":"2026-01-20T14:03:57","guid":{"rendered":"http:\/\/10.6.201.155\/?post_type=product&#038;p=50735"},"modified":"2026-05-15T01:15:21","modified_gmt":"2026-05-14T23:15:21","slug":"fassajoint-1h","status":"publish","type":"product","link":"https:\/\/www.fassabortolo.it\/de\/produkte\/sistema-gypsotech\/spachtelungen-und-mortel\/fassajoint-1h","title":{"rendered":"FASSAJOINT 1H"},"content":{"rendered":"","protected":false},"featured_media":0,"template":"","class_list":["post-3497703","product","type-product","status-publish","hentry"],"acf":[],"fimg":{"url":"https:\/\/www.fassabortolo.it\/wp-content\/uploads\/media\/assets\/FASSAJOINT_1H.jpg","alt":"FASSAJOINT 1H"},"product_description":["Gipskartonspachtel"],"ekr_hierarchy_settings":{"it":{"FASSA_LINEA_STUCCHI_E_MALTE_SISTEMA_GYPSOTECH":{"ekr_position":2}},"es":{"FASSAES_LINEA_STUCCHI_E_MALTE_SISTEMA_GYPSOTECH":{"ekr_position":11}},"lu":{"FASSA_LINEA_STUCCHI_E_MALTE_SISTEMA_GYPSOTECH":{"ekr_position":8}}},"lang":{"language_code":"de","locale":"de_DE","text_direction":false,"display_name":"Deutsch","native_name":"Tedesco","different_language":false},"systems":[{"id":3497518,"name":"GYPSOTECH\u00ae-System","permalink":"https:\/\/www.fassabortolo.it\/de\/produkte\/sistema-gypsotech\/","slug":"sistema-gypsotech","ekr_pallet_code":"FASSA_SISTEMA_GYPSOTECH"}],"product_pallet_code":"PROD_FASSAJOINT_1H","lines":[{"id":3497512,"name":"SPACHTELUNGEN UND M\u00d6RTEL","permalink":"https:\/\/www.fassabortolo.it\/de\/produkte\/\/spachtelungen-und-mortel\/","slug":"spachtelungen-und-mortel","system_codes":["FASSA_SISTEMA_GYPSOTECH"],"ekr_pallet_code":"FASSA_LINEA_STUCCHI_E_MALTE_SISTEMA_GYPSOTECH"}],"use":["FASSAJOINT 1H &nbsp; wird als Fugenf\u00fcller von Gipskartonplatten im Beisein von Fugendeckstreifen verwendet.","Kann auch zur vollfl\u00e4chigen Verspachtelung von Gipskartonplatten und f\u00fcr kleinere Reparaturarbeiten an schadhaften aus Gips- oder Gipskartonteilen verwendet werden."],"supply":["In feuchtigkeitsgesch\u00fctzten Spezials\u00e4cken zu ca. 5 und 10 kg"],"attributes":{"Attributes_1":{"TROCKENSPACHTELMASSEN":"Trockenspachtelmassen"},"Attributes_2":{"INNENBEREICH":"Innenbereich"}},"___attributes":{"FASSAES":{"FASSA_SISTEMA_GYPSOTECH":{"Attributes_1":["Trockenspachtelmassen"],"Attributes_2":["Innenbereich"]}},"FASSA":{"FASSA_SISTEMA_GYPSOTECH":{"Attributes_1":["Trockenspachtelmassen"],"Attributes_2":["Innenbereich"]}}},"elastic_market_index":"it","structured_data":{"@context":"https:\/\/schema.org","@type":"Product","name":"FASSAJOINT 1H","description":["Gipskartonspachtel"],"url":"https:\/\/www.fassabortolo.it\/de\/produkte\/sistema-gypsotech\/spachtelungen-und-mortel\/fassajoint-1h","identifier":"PROD_FASSAJOINT_1H","sku":"PROD_FASSAJOINT_1H","image":"https:\/\/www.fassabortolo.it\/wp-content\/uploads\/media\/assets\/FASSAJOINT_1H.jpg","brand":{"@type":"Brand","name":"Fassa Bortolo"},"manufacturer":{"@type":"Organization","name":"Fassa Bortolo","url":"https:\/\/www.fassabortolo.it"},"additionalProperty":[{"@type":"PropertyValue","name":"Use Case 1","value":"FASSAJOINT 1H &nbsp; wird als Fugenf\u00fcller von Gipskartonplatten im Beisein von Fugendeckstreifen verwendet."},{"@type":"PropertyValue","name":"Use Case 2","value":"Kann auch zur vollfl\u00e4chigen Verspachtelung von Gipskartonplatten und f\u00fcr kleinere Reparaturarbeiten an schadhaften aus Gips- oder Gipskartonteilen verwendet werden."},{"@type":"PropertyValue","name":"Supply Information","value":"In feuchtigkeitsgesch\u00fctzten Spezials\u00e4cken zu ca. 5 und 10 kg"},{"@type":"PropertyValue","name":"Attributes_1","value":"Trockenspachtelmassen"},{"@type":"PropertyValue","name":"Attributes_2","value":"Innenbereich"}],"category":[{"@type":"ProductCollection","name":"SPACHTELUNGEN UND M\u00d6RTEL","identifier":"FASSA_LINEA_STUCCHI_E_MALTE_SISTEMA_GYPSOTECH"},{"@type":"Collection","name":"GYPSOTECH\u00ae-System","identifier":"FASSA_SISTEMA_GYPSOTECH"}],"inLanguage":"de"},"_links":{"self":[{"href":"https:\/\/www.fassabortolo.it\/de\/wp-json\/wp\/v2\/product\/3497703","targetHints":{"allow":["GET"]}}],"collection":[{"href":"https:\/\/www.fassabortolo.it\/de\/wp-json\/wp\/v2\/product"}],"about":[{"href":"https:\/\/www.fassabortolo.it\/de\/wp-json\/wp\/v2\/types\/product"}],"wp:attachment":[{"href":"https:\/\/www.fassabortolo.it\/de\/wp-json\/wp\/v2\/media?parent=3497703"}],"curies":[{"name":"wp","href":"https:\/\/api.w.org\/{rel}","templated":true}]}}