{"id":3497706,"date":"2026-01-20T15:03:43","date_gmt":"2026-01-20T14:03:43","guid":{"rendered":"http:\/\/10.6.201.155\/?post_type=product&#038;p=50747"},"modified":"2026-05-15T01:15:29","modified_gmt":"2026-05-14T23:15:29","slug":"fassafoam","status":"publish","type":"product","link":"https:\/\/www.fassabortolo.it\/de\/produkte\/verlegesystem-fur-boden-und-wandbelage\/fassafill-fugenversiegler\/fassafoam","title":{"rendered":"FASSAFOAM"},"content":{"rendered":"","protected":false},"featured_media":0,"template":"","class_list":["post-3497706","product","type-product","status-publish","hentry"],"acf":[],"fimg":{"url":"https:\/\/www.fassabortolo.it\/wp-content\/uploads\/media\/assets\/FASSAFOAM.jpg","alt":"FASSAFOAM"},"product_description":["Schnur aus expandiertem Polyethylen, geschlossenzellig, verwendet zur Unterst\u00fctzung elastomerischer Abdichtungen f\u00fcr die korrekte Dimensionierung der Fugen"],"ekr_hierarchy_settings":{"it":{"FASSA_LINEA_FASSAFILL_SIGILLANTI_PER_FUGHE_SISTEMA_POSA":{"ekr_position":20}},"es":{"FASSAES_LINEA_FASSAFILL_SIGILLANTI_PER_FUGHE_SISTEMA_POSA":{"ekr_position":5}},"lu":{"FASSA_LINEA_FASSAFILL_SIGILLANTI_PER_FUGHE_SISTEMA_POSA":{"ekr_position":16}}},"lang":{"language_code":"de","locale":"de_DE","text_direction":false,"display_name":"Deutsch","native_name":"Tedesco","different_language":false},"systems":[{"id":3497517,"name":"VERLEGESYSTEM F\u00dcR BODEN- UND WANDBEL\u00c4GE","permalink":"https:\/\/www.fassabortolo.it\/de\/produkte\/verlegesystem-fur-boden-und-wandbelage\/","slug":"verlegesystem-fur-boden-und-wandbelage","ekr_pallet_code":"FASSA_SISTEMA_POSA_PAVIMENTI_E_RIVESTIMENTI"}],"product_pallet_code":"PROD_FASSAFOAM","lines":[{"id":3497451,"name":"FASSAFILL &#8211; FUGENVERSIEGLER","permalink":"https:\/\/www.fassabortolo.it\/de\/produkte\/\/fassafill-fugenversiegler\/","slug":"fassafill-fugenversiegler","system_codes":["FASSA_SISTEMA_POSA_PAVIMENTI_E_RIVESTIMENTI"],"ekr_pallet_code":"FASSA_LINEA_FASSAFILL_SIGILLANTI_PER_FUGHE_SISTEMA_POSA"}],"use":["FASSAFOAM wird zur Unterst\u00fctzung von Elastomer-Dichtstoffen f\u00fcr die korrekte Dimensionierung horizontaler und vertikaler Fugen verwendet, im Innen- und Au\u00dfenbereich.","FASSAFOAM kann beispielsweise f\u00fcr Bodenfugen bei Industrie-, bei Keramik- oder Natursteinb\u00f6den verwendet werden.","FASSAFOAM wird auch f\u00fcr die korrekte Dimensionierung zwischen Fertigbauteilen (z.B. Fertigbauplatten) und zwischen Rahmenelementen und tragenden Bauteilen verwendet."],"supply":["Kartonschachteln Durchmesser 6 mm Abpackung 550 m","Kartonschachteln Durchmesser 10 mm Abpackung 550 m","Kartonschachteln Durchmesser 15 mm Abpackung 550 m","Kartonschachteln Durchmesser 20 mm Abpackung 350 m","Kartonschachteln Durchmesser 25 mm Abpackung 200 m","Kartonschachteln Durchmesser 30 mm Abpackung 160 m"],"attributes":{"Attributes_1":{"ZUBEH\u00d6RTEILE":"Zubeh\u00f6rteile"},"Attributes_2":{"AUSSENBEREICH":"Au\u00dfenbereich","INNENBEREICH":"Innenbereich"}},"___attributes":{"FASSAES":{"FASSA_SISTEMA_POSA_PAVIMENTI_E_RIVESTIMENTI":{"Attributes_1":["Zubeh\u00f6rteile"],"Attributes_2":["Au\u00dfenbereich","Innenbereich"]}},"FASSA":{"FASSA_SISTEMA_POSA_PAVIMENTI_E_RIVESTIMENTI":{"Attributes_1":["Zubeh\u00f6rteile"],"Attributes_2":["Au\u00dfenbereich","Innenbereich"]},"FASSA_SISTEMA_RIPRISTINO_DEL_CALCESTRUZZO":{"Attributes_1":["Zubeh\u00f6rteile"],"Attributes_2":["Au\u00dfenbereich","Innenbereich"]}}},"elastic_market_index":"it","structured_data":{"@context":"https:\/\/schema.org","@type":"Product","name":"FASSAFOAM","description":["Schnur aus expandiertem Polyethylen, geschlossenzellig, verwendet zur Unterst\u00fctzung elastomerischer Abdichtungen f\u00fcr die korrekte Dimensionierung der Fugen"],"url":"https:\/\/www.fassabortolo.it\/de\/produkte\/verlegesystem-fur-boden-und-wandbelage\/fassafill-fugenversiegler\/fassafoam","identifier":"PROD_FASSAFOAM","sku":"PROD_FASSAFOAM","image":"https:\/\/www.fassabortolo.it\/wp-content\/uploads\/media\/assets\/FASSAFOAM.jpg","brand":{"@type":"Brand","name":"Fassa Bortolo"},"manufacturer":{"@type":"Organization","name":"Fassa Bortolo","url":"https:\/\/www.fassabortolo.it"},"additionalProperty":[{"@type":"PropertyValue","name":"Use Case 1","value":"FASSAFOAM wird zur Unterst\u00fctzung von Elastomer-Dichtstoffen f\u00fcr die korrekte Dimensionierung horizontaler und vertikaler Fugen verwendet, im Innen- und Au\u00dfenbereich."},{"@type":"PropertyValue","name":"Use Case 2","value":"FASSAFOAM kann beispielsweise f\u00fcr Bodenfugen bei Industrie-, bei Keramik- oder Natursteinb\u00f6den verwendet werden."},{"@type":"PropertyValue","name":"Use Case 3","value":"FASSAFOAM wird auch f\u00fcr die korrekte Dimensionierung zwischen Fertigbauteilen (z.B. Fertigbauplatten) und zwischen Rahmenelementen und tragenden Bauteilen verwendet."},{"@type":"PropertyValue","name":"Supply Information","value":"Kartonschachteln Durchmesser 6 mm Abpackung 550 m"},{"@type":"PropertyValue","name":"Supply Information","value":"Kartonschachteln Durchmesser 10 mm Abpackung 550 m"},{"@type":"PropertyValue","name":"Supply Information","value":"Kartonschachteln Durchmesser 15 mm Abpackung 550 m"},{"@type":"PropertyValue","name":"Supply Information","value":"Kartonschachteln Durchmesser 20 mm Abpackung 350 m"},{"@type":"PropertyValue","name":"Supply Information","value":"Kartonschachteln Durchmesser 25 mm Abpackung 200 m"},{"@type":"PropertyValue","name":"Supply Information","value":"Kartonschachteln Durchmesser 30 mm Abpackung 160 m"},{"@type":"PropertyValue","name":"Attributes_1","value":"Zubeh\u00f6rteile"},{"@type":"PropertyValue","name":"Attributes_2","value":"Au\u00dfenbereich"},{"@type":"PropertyValue","name":"Attributes_2","value":"Innenbereich"},{"@type":"PropertyValue","name":"Attributes_1","value":"Zubeh\u00f6rteile"},{"@type":"PropertyValue","name":"Attributes_2","value":"Au\u00dfenbereich"},{"@type":"PropertyValue","name":"Attributes_2","value":"Innenbereich"}],"category":[{"@type":"ProductCollection","name":"FASSAFILL &#8211; FUGENVERSIEGLER","identifier":"FASSA_LINEA_FASSAFILL_SIGILLANTI_PER_FUGHE_SISTEMA_POSA"},{"@type":"Collection","name":"VERLEGESYSTEM F\u00dcR BODEN- UND WANDBEL\u00c4GE","identifier":"FASSA_SISTEMA_POSA_PAVIMENTI_E_RIVESTIMENTI"}],"inLanguage":"de"},"_links":{"self":[{"href":"https:\/\/www.fassabortolo.it\/de\/wp-json\/wp\/v2\/product\/3497706","targetHints":{"allow":["GET"]}}],"collection":[{"href":"https:\/\/www.fassabortolo.it\/de\/wp-json\/wp\/v2\/product"}],"about":[{"href":"https:\/\/www.fassabortolo.it\/de\/wp-json\/wp\/v2\/types\/product"}],"wp:attachment":[{"href":"https:\/\/www.fassabortolo.it\/de\/wp-json\/wp\/v2\/media?parent=3497706"}],"curies":[{"name":"wp","href":"https:\/\/api.w.org\/{rel}","templated":true}]}}