{"id":3497716,"date":"2026-01-20T15:04:22","date_gmt":"2026-01-20T14:04:22","guid":{"rendered":"http:\/\/10.6.201.155\/?post_type=product&#038;p=50785"},"modified":"2026-05-15T01:16:32","modified_gmt":"2026-05-14T23:16:32","slug":"fassanet-370","status":"publish","type":"product","link":"https:\/\/www.fassabortolo.it\/de\/produkte\/sistema-isolamento-termico-fassatherm\/bewehrungsmatten\/fassanet-370","title":{"rendered":"FASSANET 370"},"content":{"rendered":"","protected":false},"featured_media":0,"template":"","class_list":["post-3497716","product","type-product","status-publish","hentry"],"acf":[],"fimg":{"url":"https:\/\/www.fassabortolo.it\/wp-content\/uploads\/media\/assets\/FASSANET_370.jpg","alt":"FASSANET 370"},"product_description":["Alkalibest\u00e4ndiges, verst\u00e4rktes Glasfaser-Armierungsgewebe"],"ekr_hierarchy_settings":{"it":{"FASSA_LINEA_RETI_SISTEMA_ISOLAMENTO":{"ekr_position":2}},"ch":{"FASSA_LINEA_RETI_SISTEMA_ISOLAMENTO":{"ekr_position":3}},"es":{"FASSAES_LINEA_RETI_SISTEMA_ISOLAMENTO":{"ekr_position":4}},"lu":{"FASSA_LINEA_RETI_SISTEMA_ISOLAMENTO":{"ekr_position":3}}},"lang":{"language_code":"de","locale":"de_DE","text_direction":false,"display_name":"Deutsch","native_name":"Tedesco","different_language":false},"systems":[{"id":3497519,"name":"W\u00c4RMED\u00c4MMVERBUNDSYSTEM FASSATHERM\u00ae","permalink":"https:\/\/www.fassabortolo.it\/de\/produkte\/sistema-isolamento-termico-fassatherm\/","slug":"sistema-isolamento-termico-fassatherm","ekr_pallet_code":"FASSA_SISTEMA_ISOLAMENTO_TERMICO_FASSATHERM"}],"product_pallet_code":"PROD_FASSANET_370","lines":[{"id":3497495,"name":"BEWEHRUNGSMATTEN","permalink":"https:\/\/www.fassabortolo.it\/de\/produkte\/\/bewehrungsmatten\/","slug":"bewehrungsmatten","system_codes":["FASSA_SISTEMA_ISOLAMENTO_TERMICO_FASSATHERM"],"ekr_pallet_code":"FASSA_LINEA_RETI_SISTEMA_ISOLAMENTO"}],"use":["Das verst\u00e4rkte WDVS-Armierungsgewebe FASSANET 370 muss zur Bewehrung der auf W\u00e4rmed\u00e4mmplatten aufgetragenen Spachtelschicht vor dem Aufbringen der Endbeschichtung verwendet werden. &nbsp; Das verst\u00e4rkte Armierungsgewebe wird verwendet bei einem WDVS zur Erh\u00f6hung der Sto\u00dffestigkeit im Sockelbereich von Geb\u00e4uden, in Durchgangsbereichen usw., oder aber zur Eind\u00e4mmung von au\u00dfergew\u00f6hnlichen Sistemspannungen und Verleihung erheblicher Oberfl\u00e4chenfestigkeit."],"supply":["Rollen zu 50 m L\u00e4nge und 1,5 m Breite."],"attributes":{"Attributes_1":[],"Attributes_2":{"AUSSENBEREICH":"Au\u00dfenbereich","INNENBEREICH":"Innenbereich"}},"___attributes":{"FASSAES":{"FASSA_SISTEMA_ISOLAMENTO_TERMICO_FASSATHERM":{"Attributes_2":["Au\u00dfenbereich","Innenbereich"]}},"FASSA":{"FASSA_SISTEMA_ISOLAMENTO_TERMICO_FASSATHERM":{"Attributes_2":["Au\u00dfenbereich","Innenbereich"]}}},"elastic_market_index":"it","structured_data":{"@context":"https:\/\/schema.org","@type":"Product","name":"FASSANET 370","description":["Alkalibest\u00e4ndiges, verst\u00e4rktes Glasfaser-Armierungsgewebe"],"url":"https:\/\/www.fassabortolo.it\/de\/produkte\/sistema-isolamento-termico-fassatherm\/bewehrungsmatten\/fassanet-370","identifier":"PROD_FASSANET_370","sku":"PROD_FASSANET_370","image":"https:\/\/www.fassabortolo.it\/wp-content\/uploads\/media\/assets\/FASSANET_370.jpg","brand":{"@type":"Brand","name":"Fassa Bortolo"},"manufacturer":{"@type":"Organization","name":"Fassa Bortolo","url":"https:\/\/www.fassabortolo.it"},"additionalProperty":[{"@type":"PropertyValue","name":"Use Case 1","value":"Das verst\u00e4rkte WDVS-Armierungsgewebe FASSANET 370 muss zur Bewehrung der auf W\u00e4rmed\u00e4mmplatten aufgetragenen Spachtelschicht vor dem Aufbringen der Endbeschichtung verwendet werden. &nbsp; Das verst\u00e4rkte Armierungsgewebe wird verwendet bei einem WDVS zur Erh\u00f6hung der Sto\u00dffestigkeit im Sockelbereich von Geb\u00e4uden, in Durchgangsbereichen usw., oder aber zur Eind\u00e4mmung von au\u00dfergew\u00f6hnlichen Sistemspannungen und Verleihung erheblicher Oberfl\u00e4chenfestigkeit."},{"@type":"PropertyValue","name":"Supply Information","value":"Rollen zu 50 m L\u00e4nge und 1,5 m Breite."},{"@type":"PropertyValue","name":"Attributes_2","value":"Au\u00dfenbereich"},{"@type":"PropertyValue","name":"Attributes_2","value":"Innenbereich"}],"category":[{"@type":"ProductCollection","name":"BEWEHRUNGSMATTEN","identifier":"FASSA_LINEA_RETI_SISTEMA_ISOLAMENTO"},{"@type":"Collection","name":"W\u00c4RMED\u00c4MMVERBUNDSYSTEM FASSATHERM\u00ae","identifier":"FASSA_SISTEMA_ISOLAMENTO_TERMICO_FASSATHERM"}],"inLanguage":"de"},"_links":{"self":[{"href":"https:\/\/www.fassabortolo.it\/de\/wp-json\/wp\/v2\/product\/3497716","targetHints":{"allow":["GET"]}}],"collection":[{"href":"https:\/\/www.fassabortolo.it\/de\/wp-json\/wp\/v2\/product"}],"about":[{"href":"https:\/\/www.fassabortolo.it\/de\/wp-json\/wp\/v2\/types\/product"}],"wp:attachment":[{"href":"https:\/\/www.fassabortolo.it\/de\/wp-json\/wp\/v2\/media?parent=3497716"}],"curies":[{"name":"wp","href":"https:\/\/api.w.org\/{rel}","templated":true}]}}