{"id":3497720,"date":"2026-01-20T15:03:56","date_gmt":"2026-01-20T14:03:56","guid":{"rendered":"http:\/\/10.6.201.155\/?post_type=product&#038;p=50801"},"modified":"2026-05-15T01:16:17","modified_gmt":"2026-05-14T23:16:17","slug":"fassajoint-extra","status":"publish","type":"product","link":"https:\/\/www.fassabortolo.it\/de\/produkte\/sistema-gypsotech\/spachtelungen-und-mortel\/fassajoint-extra","title":{"rendered":"FASSAJOINT EXTRA"},"content":{"rendered":"","protected":false},"featured_media":0,"template":"","class_list":["post-3497720","product","type-product","status-publish","hentry"],"acf":[],"fimg":{"url":"https:\/\/www.fassabortolo.it\/wp-content\/uploads\/media\/assets\/FASSAJOINT_EXTRA.jpg","alt":"FASSAJOINT EXTRA"},"product_description":["Gipskartonspachtel"],"ekr_hierarchy_settings":{"it":{"FASSA_LINEA_STUCCHI_E_MALTE_SISTEMA_GYPSOTECH":{"ekr_position":0}},"ch":{"FASSA_LINEA_STUCCHI_E_MALTE_SISTEMA_GYPSOTECH":{"ekr_position":4}},"lu":{"FASSA_LINEA_STUCCHI_E_MALTE_SISTEMA_GYPSOTECH":{"ekr_position":4}}},"lang":{"language_code":"de","locale":"de_DE","text_direction":false,"display_name":"Deutsch","native_name":"Tedesco","different_language":false},"systems":[{"id":3497518,"name":"GYPSOTECH\u00ae-System","permalink":"https:\/\/www.fassabortolo.it\/de\/produkte\/sistema-gypsotech\/","slug":"sistema-gypsotech","ekr_pallet_code":"FASSA_SISTEMA_GYPSOTECH"}],"product_pallet_code":"PROD_FASSAJOINT_EXTRA","lines":[{"id":3497512,"name":"SPACHTELUNGEN UND M\u00d6RTEL","permalink":"https:\/\/www.fassabortolo.it\/de\/produkte\/\/spachtelungen-und-mortel\/","slug":"spachtelungen-und-mortel","system_codes":["FASSA_SISTEMA_GYPSOTECH"],"ekr_pallet_code":"FASSA_LINEA_STUCCHI_E_MALTE_SISTEMA_GYPSOTECH"}],"use":["FASSAJOINT EXTRA wird in den Fugen zwischen Platten mit abgeflachter Kante und mit Verwendung eines Verst\u00e4rkungsbandes eingesetzt, ebenso in den Fugen zwischen Platten mit halbrunder und mit abgeflachter halbrunder Kante ohne Verwendung von Verst\u00e4rkungsb\u00e4ndern.","Grunds\u00e4tzlich ist die Verwendung des Verst\u00e4rkungsbandes jedoch immer zu empfehlen, auch bei Fugen zwischen Platten mit halbrunder Kante und mit abgeflachter halbrunder Kante, um eine bessere Fugenqualit\u00e4t zu erhalten.","Kann in Innenbereichen als Gl\u00e4tte auf Beton, sowie auf ausreichend koh\u00e4siven und festen Putzgr\u00fcnden auf Gips- oder Zementbasis verwendet werden.","Kann zur Verf\u00fcllung von L\u00f6chern, von Rissen und allgemeinen Oberfl\u00e4chenunregelm\u00e4\u00dfigkeiten verwendet werden, ebenso zur Befestigung von nicht metallischen Hydraulikanlagen."],"supply":["Spezials\u00e4cke mit Feuchtigkeitsschutz zu ca. 10 kg"],"attributes":{"Attributes_1":{"SPEZIELLE":"Spezielle","TROCKENSPACHTELMASSEN":"Trockenspachtelmassen"},"Attributes_2":{"INNENBEREICH":"Innenbereich"}},"___attributes":{"FASSA":{"FASSA_SISTEMA_GYPSOTECH":{"Attributes_1":["Spezielle","Trockenspachtelmassen"],"Attributes_2":["Innenbereich"]}}},"elastic_market_index":"it","structured_data":{"@context":"https:\/\/schema.org","@type":"Product","name":"FASSAJOINT EXTRA","description":["Gipskartonspachtel"],"url":"https:\/\/www.fassabortolo.it\/de\/produkte\/sistema-gypsotech\/spachtelungen-und-mortel\/fassajoint-extra","identifier":"PROD_FASSAJOINT_EXTRA","sku":"PROD_FASSAJOINT_EXTRA","image":"https:\/\/www.fassabortolo.it\/wp-content\/uploads\/media\/assets\/FASSAJOINT_EXTRA.jpg","brand":{"@type":"Brand","name":"Fassa Bortolo"},"manufacturer":{"@type":"Organization","name":"Fassa Bortolo","url":"https:\/\/www.fassabortolo.it"},"additionalProperty":[{"@type":"PropertyValue","name":"Use Case 1","value":"FASSAJOINT EXTRA wird in den Fugen zwischen Platten mit abgeflachter Kante und mit Verwendung eines Verst\u00e4rkungsbandes eingesetzt, ebenso in den Fugen zwischen Platten mit halbrunder und mit abgeflachter halbrunder Kante ohne Verwendung von Verst\u00e4rkungsb\u00e4ndern."},{"@type":"PropertyValue","name":"Use Case 2","value":"Grunds\u00e4tzlich ist die Verwendung des Verst\u00e4rkungsbandes jedoch immer zu empfehlen, auch bei Fugen zwischen Platten mit halbrunder Kante und mit abgeflachter halbrunder Kante, um eine bessere Fugenqualit\u00e4t zu erhalten."},{"@type":"PropertyValue","name":"Use Case 3","value":"Kann in Innenbereichen als Gl\u00e4tte auf Beton, sowie auf ausreichend koh\u00e4siven und festen Putzgr\u00fcnden auf Gips- oder Zementbasis verwendet werden."},{"@type":"PropertyValue","name":"Use Case 4","value":"Kann zur Verf\u00fcllung von L\u00f6chern, von Rissen und allgemeinen Oberfl\u00e4chenunregelm\u00e4\u00dfigkeiten verwendet werden, ebenso zur Befestigung von nicht metallischen Hydraulikanlagen."},{"@type":"PropertyValue","name":"Supply Information","value":"Spezials\u00e4cke mit Feuchtigkeitsschutz zu ca. 10 kg"},{"@type":"PropertyValue","name":"Attributes_1","value":"Spezielle"},{"@type":"PropertyValue","name":"Attributes_1","value":"Trockenspachtelmassen"},{"@type":"PropertyValue","name":"Attributes_2","value":"Innenbereich"}],"category":[{"@type":"ProductCollection","name":"SPACHTELUNGEN UND M\u00d6RTEL","identifier":"FASSA_LINEA_STUCCHI_E_MALTE_SISTEMA_GYPSOTECH"},{"@type":"Collection","name":"GYPSOTECH\u00ae-System","identifier":"FASSA_SISTEMA_GYPSOTECH"}],"inLanguage":"de"},"_links":{"self":[{"href":"https:\/\/www.fassabortolo.it\/de\/wp-json\/wp\/v2\/product\/3497720","targetHints":{"allow":["GET"]}}],"collection":[{"href":"https:\/\/www.fassabortolo.it\/de\/wp-json\/wp\/v2\/product"}],"about":[{"href":"https:\/\/www.fassabortolo.it\/de\/wp-json\/wp\/v2\/types\/product"}],"wp:attachment":[{"href":"https:\/\/www.fassabortolo.it\/de\/wp-json\/wp\/v2\/media?parent=3497720"}],"curies":[{"name":"wp","href":"https:\/\/api.w.org\/{rel}","templated":true}]}}