{"id":3497726,"date":"2026-01-20T15:04:01","date_gmt":"2026-01-20T14:04:01","guid":{"rendered":"http:\/\/10.6.201.155\/?post_type=product&#038;p=50825"},"modified":"2026-05-15T01:15:25","modified_gmt":"2026-05-14T23:15:25","slug":"fassajoint-2h","status":"publish","type":"product","link":"https:\/\/www.fassabortolo.it\/de\/produkte\/sistema-gypsotech\/spachtelungen-und-mortel\/fassajoint-2h","title":{"rendered":"FASSAJOINT 2H"},"content":{"rendered":"","protected":false},"featured_media":0,"template":"","class_list":["post-3497726","product","type-product","status-publish","hentry"],"acf":[],"fimg":{"url":"https:\/\/www.fassabortolo.it\/wp-content\/uploads\/media\/assets\/FASSAJOINT_2H.jpg","alt":"FASSAJOINT 2H"},"product_description":["Gipskartonspachtel"],"ekr_hierarchy_settings":{"it":{"FASSA_LINEA_STUCCHI_E_MALTE_SISTEMA_GYPSOTECH":{"ekr_position":3}},"es":{"FASSAES_LINEA_STUCCHI_E_MALTE_SISTEMA_GYPSOTECH":{"ekr_position":10}},"lu":{"FASSA_LINEA_STUCCHI_E_MALTE_SISTEMA_GYPSOTECH":{"ekr_position":7}}},"lang":{"language_code":"de","locale":"de_DE","text_direction":false,"display_name":"Deutsch","native_name":"Tedesco","different_language":false},"systems":[{"id":3497518,"name":"GYPSOTECH\u00ae-System","permalink":"https:\/\/www.fassabortolo.it\/de\/produkte\/sistema-gypsotech\/","slug":"sistema-gypsotech","ekr_pallet_code":"FASSA_SISTEMA_GYPSOTECH"}],"product_pallet_code":"PROD_FASSAJOINT_2H","lines":[{"id":3497512,"name":"SPACHTELUNGEN UND M\u00d6RTEL","permalink":"https:\/\/www.fassabortolo.it\/de\/produkte\/\/spachtelungen-und-mortel\/","slug":"spachtelungen-und-mortel","system_codes":["FASSA_SISTEMA_GYPSOTECH"],"ekr_pallet_code":"FASSA_LINEA_STUCCHI_E_MALTE_SISTEMA_GYPSOTECH"}],"use":["FASSAJOINT 2H &nbsp; wird als Fugenf\u00fcller von Gipskartonplatten im Beisein von Fugendeckstreifen verwendet.","Kann auch zur vollfl\u00e4chigen Verspachtelung von Gipskartonplatten und f\u00fcr kleinere Reparaturarbeiten an schadhaften aus Gips- oder Gipskartonteilen verwendet werden."],"supply":["Spezials\u00e4cke mit Feuchtigkeitsschutz zu ca. 5, 10 und 25 kg."],"attributes":{"Attributes_1":{"TROCKENSPACHTELMASSEN":"Trockenspachtelmassen"},"Attributes_2":{"INNENBEREICH":"Innenbereich"}},"___attributes":{"FASSAES":{"FASSA_SISTEMA_GYPSOTECH":{"Attributes_1":["Trockenspachtelmassen"],"Attributes_2":["Innenbereich"]}},"FASSA":{"FASSA_SISTEMA_GYPSOTECH":{"Attributes_1":["Trockenspachtelmassen"],"Attributes_2":["Innenbereich"]}}},"elastic_market_index":"it","structured_data":{"@context":"https:\/\/schema.org","@type":"Product","name":"FASSAJOINT 2H","description":["Gipskartonspachtel"],"url":"https:\/\/www.fassabortolo.it\/de\/produkte\/sistema-gypsotech\/spachtelungen-und-mortel\/fassajoint-2h","identifier":"PROD_FASSAJOINT_2H","sku":"PROD_FASSAJOINT_2H","image":"https:\/\/www.fassabortolo.it\/wp-content\/uploads\/media\/assets\/FASSAJOINT_2H.jpg","brand":{"@type":"Brand","name":"Fassa Bortolo"},"manufacturer":{"@type":"Organization","name":"Fassa Bortolo","url":"https:\/\/www.fassabortolo.it"},"additionalProperty":[{"@type":"PropertyValue","name":"Use Case 1","value":"FASSAJOINT 2H &nbsp; wird als Fugenf\u00fcller von Gipskartonplatten im Beisein von Fugendeckstreifen verwendet."},{"@type":"PropertyValue","name":"Use Case 2","value":"Kann auch zur vollfl\u00e4chigen Verspachtelung von Gipskartonplatten und f\u00fcr kleinere Reparaturarbeiten an schadhaften aus Gips- oder Gipskartonteilen verwendet werden."},{"@type":"PropertyValue","name":"Supply Information","value":"Spezials\u00e4cke mit Feuchtigkeitsschutz zu ca. 5, 10 und 25 kg."},{"@type":"PropertyValue","name":"Attributes_1","value":"Trockenspachtelmassen"},{"@type":"PropertyValue","name":"Attributes_2","value":"Innenbereich"}],"category":[{"@type":"ProductCollection","name":"SPACHTELUNGEN UND M\u00d6RTEL","identifier":"FASSA_LINEA_STUCCHI_E_MALTE_SISTEMA_GYPSOTECH"},{"@type":"Collection","name":"GYPSOTECH\u00ae-System","identifier":"FASSA_SISTEMA_GYPSOTECH"}],"inLanguage":"de"},"_links":{"self":[{"href":"https:\/\/www.fassabortolo.it\/de\/wp-json\/wp\/v2\/product\/3497726","targetHints":{"allow":["GET"]}}],"collection":[{"href":"https:\/\/www.fassabortolo.it\/de\/wp-json\/wp\/v2\/product"}],"about":[{"href":"https:\/\/www.fassabortolo.it\/de\/wp-json\/wp\/v2\/types\/product"}],"wp:attachment":[{"href":"https:\/\/www.fassabortolo.it\/de\/wp-json\/wp\/v2\/media?parent=3497726"}],"curies":[{"name":"wp","href":"https:\/\/api.w.org\/{rel}","templated":true}]}}