{"id":3497732,"date":"2026-01-20T15:04:14","date_gmt":"2026-01-20T14:04:14","guid":{"rendered":"http:\/\/10.6.201.155\/?post_type=product&#038;p=50855"},"modified":"2026-05-15T01:16:28","modified_gmt":"2026-05-14T23:16:28","slug":"fassanet-zr-350","status":"publish","type":"product","link":"https:\/\/www.fassabortolo.it\/de\/produkte\/konsolidierungs-und-strukturverstarkungssystem\/gewebenetze-und-gewebe\/fassanet-zr-350","title":{"rendered":"FASSANET ZR 350"},"content":{"rendered":"","protected":false},"featured_media":0,"template":"","class_list":["post-3497732","product","type-product","status-publish","hentry"],"acf":[],"fimg":{"url":"https:\/\/www.fassabortolo.it\/wp-content\/uploads\/media\/assets\/FASSANET_ZR_350.jpg","alt":"FASSANET ZR 350"},"product_description":["Bidirektionales, symmetrisches und alkalibest\u00e4ndiges Glasfasergewebe zur Anfertigung von FRCM-Systemen und von Umsturzvorrichtungen"],"ekr_hierarchy_settings":{"it":{"FASSA_LINEA_RETI_E_TESSUTI_SISTEMA_CONSOLIDAMENTO":{"ekr_position":5}},"ch":{"FASSA_LINEA_RETI_E_TESSUTI_SISTEMA_CONSOLIDAMENTO":{"ekr_position":3}},"lu":{"FASSA_LINEA_RETI_E_TESSUTI_SISTEMA_CONSOLIDAMENTO":{"ekr_position":3}}},"lang":{"language_code":"de","locale":"de_DE","text_direction":false,"display_name":"Deutsch","native_name":"Tedesco","different_language":false},"systems":[{"id":3497508,"name":"KONSOLIDIERUNGS- UND STRUKTURVERST\u00c4RKUNGSSYSTEM","permalink":"https:\/\/www.fassabortolo.it\/de\/produkte\/konsolidierungs-und-strukturverstarkungssystem\/","slug":"konsolidierungs-und-strukturverstarkungssystem","ekr_pallet_code":"FASSA_SISTEMA_CONSOLIDAMENTO_E_RINFORZO_STRUTTURALE"}],"product_pallet_code":"PROD_FASSANET_ZR_350","lines":[{"id":3497496,"name":"GEWEBENETZE UND GEWEBE","permalink":"https:\/\/www.fassabortolo.it\/de\/produkte\/\/gewebenetze-und-gewebe\/","slug":"gewebenetze-und-gewebe","system_codes":["FASSA_SISTEMA_CONSOLIDAMENTO_E_RINFORZO_STRUTTURALE"],"ekr_pallet_code":"FASSA_LINEA_RETI_E_TESSUTI_SISTEMA_CONSOLIDAMENTO"}],"use":["FASSANET ZR 350 wird zur Reparatur und Verst\u00e4rkung von Mauerwerksteilen verwendet (Mauerwerkspfeiler, Gew\u00f6lbe, B\u00f6gen usw.). &nbsp; Das Armierungsgelege dient der Verteilung der von seismischen Ph\u00e4nomenen verursachten Belastungen und verleiht dem Mauerwerk eine hohe Duktilit\u00e4t.","FASSANET ZR 350 ist ein Bestandteil des Konsolidierungsystems FASSANET ZR NHL SYSTEM: Betreffend die Verwendungsmodalit\u00e4ten ist das technische Datenblatt des Systems einzusehen.","F\u00fcr die Realisierung von Umsturzvorrichtungen mit Ziegelausfachungen kann dasselbe Gewebe verwendet werden. &nbsp; Bei einem unverputzten Untergrund ist das Gewebe in Kombination mit SISMA NHL FINO und den umlaufenden Verbindungselementen in Form der Spiralst\u00e4be FASSA ELIWALL vorgesehen."],"supply":["Rollen zu 50 m L\u00e4nge und 1 m Breite"],"attributes":{"Attributes_1":{"KIPPSCHUTZ":"Kippschutz","FRCM":"FRCM"},"Attributes_2":{"AUSSENBEREICH":"Au\u00dfenbereich","INNENBEREICH":"Innenbereich"}},"___attributes":{"FASSA":{"FASSA_SISTEMA_CONSOLIDAMENTO_E_RINFORZO_STRUTTURALE":{"Attributes_1":["Kippschutz","FRCM"],"Attributes_2":["Au\u00dfenbereich","Innenbereich"]}}},"elastic_market_index":"it","structured_data":{"@context":"https:\/\/schema.org","@type":"Product","name":"FASSANET ZR 350","description":["Bidirektionales, symmetrisches und alkalibest\u00e4ndiges Glasfasergewebe zur Anfertigung von FRCM-Systemen und von Umsturzvorrichtungen"],"url":"https:\/\/www.fassabortolo.it\/de\/produkte\/konsolidierungs-und-strukturverstarkungssystem\/gewebenetze-und-gewebe\/fassanet-zr-350","identifier":"PROD_FASSANET_ZR_350","sku":"PROD_FASSANET_ZR_350","image":"https:\/\/www.fassabortolo.it\/wp-content\/uploads\/media\/assets\/FASSANET_ZR_350.jpg","brand":{"@type":"Brand","name":"Fassa Bortolo"},"manufacturer":{"@type":"Organization","name":"Fassa Bortolo","url":"https:\/\/www.fassabortolo.it"},"additionalProperty":[{"@type":"PropertyValue","name":"Use Case 1","value":"FASSANET ZR 350 wird zur Reparatur und Verst\u00e4rkung von Mauerwerksteilen verwendet (Mauerwerkspfeiler, Gew\u00f6lbe, B\u00f6gen usw.). &nbsp; Das Armierungsgelege dient der Verteilung der von seismischen Ph\u00e4nomenen verursachten Belastungen und verleiht dem Mauerwerk eine hohe Duktilit\u00e4t."},{"@type":"PropertyValue","name":"Use Case 2","value":"FASSANET ZR 350 ist ein Bestandteil des Konsolidierungsystems FASSANET ZR NHL SYSTEM: Betreffend die Verwendungsmodalit\u00e4ten ist das technische Datenblatt des Systems einzusehen."},{"@type":"PropertyValue","name":"Use Case 3","value":"F\u00fcr die Realisierung von Umsturzvorrichtungen mit Ziegelausfachungen kann dasselbe Gewebe verwendet werden. &nbsp; Bei einem unverputzten Untergrund ist das Gewebe in Kombination mit SISMA NHL FINO und den umlaufenden Verbindungselementen in Form der Spiralst\u00e4be FASSA ELIWALL vorgesehen."},{"@type":"PropertyValue","name":"Supply Information","value":"Rollen zu 50 m L\u00e4nge und 1 m Breite"},{"@type":"PropertyValue","name":"Attributes_1","value":"Kippschutz"},{"@type":"PropertyValue","name":"Attributes_1","value":"FRCM"},{"@type":"PropertyValue","name":"Attributes_2","value":"Au\u00dfenbereich"},{"@type":"PropertyValue","name":"Attributes_2","value":"Innenbereich"}],"category":[{"@type":"ProductCollection","name":"GEWEBENETZE UND GEWEBE","identifier":"FASSA_LINEA_RETI_E_TESSUTI_SISTEMA_CONSOLIDAMENTO"},{"@type":"Collection","name":"KONSOLIDIERUNGS- UND STRUKTURVERST\u00c4RKUNGSSYSTEM","identifier":"FASSA_SISTEMA_CONSOLIDAMENTO_E_RINFORZO_STRUTTURALE"}],"inLanguage":"de"},"_links":{"self":[{"href":"https:\/\/www.fassabortolo.it\/de\/wp-json\/wp\/v2\/product\/3497732","targetHints":{"allow":["GET"]}}],"collection":[{"href":"https:\/\/www.fassabortolo.it\/de\/wp-json\/wp\/v2\/product"}],"about":[{"href":"https:\/\/www.fassabortolo.it\/de\/wp-json\/wp\/v2\/types\/product"}],"wp:attachment":[{"href":"https:\/\/www.fassabortolo.it\/de\/wp-json\/wp\/v2\/media?parent=3497732"}],"curies":[{"name":"wp","href":"https:\/\/api.w.org\/{rel}","templated":true}]}}