{"id":3497735,"date":"2026-01-20T15:04:15","date_gmt":"2026-01-20T14:04:15","guid":{"rendered":"http:\/\/10.6.201.155\/?post_type=product&#038;p=50866"},"modified":"2026-05-15T01:15:55","modified_gmt":"2026-05-14T23:15:55","slug":"fassanet-dna-450","status":"publish","type":"product","link":"https:\/\/www.fassabortolo.it\/de\/produkte\/sistema-isolamento-termico-fassatherm\/bewehrungsmatten\/fassanet-dna-450","title":{"rendered":"FASSANET DNA 450"},"content":{"rendered":"","protected":false},"featured_media":0,"template":"","class_list":["post-3497735","product","type-product","status-publish","hentry"],"acf":[],"fimg":{"url":"https:\/\/www.fassabortolo.it\/wp-content\/uploads\/media\/assets\/FASSANET_DNA_450.jpg","alt":"FASSANET DNA 450"},"product_description":["Alkalibest\u00e4ndiges, bidirektionales und symmetrisches Glasfaser-Armierungsgewebe f\u00fcr das weiterentwickelten W\u00e4rmed\u00e4mmsystem."],"ekr_hierarchy_settings":{"it":{"FASSA_LINEA_RETI_SISTEMA_ISOLAMENTO":{"ekr_position":0}},"ch":{"FASSA_LINEA_RETI_SISTEMA_ISOLAMENTO":{"ekr_position":2}},"es":{"FASSAES_LINEA_RETI_SISTEMA_ISOLAMENTO":{"ekr_position":3}},"lu":{"FASSA_LINEA_RETI_SISTEMA_ISOLAMENTO":{"ekr_position":2}}},"lang":{"language_code":"de","locale":"de_DE","text_direction":false,"display_name":"Deutsch","native_name":"Tedesco","different_language":false},"systems":[{"id":3497519,"name":"W\u00c4RMED\u00c4MMVERBUNDSYSTEM FASSATHERM\u00ae","permalink":"https:\/\/www.fassabortolo.it\/de\/produkte\/sistema-isolamento-termico-fassatherm\/","slug":"sistema-isolamento-termico-fassatherm","ekr_pallet_code":"FASSA_SISTEMA_ISOLAMENTO_TERMICO_FASSATHERM"}],"product_pallet_code":"PROD_FASSANET_DNA_450","lines":[{"id":3497495,"name":"BEWEHRUNGSMATTEN","permalink":"https:\/\/www.fassabortolo.it\/de\/produkte\/\/bewehrungsmatten\/","slug":"bewehrungsmatten","system_codes":["FASSA_SISTEMA_ISOLAMENTO_TERMICO_FASSATHERM"],"ekr_pallet_code":"FASSA_LINEA_RETI_SISTEMA_ISOLAMENTO"}],"use":["FASSANET DNA 450 &nbsp; wird als in die Putzschicht FASSA DNA HP oder FASSA DNA LIGHT eingebettetes Armierungsgewebe beim weiterentwickelten W\u00e4rmed\u00e4mmsystem FASSATHERM DNA verwendet. &nbsp; Wird in Kombination mit FASSA ROND 170 und FASSA TOP FIX 2G verwendet. Das Produkt zeichnet sich durch seine Starrheit aus, die eine Trockenbefestigung noch vor dem Aufspritzen des M\u00f6rtels erm\u00f6glicht."],"supply":["Rollen zu 25 m L\u00e4nge und 120 cm Breite"],"attributes":{"Attributes_1":[],"Attributes_2":{"AUSSENBEREICH":"Au\u00dfenbereich"}},"___attributes":{"FASSAES":{"FASSA_SISTEMA_ISOLAMENTO_TERMICO_FASSATHERM":{"Attributes_2":["Au\u00dfenbereich"]}},"FASSA":{"FASSA_SISTEMA_ISOLAMENTO_TERMICO_FASSATHERM":{"Attributes_2":["Au\u00dfenbereich"]}}},"elastic_market_index":"it","structured_data":{"@context":"https:\/\/schema.org","@type":"Product","name":"FASSANET DNA 450","description":["Alkalibest\u00e4ndiges, bidirektionales und symmetrisches Glasfaser-Armierungsgewebe f\u00fcr das weiterentwickelten W\u00e4rmed\u00e4mmsystem."],"url":"https:\/\/www.fassabortolo.it\/de\/produkte\/sistema-isolamento-termico-fassatherm\/bewehrungsmatten\/fassanet-dna-450","identifier":"PROD_FASSANET_DNA_450","sku":"PROD_FASSANET_DNA_450","image":"https:\/\/www.fassabortolo.it\/wp-content\/uploads\/media\/assets\/FASSANET_DNA_450.jpg","brand":{"@type":"Brand","name":"Fassa Bortolo"},"manufacturer":{"@type":"Organization","name":"Fassa Bortolo","url":"https:\/\/www.fassabortolo.it"},"additionalProperty":[{"@type":"PropertyValue","name":"Use Case 1","value":"FASSANET DNA 450 &nbsp; wird als in die Putzschicht FASSA DNA HP oder FASSA DNA LIGHT eingebettetes Armierungsgewebe beim weiterentwickelten W\u00e4rmed\u00e4mmsystem FASSATHERM DNA verwendet. &nbsp; Wird in Kombination mit FASSA ROND 170 und FASSA TOP FIX 2G verwendet. Das Produkt zeichnet sich durch seine Starrheit aus, die eine Trockenbefestigung noch vor dem Aufspritzen des M\u00f6rtels erm\u00f6glicht."},{"@type":"PropertyValue","name":"Supply Information","value":"Rollen zu 25 m L\u00e4nge und 120 cm Breite"},{"@type":"PropertyValue","name":"Attributes_2","value":"Au\u00dfenbereich"}],"category":[{"@type":"ProductCollection","name":"BEWEHRUNGSMATTEN","identifier":"FASSA_LINEA_RETI_SISTEMA_ISOLAMENTO"},{"@type":"Collection","name":"W\u00c4RMED\u00c4MMVERBUNDSYSTEM FASSATHERM\u00ae","identifier":"FASSA_SISTEMA_ISOLAMENTO_TERMICO_FASSATHERM"}],"inLanguage":"de"},"_links":{"self":[{"href":"https:\/\/www.fassabortolo.it\/de\/wp-json\/wp\/v2\/product\/3497735","targetHints":{"allow":["GET"]}}],"collection":[{"href":"https:\/\/www.fassabortolo.it\/de\/wp-json\/wp\/v2\/product"}],"about":[{"href":"https:\/\/www.fassabortolo.it\/de\/wp-json\/wp\/v2\/types\/product"}],"wp:attachment":[{"href":"https:\/\/www.fassabortolo.it\/de\/wp-json\/wp\/v2\/media?parent=3497735"}],"curies":[{"name":"wp","href":"https:\/\/api.w.org\/{rel}","templated":true}]}}