{"id":3497737,"date":"2026-01-20T15:04:14","date_gmt":"2026-01-20T14:04:14","guid":{"rendered":"http:\/\/10.6.201.155\/?post_type=product&#038;p=50876"},"modified":"2026-05-15T01:17:49","modified_gmt":"2026-05-14T23:17:49","slug":"fassanet-zr-185","status":"publish","type":"product","link":"https:\/\/www.fassabortolo.it\/de\/produkte\/konsolidierungs-und-strukturverstarkungssystem\/gewebenetze-und-gewebe\/fassanet-zr-185","title":{"rendered":"FASSANET ZR 185"},"content":{"rendered":"","protected":false},"featured_media":0,"template":"","class_list":["post-3497737","product","type-product","status-publish","hentry"],"acf":[],"fimg":{"url":"https:\/\/www.fassabortolo.it\/wp-content\/uploads\/media\/assets\/FASSANET_ZR_185.jpg","alt":"FASSANET ZR 185"},"product_description":["Bidirektionales, symmetrisches und alkalibest\u00e4ndiges Glasfasergewebe zur Anfertigung von FRCM-Systemen, von Umsturzvorrichtungen und eines Abplatzungsschutzes."],"ekr_hierarchy_settings":{"it":{"FASSA_LINEA_RETI_E_TESSUTI_SISTEMA_CONSOLIDAMENTO":{"ekr_position":4}},"ch":{"FASSA_LINEA_RETI_E_TESSUTI_SISTEMA_CONSOLIDAMENTO":{"ekr_position":4}},"es":{"FASSAES_LINEA_RETI_E_TESSUTI_SISTEMA_CONSOLIDAMENTO":{"ekr_position":2}},"lu":{"FASSA_LINEA_RETI_E_TESSUTI_SISTEMA_CONSOLIDAMENTO":{"ekr_position":4}}},"lang":{"language_code":"de","locale":"de_DE","text_direction":false,"display_name":"Deutsch","native_name":"Tedesco","different_language":false},"systems":[{"id":3497508,"name":"KONSOLIDIERUNGS- UND STRUKTURVERST\u00c4RKUNGSSYSTEM","permalink":"https:\/\/www.fassabortolo.it\/de\/produkte\/konsolidierungs-und-strukturverstarkungssystem\/","slug":"konsolidierungs-und-strukturverstarkungssystem","ekr_pallet_code":"FASSA_SISTEMA_CONSOLIDAMENTO_E_RINFORZO_STRUTTURALE"}],"product_pallet_code":"PROD_FASSANET_ZR_185","lines":[{"id":3497496,"name":"GEWEBENETZE UND GEWEBE","permalink":"https:\/\/www.fassabortolo.it\/de\/produkte\/\/gewebenetze-und-gewebe\/","slug":"gewebenetze-und-gewebe","system_codes":["FASSA_SISTEMA_CONSOLIDAMENTO_E_RINFORZO_STRUTTURALE"],"ekr_pallet_code":"FASSA_LINEA_RETI_E_TESSUTI_SISTEMA_CONSOLIDAMENTO"}],"use":["FASSANET ZR 185 wird zur Reparatur und Verst\u00e4rkung von Mauerwerksteilen verwendet (Mauerwerkspfeiler, Gew\u00f6lbe, B\u00f6gen usw.). &nbsp; Das Armierungsgelege dient der Verteilung der von seismischen Ph\u00e4nomenen verursachten Belastungen und verleiht dem Mauerwerk eine hohe Duktilit\u00e4t.","FASSANET ZR 185 ist ein Bestandteil des Konsolidierungsystems FASSANET ZR SYSTEM: Betreffend die Verwendungsmodalit\u00e4ten ist das technische Datenblatt des Systems einzusehen.","F\u00fcr die Realisierung von Umsturzvorrichtungen mit Ziegelausfachungen kann dasselbe Gewebe verwendet werden. &nbsp; Bei einem unverputzten Untergrund ist das Gewebe in Kombination mit SISMA R2 und den umlaufenden Verbindungselementen in Form der Spiralst\u00e4be FASSA ELIWALL vorgesehen. &nbsp; Bei einem verputzten Untergrund ist das Gewebe in Kombination mit FASSA K-OVER PLUS 3.30 und den umlaufenden Verbindungselementen in Form der Stahlschrauben RA-P in Verbindung mit dem Isolierteller IT 60\/5 H vorgesehen.","F\u00fcr die Realisierung eines Abplatzungsschutzes an verputzten Tonhohlplattendecken kann dasselbe Gewebe verwendet werden, und zwar in Kombination mit FASSA K-OVER PLUS 3.30 und den umlaufenden Verbindungselementen in Form der Stahlschrauben RA-P in Verbindung mit dem Isolierteller IT 60\/5 H.","FASSANET ZR 185 wird ferner auch als Armierungsgewebe in Putzm\u00f6rteln oder in einer Spachtelschicht, aufgebracht direkt auf einem Putzgrund (neu oder bestehend). &nbsp; Aufgrund der Maschengr\u00f6\u00dfe eignet es sich besonders f\u00fcr die Verwendung auf Spachtelungen von mittel-grober Korngr\u00f6\u00dfe."],"supply":["Rollen mit einer L\u00e4nge von 50 m und einer Breite von von 100 oder 50 cm"],"attributes":{"Attributes_1":{"KIPPSCHUTZ":"Kippschutz","DECKABL\u00d6SUNGSSCHUTZ":"Deckabl\u00f6sungsschutz","FRCM":"FRCM"},"Attributes_2":{"AUSSENBEREICH":"Au\u00dfenbereich","INNENBEREICH":"Innenbereich"}},"___attributes":{"FASSAES":{"FASSA_SISTEMA_CONSOLIDAMENTO_E_RINFORZO_STRUTTURALE":{"Attributes_1":["Kippschutz","Deckabl\u00f6sungsschutz","FRCM"],"Attributes_2":["Au\u00dfenbereich","Innenbereich"]},"FASSA_SISTEMA_ISOLAMENTO_TERMICO_FASSATHERM":{"Attributes_2":["Au\u00dfenbereich","Innenbereich"]}},"FASSA":{"FASSA_SISTEMA_CONSOLIDAMENTO_E_RINFORZO_STRUTTURALE":{"Attributes_1":["Kippschutz","Deckabl\u00f6sungsschutz","FRCM"],"Attributes_2":["Au\u00dfenbereich","Innenbereich"]}}},"elastic_market_index":"it","structured_data":{"@context":"https:\/\/schema.org","@type":"Product","name":"FASSANET ZR 185","description":["Bidirektionales, symmetrisches und alkalibest\u00e4ndiges Glasfasergewebe zur Anfertigung von FRCM-Systemen, von Umsturzvorrichtungen und eines Abplatzungsschutzes."],"url":"https:\/\/www.fassabortolo.it\/de\/produkte\/konsolidierungs-und-strukturverstarkungssystem\/gewebenetze-und-gewebe\/fassanet-zr-185","identifier":"PROD_FASSANET_ZR_185","sku":"PROD_FASSANET_ZR_185","image":"https:\/\/www.fassabortolo.it\/wp-content\/uploads\/media\/assets\/FASSANET_ZR_185.jpg","brand":{"@type":"Brand","name":"Fassa Bortolo"},"manufacturer":{"@type":"Organization","name":"Fassa Bortolo","url":"https:\/\/www.fassabortolo.it"},"additionalProperty":[{"@type":"PropertyValue","name":"Use Case 1","value":"FASSANET ZR 185 wird zur Reparatur und Verst\u00e4rkung von Mauerwerksteilen verwendet (Mauerwerkspfeiler, Gew\u00f6lbe, B\u00f6gen usw.). &nbsp; Das Armierungsgelege dient der Verteilung der von seismischen Ph\u00e4nomenen verursachten Belastungen und verleiht dem Mauerwerk eine hohe Duktilit\u00e4t."},{"@type":"PropertyValue","name":"Use Case 2","value":"FASSANET ZR 185 ist ein Bestandteil des Konsolidierungsystems FASSANET ZR SYSTEM: Betreffend die Verwendungsmodalit\u00e4ten ist das technische Datenblatt des Systems einzusehen."},{"@type":"PropertyValue","name":"Use Case 3","value":"F\u00fcr die Realisierung von Umsturzvorrichtungen mit Ziegelausfachungen kann dasselbe Gewebe verwendet werden. &nbsp; Bei einem unverputzten Untergrund ist das Gewebe in Kombination mit SISMA R2 und den umlaufenden Verbindungselementen in Form der Spiralst\u00e4be FASSA ELIWALL vorgesehen. &nbsp; Bei einem verputzten Untergrund ist das Gewebe in Kombination mit FASSA K-OVER PLUS 3.30 und den umlaufenden Verbindungselementen in Form der Stahlschrauben RA-P in Verbindung mit dem Isolierteller IT 60\/5 H vorgesehen."},{"@type":"PropertyValue","name":"Use Case 4","value":"F\u00fcr die Realisierung eines Abplatzungsschutzes an verputzten Tonhohlplattendecken kann dasselbe Gewebe verwendet werden, und zwar in Kombination mit FASSA K-OVER PLUS 3.30 und den umlaufenden Verbindungselementen in Form der Stahlschrauben RA-P in Verbindung mit dem Isolierteller IT 60\/5 H."},{"@type":"PropertyValue","name":"Use Case 5","value":"FASSANET ZR 185 wird ferner auch als Armierungsgewebe in Putzm\u00f6rteln oder in einer Spachtelschicht, aufgebracht direkt auf einem Putzgrund (neu oder bestehend). &nbsp; Aufgrund der Maschengr\u00f6\u00dfe eignet es sich besonders f\u00fcr die Verwendung auf Spachtelungen von mittel-grober Korngr\u00f6\u00dfe."},{"@type":"PropertyValue","name":"Supply Information","value":"Rollen mit einer L\u00e4nge von 50 m und einer Breite von von 100 oder 50 cm"},{"@type":"PropertyValue","name":"Attributes_1","value":"Kippschutz"},{"@type":"PropertyValue","name":"Attributes_1","value":"Deckabl\u00f6sungsschutz"},{"@type":"PropertyValue","name":"Attributes_1","value":"FRCM"},{"@type":"PropertyValue","name":"Attributes_2","value":"Au\u00dfenbereich"},{"@type":"PropertyValue","name":"Attributes_2","value":"Innenbereich"}],"category":[{"@type":"ProductCollection","name":"GEWEBENETZE UND GEWEBE","identifier":"FASSA_LINEA_RETI_E_TESSUTI_SISTEMA_CONSOLIDAMENTO"},{"@type":"Collection","name":"KONSOLIDIERUNGS- UND STRUKTURVERST\u00c4RKUNGSSYSTEM","identifier":"FASSA_SISTEMA_CONSOLIDAMENTO_E_RINFORZO_STRUTTURALE"}],"inLanguage":"de"},"_links":{"self":[{"href":"https:\/\/www.fassabortolo.it\/de\/wp-json\/wp\/v2\/product\/3497737","targetHints":{"allow":["GET"]}}],"collection":[{"href":"https:\/\/www.fassabortolo.it\/de\/wp-json\/wp\/v2\/product"}],"about":[{"href":"https:\/\/www.fassabortolo.it\/de\/wp-json\/wp\/v2\/types\/product"}],"wp:attachment":[{"href":"https:\/\/www.fassabortolo.it\/de\/wp-json\/wp\/v2\/media?parent=3497737"}],"curies":[{"name":"wp","href":"https:\/\/api.w.org\/{rel}","templated":true}]}}