{"id":3497739,"date":"2026-01-20T15:04:19","date_gmt":"2026-01-20T14:04:19","guid":{"rendered":"http:\/\/10.6.201.155\/?post_type=product&#038;p=50883"},"modified":"2026-05-15T01:15:42","modified_gmt":"2026-05-14T23:15:42","slug":"fassanet-arg-solid","status":"publish","type":"product","link":"https:\/\/www.fassabortolo.it\/de\/produkte\/konsolidierungs-und-strukturverstarkungssystem\/gewebenetze-und-gewebe\/fassanet-arg-solid","title":{"rendered":"FASSANET ARG SOLID"},"content":{"rendered":"","protected":false},"featured_media":0,"template":"","class_list":["post-3497739","product","type-product","status-publish","hentry"],"acf":[],"fimg":{"url":"https:\/\/www.fassabortolo.it\/wp-content\/uploads\/media\/assets\/FASSANET_ARG_SOLID.jpg","alt":"FASSANET ARG SOLID"},"product_description":["Bidirektionales simmetrisches Glasfaser-Armierungsgewebes zu 450 g\/m\u00b2 verst\u00e4rkt."],"ekr_hierarchy_settings":{"it":{"FASSA_LINEA_RETI_E_TESSUTI_SISTEMA_CONSOLIDAMENTO":{"ekr_position":1}},"lu":{"FASSA_LINEA_RETI_E_TESSUTI_SISTEMA_CONSOLIDAMENTO":{"ekr_position":6}}},"lang":{"language_code":"de","locale":"de_DE","text_direction":false,"display_name":"Deutsch","native_name":"Tedesco","different_language":false},"systems":[{"id":3497508,"name":"KONSOLIDIERUNGS- UND STRUKTURVERST\u00c4RKUNGSSYSTEM","permalink":"https:\/\/www.fassabortolo.it\/de\/produkte\/konsolidierungs-und-strukturverstarkungssystem\/","slug":"konsolidierungs-und-strukturverstarkungssystem","ekr_pallet_code":"FASSA_SISTEMA_CONSOLIDAMENTO_E_RINFORZO_STRUTTURALE"}],"product_pallet_code":"PROD_FASSANET_ARG_SOLID","lines":[{"id":3497496,"name":"GEWEBENETZE UND GEWEBE","permalink":"https:\/\/www.fassabortolo.it\/de\/produkte\/\/gewebenetze-und-gewebe\/","slug":"gewebenetze-und-gewebe","system_codes":["FASSA_SISTEMA_CONSOLIDAMENTO_E_RINFORZO_STRUTTURALE"],"ekr_pallet_code":"FASSA_LINEA_RETI_E_TESSUTI_SISTEMA_CONSOLIDAMENTO"}],"use":["FASSANET ARG SOLID wird zur Reparatur und Verst\u00e4rkung von Mauerwerksteilen verwendet (Mauerwerkspfeiler, Gew\u00f6lbe, B\u00f6gen usw.) mithilfe der Technik des bewehrten Putzm\u00f6rtels CRM verwendet. &nbsp; Das Armierungsgewebe erf\u00fcllt die Aufgabe, Spannungen entgegenzuwirken und die Belastung zu verteilen, die von seismischen Ph\u00e4nomenen hervorgerufen werden; ferner verleiht es dem Mauerwerk eine hohe Duktilit\u00e4t.","Das Produkt zeichnet sich durch seine Steifigkeit aus, die eine Trockenbefestigung noch vor dem Aufspritzen des M\u00f6rtels erm\u00f6glicht.","FASSANET ARG SOLID ist ein Bestandteil des Systems FASSANET SOLID SYSTEM: Die Verwendungsmodalit\u00e4ten sind dem technischen Systemdatenblatt zu entnehmen.","FASSANET ARG SOLID wird ferner zur Realisierung eines Abplatzungsschutzes an Tonhohlplattendecken verwendet, und zwar in Kombination mit MALTA STRUTTURALE NHL 770 und den umlaufenden Verbindungselementen in Form der Stahlschrauben RA-P in Verbindung mit dem Isolierteller IT 60\/5 H."],"supply":["Rollen zu 50 m L\u00e4nge und 120 cm Breite"],"attributes":{"Attributes_1":{"DECKABL\u00d6SUNGSSCHUTZ":"Deckabl\u00f6sungsschutz","CRM":"CRM"},"Attributes_2":{"AUSSENBEREICH":"Au\u00dfenbereich","INNENBEREICH":"Innenbereich"}},"___attributes":{"FASSAES":{"FASSA_SISTEMA_CONSOLIDAMENTO_E_RINFORZO_STRUTTURALE":{"Attributes_1":["Deckabl\u00f6sungsschutz","CRM"],"Attributes_2":["Au\u00dfenbereich","Innenbereich"]}},"FASSA":{"FASSA_SISTEMA_CONSOLIDAMENTO_E_RINFORZO_STRUTTURALE":{"Attributes_1":["Deckabl\u00f6sungsschutz","CRM"],"Attributes_2":["Au\u00dfenbereich","Innenbereich"]}}},"elastic_market_index":"it","structured_data":{"@context":"https:\/\/schema.org","@type":"Product","name":"FASSANET ARG SOLID","description":["Bidirektionales simmetrisches Glasfaser-Armierungsgewebes zu 450 g\/m\u00b2 verst\u00e4rkt."],"url":"https:\/\/www.fassabortolo.it\/de\/produkte\/konsolidierungs-und-strukturverstarkungssystem\/gewebenetze-und-gewebe\/fassanet-arg-solid","identifier":"PROD_FASSANET_ARG_SOLID","sku":"PROD_FASSANET_ARG_SOLID","image":"https:\/\/www.fassabortolo.it\/wp-content\/uploads\/media\/assets\/FASSANET_ARG_SOLID.jpg","brand":{"@type":"Brand","name":"Fassa Bortolo"},"manufacturer":{"@type":"Organization","name":"Fassa Bortolo","url":"https:\/\/www.fassabortolo.it"},"additionalProperty":[{"@type":"PropertyValue","name":"Use Case 1","value":"FASSANET ARG SOLID wird zur Reparatur und Verst\u00e4rkung von Mauerwerksteilen verwendet (Mauerwerkspfeiler, Gew\u00f6lbe, B\u00f6gen usw.) mithilfe der Technik des bewehrten Putzm\u00f6rtels CRM verwendet. &nbsp; Das Armierungsgewebe erf\u00fcllt die Aufgabe, Spannungen entgegenzuwirken und die Belastung zu verteilen, die von seismischen Ph\u00e4nomenen hervorgerufen werden; ferner verleiht es dem Mauerwerk eine hohe Duktilit\u00e4t."},{"@type":"PropertyValue","name":"Use Case 2","value":"Das Produkt zeichnet sich durch seine Steifigkeit aus, die eine Trockenbefestigung noch vor dem Aufspritzen des M\u00f6rtels erm\u00f6glicht."},{"@type":"PropertyValue","name":"Use Case 3","value":"FASSANET ARG SOLID ist ein Bestandteil des Systems FASSANET SOLID SYSTEM: Die Verwendungsmodalit\u00e4ten sind dem technischen Systemdatenblatt zu entnehmen."},{"@type":"PropertyValue","name":"Use Case 4","value":"FASSANET ARG SOLID wird ferner zur Realisierung eines Abplatzungsschutzes an Tonhohlplattendecken verwendet, und zwar in Kombination mit MALTA STRUTTURALE NHL 770 und den umlaufenden Verbindungselementen in Form der Stahlschrauben RA-P in Verbindung mit dem Isolierteller IT 60\/5 H."},{"@type":"PropertyValue","name":"Supply Information","value":"Rollen zu 50 m L\u00e4nge und 120 cm Breite"},{"@type":"PropertyValue","name":"Attributes_1","value":"Deckabl\u00f6sungsschutz"},{"@type":"PropertyValue","name":"Attributes_1","value":"CRM"},{"@type":"PropertyValue","name":"Attributes_2","value":"Au\u00dfenbereich"},{"@type":"PropertyValue","name":"Attributes_2","value":"Innenbereich"}],"category":[{"@type":"ProductCollection","name":"GEWEBENETZE UND GEWEBE","identifier":"FASSA_LINEA_RETI_E_TESSUTI_SISTEMA_CONSOLIDAMENTO"},{"@type":"Collection","name":"KONSOLIDIERUNGS- UND STRUKTURVERST\u00c4RKUNGSSYSTEM","identifier":"FASSA_SISTEMA_CONSOLIDAMENTO_E_RINFORZO_STRUTTURALE"}],"inLanguage":"de"},"_links":{"self":[{"href":"https:\/\/www.fassabortolo.it\/de\/wp-json\/wp\/v2\/product\/3497739","targetHints":{"allow":["GET"]}}],"collection":[{"href":"https:\/\/www.fassabortolo.it\/de\/wp-json\/wp\/v2\/product"}],"about":[{"href":"https:\/\/www.fassabortolo.it\/de\/wp-json\/wp\/v2\/types\/product"}],"wp:attachment":[{"href":"https:\/\/www.fassabortolo.it\/de\/wp-json\/wp\/v2\/media?parent=3497739"}],"curies":[{"name":"wp","href":"https:\/\/api.w.org\/{rel}","templated":true}]}}