{"id":3497742,"date":"2026-01-20T15:04:26","date_gmt":"2026-01-20T14:04:26","guid":{"rendered":"http:\/\/10.6.201.155\/?post_type=product&#038;p=50893"},"modified":"2026-05-15T01:17:41","modified_gmt":"2026-05-14T23:17:41","slug":"fassasil-ntr-plus","status":"publish","type":"product","link":"https:\/\/www.fassabortolo.it\/de\/produkte\/verlegesystem-fur-boden-und-wandbelage\/fassafill-fugenversiegler\/fassasil-ntr-plus","title":{"rendered":"FASSASIL NTR PLUS"},"content":{"rendered":"","protected":false},"featured_media":0,"template":"","class_list":["post-3497742","product","type-product","status-publish","hentry"],"acf":[],"fimg":{"url":"https:\/\/www.fassabortolo.it\/wp-content\/uploads\/media\/assets\/FASSASIL_NTR_PLUS.jpg","alt":"FASSASIL NTR PLUS"},"product_description":["Neutralvernetzende Silikon-Dichtmasse und niedrigem E-Modul, schimmelpilz- und algenbest\u00e4ndig."],"ekr_hierarchy_settings":{"it":{"FASSA_LINEA_FASSAFILL_SIGILLANTI_PER_FUGHE_SISTEMA_POSA":{"ekr_position":6}},"es":{"FASSAES_LINEA_FASSAFILL_SIGILLANTI_PER_FUGHE_SISTEMA_POSA":{"ekr_position":4}},"lu":{"FASSA_LINEA_FASSAFILL_SIGILLANTI_PER_FUGHE_SISTEMA_POSA":{"ekr_position":15}}},"lang":{"language_code":"de","locale":"de_DE","text_direction":false,"display_name":"Deutsch","native_name":"Tedesco","different_language":false},"systems":[{"id":3497517,"name":"VERLEGESYSTEM F\u00dcR BODEN- UND WANDBEL\u00c4GE","permalink":"https:\/\/www.fassabortolo.it\/de\/produkte\/verlegesystem-fur-boden-und-wandbelage\/","slug":"verlegesystem-fur-boden-und-wandbelage","ekr_pallet_code":"FASSA_SISTEMA_POSA_PAVIMENTI_E_RIVESTIMENTI"}],"product_pallet_code":"PROD_FASSASIL_NTR_PLUS","lines":[{"id":3497451,"name":"FASSAFILL &#8211; FUGENVERSIEGLER","permalink":"https:\/\/www.fassabortolo.it\/de\/produkte\/\/fassafill-fugenversiegler\/","slug":"fassafill-fugenversiegler","system_codes":["FASSA_SISTEMA_POSA_PAVIMENTI_E_RIVESTIMENTI"],"ekr_pallet_code":"FASSA_LINEA_FASSAFILL_SIGILLANTI_PER_FUGHE_SISTEMA_POSA"}],"use":null,"supply":["Kartonschachteln mit 12 Spezialkartuschen zu jeweils 300 ml","Farbt\u00f6ne: &nbsp; transparent und in 17 Farbt\u00f6nen erh\u00e4ltlich &nbsp; (siehe Farbtabelle)"],"attributes":{"Attributes_1":{"SILIKONVERSIEGLER":"Silikonversiegler"},"Attributes_2":{"AUSSENBEREICH":"Au\u00dfenbereich","INNENBEREICH":"Innenbereich"}},"___attributes":{"FASSAES":{"FASSA_SISTEMA_POSA_PAVIMENTI_E_RIVESTIMENTI":{"Attributes_1":["Silikonversiegler"],"Attributes_2":["Au\u00dfenbereich","Innenbereich"]}},"FASSA":{"FASSA_SISTEMA_POSA_PAVIMENTI_E_RIVESTIMENTI":{"Attributes_1":["Silikonversiegler"],"Attributes_2":["Au\u00dfenbereich","Innenbereich"]}}},"elastic_market_index":"it","structured_data":{"@context":"https:\/\/schema.org","@type":"Product","name":"FASSASIL NTR PLUS","description":["Neutralvernetzende Silikon-Dichtmasse und niedrigem E-Modul, schimmelpilz- und algenbest\u00e4ndig."],"url":"https:\/\/www.fassabortolo.it\/de\/produkte\/verlegesystem-fur-boden-und-wandbelage\/fassafill-fugenversiegler\/fassasil-ntr-plus","identifier":"PROD_FASSASIL_NTR_PLUS","sku":"PROD_FASSASIL_NTR_PLUS","image":"https:\/\/www.fassabortolo.it\/wp-content\/uploads\/media\/assets\/FASSASIL_NTR_PLUS.jpg","brand":{"@type":"Brand","name":"Fassa Bortolo"},"manufacturer":{"@type":"Organization","name":"Fassa Bortolo","url":"https:\/\/www.fassabortolo.it"},"additionalProperty":[{"@type":"PropertyValue","name":"Supply Information","value":"Kartonschachteln mit 12 Spezialkartuschen zu jeweils 300 ml"},{"@type":"PropertyValue","name":"Supply Information","value":"Farbt\u00f6ne: &nbsp; transparent und in 17 Farbt\u00f6nen erh\u00e4ltlich &nbsp; (siehe Farbtabelle)"},{"@type":"PropertyValue","name":"Attributes_1","value":"Silikonversiegler"},{"@type":"PropertyValue","name":"Attributes_2","value":"Au\u00dfenbereich"},{"@type":"PropertyValue","name":"Attributes_2","value":"Innenbereich"}],"category":[{"@type":"ProductCollection","name":"FASSAFILL &#8211; FUGENVERSIEGLER","identifier":"FASSA_LINEA_FASSAFILL_SIGILLANTI_PER_FUGHE_SISTEMA_POSA"},{"@type":"Collection","name":"VERLEGESYSTEM F\u00dcR BODEN- UND WANDBEL\u00c4GE","identifier":"FASSA_SISTEMA_POSA_PAVIMENTI_E_RIVESTIMENTI"}],"inLanguage":"de"},"_links":{"self":[{"href":"https:\/\/www.fassabortolo.it\/de\/wp-json\/wp\/v2\/product\/3497742","targetHints":{"allow":["GET"]}}],"collection":[{"href":"https:\/\/www.fassabortolo.it\/de\/wp-json\/wp\/v2\/product"}],"about":[{"href":"https:\/\/www.fassabortolo.it\/de\/wp-json\/wp\/v2\/types\/product"}],"wp:attachment":[{"href":"https:\/\/www.fassabortolo.it\/de\/wp-json\/wp\/v2\/media?parent=3497742"}],"curies":[{"name":"wp","href":"https:\/\/api.w.org\/{rel}","templated":true}]}}