{"id":3497747,"date":"2026-01-20T15:04:50","date_gmt":"2026-01-20T14:04:50","guid":{"rendered":"http:\/\/10.6.201.155\/?post_type=product&#038;p=50908"},"modified":"2026-05-15T01:16:45","modified_gmt":"2026-05-14T23:16:45","slug":"fassatnt-80","status":"publish","type":"product","link":"https:\/\/www.fassabortolo.it\/de\/produkte\/verlegesystem-fur-boden-und-wandbelage\/aquazip-wasserundurchlassige-dichtstoffe\/fassatnt-80","title":{"rendered":"FASSATNT 80"},"content":{"rendered":"","protected":false},"featured_media":0,"template":"","class_list":["post-3497747","product","type-product","status-publish","hentry"],"acf":[],"fimg":{"url":"https:\/\/www.fassabortolo.it\/wp-content\/uploads\/media\/assets\/FASSATNT.jpg","alt":"FASSATNT 80"},"product_description":["Makroperforiertes Vlies aus Polypropylen zur Bewehrung von Abdichtsystemen"],"ekr_hierarchy_settings":{"it":{"FASSA_LINEA_AQUAZIP_IMPERMEABILIZZANTI_SISTEMA_POSA":{"ekr_position":17}},"ch":{"FASSA_LINEA_AQUAZIP_IMPERMEABILIZZANTI_SISTEMA_POSA":{"ekr_position":4}},"es":{"FASSAES_LINEA_AQUAZIP_IMPERMEABILIZZANTI_SISTEMA_POSA":{"ekr_position":3}},"lu":{"FASSA_LINEA_AQUAZIP_IMPERMEABILIZZANTI_SISTEMA_POSA":{"ekr_position":4}}},"lang":{"language_code":"de","locale":"de_DE","text_direction":false,"display_name":"Deutsch","native_name":"Tedesco","different_language":false},"systems":[{"id":3497517,"name":"VERLEGESYSTEM F\u00dcR BODEN- UND WANDBEL\u00c4GE","permalink":"https:\/\/www.fassabortolo.it\/de\/produkte\/verlegesystem-fur-boden-und-wandbelage\/","slug":"verlegesystem-fur-boden-und-wandbelage","ekr_pallet_code":"FASSA_SISTEMA_POSA_PAVIMENTI_E_RIVESTIMENTI"}],"product_pallet_code":"PROD_FASSATNT_80","lines":[{"id":3497450,"name":"AQUAZIP\u00ae &#8211; WASSERUNDURCHL\u00c4SSIGE DICHTSTOFFE","permalink":"https:\/\/www.fassabortolo.it\/de\/produkte\/\/aquazip-wasserundurchlassige-dichtstoffe\/","slug":"aquazip-wasserundurchlassige-dichtstoffe","system_codes":["FASSA_SISTEMA_POSA_PAVIMENTI_E_RIVESTIMENTI"],"ekr_pallet_code":"FASSA_LINEA_AQUAZIP_IMPERMEABILIZZANTI_SISTEMA_POSA"}],"use":["FASSATNT 80 wird als Armierung zur Bewehrung von Abdichtsystemen wie AQUAZIP<sup>\u00ae<\/sup> verwendet. &nbsp; Diese Ma\u00dfnahme minimiert, sofern das Produkt auf stark beanspruchten Bereichen oder jedenfalls beim Auftreten gr\u00f6\u00dferer Rissbildungen verarbeitet wird, das Auftreten von Mirkorissen, welche die Dichtheit der Dichtmasse beeintr\u00e4chtigen k\u00f6nnen.","Das Gewebevlies FASSATNT 80 hat die Aufgabe, die Sto\u00dffestigkeit des Systems zu verbessern und Spannungen aufgrund von Thermoschocks und den Folgen des Schwindens entgegenzuwirken und somit der Bildung von Spalten und Rissen vorzubeugen, oder jedenfalls deren Entstehung entgegenzuwirken."],"supply":["FASSATNT 80 wird in Rollen zu 25 m L\u00e4nge und 1 m Breite ausgeliefert."],"attributes":{"Attributes_1":{"ZUBEH\u00d6RTEILE":"Zubeh\u00f6rteile"},"Attributes_2":{"AUSSENBEREICH":"Au\u00dfenbereich","INNENBEREICH":"Innenbereich"}},"___attributes":{"FASSAES":{"FASSA_SISTEMA_POSA_PAVIMENTI_E_RIVESTIMENTI":{"Attributes_1":["Zubeh\u00f6rteile"],"Attributes_2":["Au\u00dfenbereich","Innenbereich"]}},"FASSA":{"FASSA_SISTEMA_POSA_PAVIMENTI_E_RIVESTIMENTI":{"Attributes_1":["Zubeh\u00f6rteile"],"Attributes_2":["Au\u00dfenbereich","Innenbereich"]}}},"elastic_market_index":"it","structured_data":{"@context":"https:\/\/schema.org","@type":"Product","name":"FASSATNT 80","description":["Makroperforiertes Vlies aus Polypropylen zur Bewehrung von Abdichtsystemen"],"url":"https:\/\/www.fassabortolo.it\/de\/produkte\/verlegesystem-fur-boden-und-wandbelage\/aquazip-wasserundurchlassige-dichtstoffe\/fassatnt-80","identifier":"PROD_FASSATNT_80","sku":"PROD_FASSATNT_80","image":"https:\/\/www.fassabortolo.it\/wp-content\/uploads\/media\/assets\/FASSATNT.jpg","brand":{"@type":"Brand","name":"Fassa Bortolo"},"manufacturer":{"@type":"Organization","name":"Fassa Bortolo","url":"https:\/\/www.fassabortolo.it"},"additionalProperty":[{"@type":"PropertyValue","name":"Use Case 1","value":"FASSATNT 80 wird als Armierung zur Bewehrung von Abdichtsystemen wie AQUAZIP<sup>\u00ae<\/sup> verwendet. &nbsp; Diese Ma\u00dfnahme minimiert, sofern das Produkt auf stark beanspruchten Bereichen oder jedenfalls beim Auftreten gr\u00f6\u00dferer Rissbildungen verarbeitet wird, das Auftreten von Mirkorissen, welche die Dichtheit der Dichtmasse beeintr\u00e4chtigen k\u00f6nnen."},{"@type":"PropertyValue","name":"Use Case 2","value":"Das Gewebevlies FASSATNT 80 hat die Aufgabe, die Sto\u00dffestigkeit des Systems zu verbessern und Spannungen aufgrund von Thermoschocks und den Folgen des Schwindens entgegenzuwirken und somit der Bildung von Spalten und Rissen vorzubeugen, oder jedenfalls deren Entstehung entgegenzuwirken."},{"@type":"PropertyValue","name":"Supply Information","value":"FASSATNT 80 wird in Rollen zu 25 m L\u00e4nge und 1 m Breite ausgeliefert."},{"@type":"PropertyValue","name":"Attributes_1","value":"Zubeh\u00f6rteile"},{"@type":"PropertyValue","name":"Attributes_2","value":"Au\u00dfenbereich"},{"@type":"PropertyValue","name":"Attributes_2","value":"Innenbereich"}],"category":[{"@type":"ProductCollection","name":"AQUAZIP\u00ae &#8211; WASSERUNDURCHL\u00c4SSIGE DICHTSTOFFE","identifier":"FASSA_LINEA_AQUAZIP_IMPERMEABILIZZANTI_SISTEMA_POSA"},{"@type":"Collection","name":"VERLEGESYSTEM F\u00dcR BODEN- UND WANDBEL\u00c4GE","identifier":"FASSA_SISTEMA_POSA_PAVIMENTI_E_RIVESTIMENTI"}],"inLanguage":"de"},"_links":{"self":[{"href":"https:\/\/www.fassabortolo.it\/de\/wp-json\/wp\/v2\/product\/3497747","targetHints":{"allow":["GET"]}}],"collection":[{"href":"https:\/\/www.fassabortolo.it\/de\/wp-json\/wp\/v2\/product"}],"about":[{"href":"https:\/\/www.fassabortolo.it\/de\/wp-json\/wp\/v2\/types\/product"}],"wp:attachment":[{"href":"https:\/\/www.fassabortolo.it\/de\/wp-json\/wp\/v2\/media?parent=3497747"}],"curies":[{"name":"wp","href":"https:\/\/api.w.org\/{rel}","templated":true}]}}