{"id":3497748,"date":"2026-01-20T15:04:26","date_gmt":"2026-01-20T14:04:26","guid":{"rendered":"http:\/\/10.6.201.155\/?post_type=product&#038;p=50915"},"modified":"2026-05-15T01:16:52","modified_gmt":"2026-05-14T23:16:52","slug":"fassatex-steel-system","status":"publish","type":"product","link":"https:\/\/www.fassabortolo.it\/de\/produkte\/konsolidierungs-und-strukturverstarkungssystem\/sistemi-frcm\/fassatex-steel-system","title":{"rendered":"FASSATEX STEEL SYSTEM"},"content":{"rendered":"","protected":false},"featured_media":0,"template":"","class_list":["post-3497748","product","type-product","status-publish","hentry"],"acf":[],"fimg":{"url":"https:\/\/www.fassabortolo.it\/wp-content\/uploads\/media\/assets\/FASSATEX_STEEL_SYSTEM.jpg","alt":"FASSATEX STEEL SYSTEM"},"product_description":["FRCM Verst\u00e4rkungssystem, bestehend aus dem unidirektionalen Drahtgewebe aus Edelstahlfaser FASSATEX STEEL 650 und der einkomponentigen hochfesten Matrix SISMA R4."],"ekr_hierarchy_settings":{"it":{"FASSA_LINEA_SISTEMI_FRCM_SISTEMA_CONSOLIDAMENTO":{"ekr_position":3}},"ch":{"FASSA_LINEA_SISTEMI_FRCM_SISTEMA_CONSOLIDAMENTO":{"ekr_position":1}},"lu":{"FASSA_LINEA_SISTEMI_FRCM_SISTEMA_CONSOLIDAMENTO":{"ekr_position":1}}},"lang":{"language_code":"de","locale":"de_DE","text_direction":false,"display_name":"Deutsch","native_name":"Tedesco","different_language":false},"systems":[{"id":3497508,"name":"KONSOLIDIERUNGS- UND STRUKTURVERST\u00c4RKUNGSSYSTEM","permalink":"https:\/\/www.fassabortolo.it\/de\/produkte\/konsolidierungs-und-strukturverstarkungssystem\/","slug":"konsolidierungs-und-strukturverstarkungssystem","ekr_pallet_code":"FASSA_SISTEMA_CONSOLIDAMENTO_E_RINFORZO_STRUTTURALE"}],"product_pallet_code":"PROD_FASSATEX_STEEL_SYSTEM","lines":[{"id":3497499,"name":"SISTEMI FRCM","permalink":"https:\/\/www.fassabortolo.it\/de\/produkte\/\/sistemi-frcm\/","slug":"sistemi-frcm","system_codes":["FASSA_SISTEMA_CONSOLIDAMENTO_E_RINFORZO_STRUTTURALE"],"ekr_pallet_code":"FASSA_LINEA_SISTEMI_FRCM_SISTEMA_CONSOLIDAMENTO"}],"use":["FASSATEX STEEL SYSTEM wird zur Verst\u00e4rkung von Bauteilen aus Stahlbeton und aus vorgespanntem Stahlbeton mithilfe der Technik der d\u00fcnnschichtigen Belegung in Streifen verwendet. &nbsp; Das System erf\u00fcllt den Zweck, die von statischen und seismischen Ph\u00e4nomenen hervorgerufenen Belastungen zu verteilen, und dem Bauwerk hohe Duktilit\u00e4t zu verleihen.","<\/br> Nachstehend eine nicht ersch\u00f6pfende Auflistung von realisierbaren Verst\u00e4rkungsma\u00dfnahmen mit dem System FASSATEX STEEL SYSTEM:","Steigerung der Biege- und Scherfestigkeit von Balken","Steigerung der Tragf\u00e4higkeit und Duktilit\u00e4t von Pfeilern mittels Einschlie\u00dfung","Steigerung der Tragf\u00e4higkeit von Decken aus Latero-Zement","Verst\u00e4rkung von Betontrennw\u00e4nden"],"supply":["FASSATEX STEEL 650 : &nbsp; Rollen mit 25 m L\u00e4nge und 30 cm Breite","FASSA STEEL CONNECTOR : &nbsp; Rollen mit 10 m L\u00e4nge und 10 mm Durchmesser","SISMA R4 : &nbsp; in feuchtigkeitsgesch\u00fctzten Spezials\u00e4cken zu ca. 25 kg","FASSA ANCHOR V : &nbsp; Kartuschen zu jeweils 400 ml mit statischem Mischer (12 St\u00fcck pro Schachtel)","FASSA TE 60\/50 : &nbsp; Abpackung zu 100 St\u00fcck","Die Produktionscharge jeder einzelnen Komponente ist auf dem auf jeder Verpackung angebrachten Etikett angegeben."],"attributes":{"Attributes_1":[],"Attributes_2":{"AUSSENBEREICH":"Au\u00dfenbereich","INNENBEREICH":"Innenbereich"}},"___attributes":{"FASSA":{"FASSA_SISTEMA_CONSOLIDAMENTO_E_RINFORZO_STRUTTURALE":{"Attributes_2":["Au\u00dfenbereich","Innenbereich"]}}},"elastic_market_index":"it","structured_data":{"@context":"https:\/\/schema.org","@type":"Product","name":"FASSATEX STEEL SYSTEM","description":["FRCM Verst\u00e4rkungssystem, bestehend aus dem unidirektionalen Drahtgewebe aus Edelstahlfaser FASSATEX STEEL 650 und der einkomponentigen hochfesten Matrix SISMA R4."],"url":"https:\/\/www.fassabortolo.it\/de\/produkte\/konsolidierungs-und-strukturverstarkungssystem\/sistemi-frcm\/fassatex-steel-system","identifier":"PROD_FASSATEX_STEEL_SYSTEM","sku":"PROD_FASSATEX_STEEL_SYSTEM","image":"https:\/\/www.fassabortolo.it\/wp-content\/uploads\/media\/assets\/FASSATEX_STEEL_SYSTEM.jpg","brand":{"@type":"Brand","name":"Fassa Bortolo"},"manufacturer":{"@type":"Organization","name":"Fassa Bortolo","url":"https:\/\/www.fassabortolo.it"},"additionalProperty":[{"@type":"PropertyValue","name":"Use Case 1","value":"FASSATEX STEEL SYSTEM wird zur Verst\u00e4rkung von Bauteilen aus Stahlbeton und aus vorgespanntem Stahlbeton mithilfe der Technik der d\u00fcnnschichtigen Belegung in Streifen verwendet. &nbsp; Das System erf\u00fcllt den Zweck, die von statischen und seismischen Ph\u00e4nomenen hervorgerufenen Belastungen zu verteilen, und dem Bauwerk hohe Duktilit\u00e4t zu verleihen."},{"@type":"PropertyValue","name":"Use Case 2","value":"<\/br> Nachstehend eine nicht ersch\u00f6pfende Auflistung von realisierbaren Verst\u00e4rkungsma\u00dfnahmen mit dem System FASSATEX STEEL SYSTEM:"},{"@type":"PropertyValue","name":"Use Case 3","value":"Steigerung der Biege- und Scherfestigkeit von Balken"},{"@type":"PropertyValue","name":"Use Case 4","value":"Steigerung der Tragf\u00e4higkeit und Duktilit\u00e4t von Pfeilern mittels Einschlie\u00dfung"},{"@type":"PropertyValue","name":"Use Case 5","value":"Steigerung der Tragf\u00e4higkeit von Decken aus Latero-Zement"},{"@type":"PropertyValue","name":"Use Case 6","value":"Verst\u00e4rkung von Betontrennw\u00e4nden"},{"@type":"PropertyValue","name":"Supply Information","value":"FASSATEX STEEL 650 : &nbsp; Rollen mit 25 m L\u00e4nge und 30 cm Breite"},{"@type":"PropertyValue","name":"Supply Information","value":"FASSA STEEL CONNECTOR : &nbsp; Rollen mit 10 m L\u00e4nge und 10 mm Durchmesser"},{"@type":"PropertyValue","name":"Supply Information","value":"SISMA R4 : &nbsp; in feuchtigkeitsgesch\u00fctzten Spezials\u00e4cken zu ca. 25 kg"},{"@type":"PropertyValue","name":"Supply Information","value":"FASSA ANCHOR V : &nbsp; Kartuschen zu jeweils 400 ml mit statischem Mischer (12 St\u00fcck pro Schachtel)"},{"@type":"PropertyValue","name":"Supply Information","value":"FASSA TE 60\/50 : &nbsp; Abpackung zu 100 St\u00fcck"},{"@type":"PropertyValue","name":"Supply Information","value":"Die Produktionscharge jeder einzelnen Komponente ist auf dem auf jeder Verpackung angebrachten Etikett angegeben."},{"@type":"PropertyValue","name":"Attributes_2","value":"Au\u00dfenbereich"},{"@type":"PropertyValue","name":"Attributes_2","value":"Innenbereich"}],"category":[{"@type":"ProductCollection","name":"SISTEMI FRCM","identifier":"FASSA_LINEA_SISTEMI_FRCM_SISTEMA_CONSOLIDAMENTO"},{"@type":"Collection","name":"KONSOLIDIERUNGS- UND STRUKTURVERST\u00c4RKUNGSSYSTEM","identifier":"FASSA_SISTEMA_CONSOLIDAMENTO_E_RINFORZO_STRUTTURALE"}],"inLanguage":"de"},"_links":{"self":[{"href":"https:\/\/www.fassabortolo.it\/de\/wp-json\/wp\/v2\/product\/3497748","targetHints":{"allow":["GET"]}}],"collection":[{"href":"https:\/\/www.fassabortolo.it\/de\/wp-json\/wp\/v2\/product"}],"about":[{"href":"https:\/\/www.fassabortolo.it\/de\/wp-json\/wp\/v2\/types\/product"}],"wp:attachment":[{"href":"https:\/\/www.fassabortolo.it\/de\/wp-json\/wp\/v2\/media?parent=3497748"}],"curies":[{"name":"wp","href":"https:\/\/api.w.org\/{rel}","templated":true}]}}