{"id":3497749,"date":"2026-01-20T15:04:34","date_gmt":"2026-01-20T14:04:34","guid":{"rendered":"http:\/\/10.6.201.155\/?post_type=product&#038;p=50917"},"modified":"2026-05-15T01:16:25","modified_gmt":"2026-05-14T23:16:25","slug":"fassanet-zr-nhl-system","status":"publish","type":"product","link":"https:\/\/www.fassabortolo.it\/de\/produkte\/konsolidierungs-und-strukturverstarkungssystem\/sistemi-frcm\/fassanet-zr-nhl-system","title":{"rendered":"FASSANET ZR NHL SYSTEM"},"content":{"rendered":"","protected":false},"featured_media":0,"template":"","class_list":["post-3497749","product","type-product","status-publish","hentry"],"acf":[],"fimg":{"url":"https:\/\/www.fassabortolo.it\/wp-content\/uploads\/media\/assets\/FASSANET_ZR_NHL_SYSTEM.jpg","alt":"FASSANET ZR NHL SYSTEM"},"product_description":["FASSANET ZR NHL SYSTEM ist ein FRCM Verst\u00e4rkungssystem, bestehend aus einem AR-Glasfasergewebe und einem spezifischen Einkomponenten-M\u00f6rtel auf Basis hydraulischen Naturkalks NHL 3.5"],"ekr_hierarchy_settings":{"it":{"FASSA_LINEA_SISTEMI_FRCM_SISTEMA_CONSOLIDAMENTO":{"ekr_position":0}},"ch":{"FASSA_LINEA_SISTEMI_FRCM_SISTEMA_CONSOLIDAMENTO":{"ekr_position":0}},"lu":{"FASSA_LINEA_SISTEMI_FRCM_SISTEMA_CONSOLIDAMENTO":{"ekr_position":0}}},"lang":{"language_code":"de","locale":"de_DE","text_direction":false,"display_name":"Deutsch","native_name":"Tedesco","different_language":false},"systems":[{"id":3497508,"name":"KONSOLIDIERUNGS- UND STRUKTURVERST\u00c4RKUNGSSYSTEM","permalink":"https:\/\/www.fassabortolo.it\/de\/produkte\/konsolidierungs-und-strukturverstarkungssystem\/","slug":"konsolidierungs-und-strukturverstarkungssystem","ekr_pallet_code":"FASSA_SISTEMA_CONSOLIDAMENTO_E_RINFORZO_STRUTTURALE"}],"product_pallet_code":"PROD_FASSANET_ZR_NHL_SYSTEM","lines":[{"id":3497499,"name":"SISTEMI FRCM","permalink":"https:\/\/www.fassabortolo.it\/de\/produkte\/\/sistemi-frcm\/","slug":"sistemi-frcm","system_codes":["FASSA_SISTEMA_CONSOLIDAMENTO_E_RINFORZO_STRUTTURALE"],"ekr_pallet_code":"FASSA_LINEA_SISTEMI_FRCM_SISTEMA_CONSOLIDAMENTO"}],"use":["FASSANET ZR NHL SYSTEM wird zur Verst\u00e4rkung von Mauerwerksteilen (aus Ziegelstein, Tuffstein, Bruchstein) mit der Technik des fl\u00e4chenabdeckenden, d\u00fcnnschichtigen Eingriffs verwendet. &nbsp; Das System dient dazu, die durch statische und sismische Ph\u00e4nomene verursachten Spannungen zu verteilen und somit dem Mauerwerk hohe Duktilit\u00e4t zu verleihen.","<\/br> Nachstehend eine nichtersch\u00f6pfende Auflistung der mit dem System FASSANET ZR NHL SYSTEM ausf\u00fchrbaren Verst\u00e4rkungsma\u00dfnahmen:","Schub- und Biegedruckbewehrung von Mauerwerkstr\u00e4gern","Bewehrung von Mauerwerksb\u00f6gen und -gew\u00f6lben","Umfassung von Mauerwerks\u00e4ulen","Verst\u00e4rkung von tragenden und nichttragenden Bauteilen, wie Ausfachungen und Trennw\u00e4nde aus Ziegelstein"],"supply":["FASSANET ZR 350 : &nbsp; Rollen zu 50 m L\u00e4nge und 100 cm Breite","FASSAWRAP GLASS : &nbsp; Rollen zu jeweils 10 m mit 10 mm Durchmesser","FASSA GLASS CONNECTOR L : &nbsp; Abpackung zu 50 St\u00fcck","FASSA ANCHOR V : &nbsp; Kartuschen zu jeweils 400 ml mit statischem Mischer (12 St\u00fcck pro Schachtel)","FASSA EPOXY 200 : &nbsp; 5 kg (4 kg Komp. A + 1 kg Komp. B)","SISMA NHL FINO : &nbsp; in feuchtigkeitsgesch\u00fctzten Spezials\u00e4cken zu ca. 25 kg","Die Produktionscharge jeder einzelnen Komponente ist auf dem auf jeder Verpackung angebrachten Etikett angegeben."],"attributes":{"Attributes_1":[],"Attributes_2":{"AUSSENBEREICH":"Au\u00dfenbereich","INNENBEREICH":"Innenbereich"}},"___attributes":{"FASSA":{"FASSA_SISTEMA_CONSOLIDAMENTO_E_RINFORZO_STRUTTURALE":{"Attributes_2":["Au\u00dfenbereich","Innenbereich"]}}},"elastic_market_index":"it","structured_data":{"@context":"https:\/\/schema.org","@type":"Product","name":"FASSANET ZR NHL SYSTEM","description":["FASSANET ZR NHL SYSTEM ist ein FRCM Verst\u00e4rkungssystem, bestehend aus einem AR-Glasfasergewebe und einem spezifischen Einkomponenten-M\u00f6rtel auf Basis hydraulischen Naturkalks NHL 3.5"],"url":"https:\/\/www.fassabortolo.it\/de\/produkte\/konsolidierungs-und-strukturverstarkungssystem\/sistemi-frcm\/fassanet-zr-nhl-system","identifier":"PROD_FASSANET_ZR_NHL_SYSTEM","sku":"PROD_FASSANET_ZR_NHL_SYSTEM","image":"https:\/\/www.fassabortolo.it\/wp-content\/uploads\/media\/assets\/FASSANET_ZR_NHL_SYSTEM.jpg","brand":{"@type":"Brand","name":"Fassa Bortolo"},"manufacturer":{"@type":"Organization","name":"Fassa Bortolo","url":"https:\/\/www.fassabortolo.it"},"additionalProperty":[{"@type":"PropertyValue","name":"Use Case 1","value":"FASSANET ZR NHL SYSTEM wird zur Verst\u00e4rkung von Mauerwerksteilen (aus Ziegelstein, Tuffstein, Bruchstein) mit der Technik des fl\u00e4chenabdeckenden, d\u00fcnnschichtigen Eingriffs verwendet. &nbsp; Das System dient dazu, die durch statische und sismische Ph\u00e4nomene verursachten Spannungen zu verteilen und somit dem Mauerwerk hohe Duktilit\u00e4t zu verleihen."},{"@type":"PropertyValue","name":"Use Case 2","value":"<\/br> Nachstehend eine nichtersch\u00f6pfende Auflistung der mit dem System FASSANET ZR NHL SYSTEM ausf\u00fchrbaren Verst\u00e4rkungsma\u00dfnahmen:"},{"@type":"PropertyValue","name":"Use Case 3","value":"Schub- und Biegedruckbewehrung von Mauerwerkstr\u00e4gern"},{"@type":"PropertyValue","name":"Use Case 4","value":"Bewehrung von Mauerwerksb\u00f6gen und -gew\u00f6lben"},{"@type":"PropertyValue","name":"Use Case 5","value":"Umfassung von Mauerwerks\u00e4ulen"},{"@type":"PropertyValue","name":"Use Case 6","value":"Verst\u00e4rkung von tragenden und nichttragenden Bauteilen, wie Ausfachungen und Trennw\u00e4nde aus Ziegelstein"},{"@type":"PropertyValue","name":"Supply Information","value":"FASSANET ZR 350 : &nbsp; Rollen zu 50 m L\u00e4nge und 100 cm Breite"},{"@type":"PropertyValue","name":"Supply Information","value":"FASSAWRAP GLASS : &nbsp; Rollen zu jeweils 10 m mit 10 mm Durchmesser"},{"@type":"PropertyValue","name":"Supply Information","value":"FASSA GLASS CONNECTOR L : &nbsp; Abpackung zu 50 St\u00fcck"},{"@type":"PropertyValue","name":"Supply Information","value":"FASSA ANCHOR V : &nbsp; Kartuschen zu jeweils 400 ml mit statischem Mischer (12 St\u00fcck pro Schachtel)"},{"@type":"PropertyValue","name":"Supply Information","value":"FASSA EPOXY 200 : &nbsp; 5 kg (4 kg Komp. A + 1 kg Komp. B)"},{"@type":"PropertyValue","name":"Supply Information","value":"SISMA NHL FINO : &nbsp; in feuchtigkeitsgesch\u00fctzten Spezials\u00e4cken zu ca. 25 kg"},{"@type":"PropertyValue","name":"Supply Information","value":"Die Produktionscharge jeder einzelnen Komponente ist auf dem auf jeder Verpackung angebrachten Etikett angegeben."},{"@type":"PropertyValue","name":"Attributes_2","value":"Au\u00dfenbereich"},{"@type":"PropertyValue","name":"Attributes_2","value":"Innenbereich"}],"category":[{"@type":"ProductCollection","name":"SISTEMI FRCM","identifier":"FASSA_LINEA_SISTEMI_FRCM_SISTEMA_CONSOLIDAMENTO"},{"@type":"Collection","name":"KONSOLIDIERUNGS- UND STRUKTURVERST\u00c4RKUNGSSYSTEM","identifier":"FASSA_SISTEMA_CONSOLIDAMENTO_E_RINFORZO_STRUTTURALE"}],"inLanguage":"de"},"_links":{"self":[{"href":"https:\/\/www.fassabortolo.it\/de\/wp-json\/wp\/v2\/product\/3497749","targetHints":{"allow":["GET"]}}],"collection":[{"href":"https:\/\/www.fassabortolo.it\/de\/wp-json\/wp\/v2\/product"}],"about":[{"href":"https:\/\/www.fassabortolo.it\/de\/wp-json\/wp\/v2\/types\/product"}],"wp:attachment":[{"href":"https:\/\/www.fassabortolo.it\/de\/wp-json\/wp\/v2\/media?parent=3497749"}],"curies":[{"name":"wp","href":"https:\/\/api.w.org\/{rel}","templated":true}]}}