{"id":3497750,"date":"2026-01-20T15:04:28","date_gmt":"2026-01-20T14:04:28","guid":{"rendered":"http:\/\/10.6.201.155\/?post_type=product&#038;p=50922"},"modified":"2026-05-15T01:16:58","modified_gmt":"2026-05-14T23:16:58","slug":"fassatex-steel-nhl-system","status":"publish","type":"product","link":"https:\/\/www.fassabortolo.it\/de\/produkte\/konsolidierungs-und-strukturverstarkungssystem\/sistemi-frcm\/fassatex-steel-nhl-system","title":{"rendered":"FASSATEX STEEL NHL SYSTEM"},"content":{"rendered":"","protected":false},"featured_media":0,"template":"","class_list":["post-3497750","product","type-product","status-publish","hentry"],"acf":[],"fimg":{"url":"https:\/\/www.fassabortolo.it\/wp-content\/uploads\/media\/assets\/FASSATEX_STEEL_NHL_SYSTEM.jpg","alt":"FASSATEX STEEL NHL SYSTEM"},"product_description":["FASSA STEEL NHL SYSTEM ist ein FRCM Verst\u00e4rkungssystem, bestehend aus dem unidirektionalen Edelstahlfasergewebe FASSATEX STEEL 650 und der einkomponentigen Matrix auf Basis hydraulischen Naturkalks SISMA NHL FINO."],"ekr_hierarchy_settings":{"it":{"FASSA_LINEA_SISTEMI_FRCM_SISTEMA_CONSOLIDAMENTO":{"ekr_position":2}},"ch":{"FASSA_LINEA_SISTEMI_FRCM_SISTEMA_CONSOLIDAMENTO":{"ekr_position":2}},"lu":{"FASSA_LINEA_SISTEMI_FRCM_SISTEMA_CONSOLIDAMENTO":{"ekr_position":2}}},"lang":{"language_code":"de","locale":"de_DE","text_direction":false,"display_name":"Deutsch","native_name":"Tedesco","different_language":false},"systems":[{"id":3497508,"name":"KONSOLIDIERUNGS- UND STRUKTURVERST\u00c4RKUNGSSYSTEM","permalink":"https:\/\/www.fassabortolo.it\/de\/produkte\/konsolidierungs-und-strukturverstarkungssystem\/","slug":"konsolidierungs-und-strukturverstarkungssystem","ekr_pallet_code":"FASSA_SISTEMA_CONSOLIDAMENTO_E_RINFORZO_STRUTTURALE"}],"product_pallet_code":"PROD_FASSATEX_STEEL_NHL_SYSTEM","lines":[{"id":3497499,"name":"SISTEMI FRCM","permalink":"https:\/\/www.fassabortolo.it\/de\/produkte\/\/sistemi-frcm\/","slug":"sistemi-frcm","system_codes":["FASSA_SISTEMA_CONSOLIDAMENTO_E_RINFORZO_STRUTTURALE"],"ekr_pallet_code":"FASSA_LINEA_SISTEMI_FRCM_SISTEMA_CONSOLIDAMENTO"}],"use":["FASSATEX STEEL NHL SYSTEM wird zur Verst\u00e4rkung von Tragmauerwerken (aus Ziegelstein, Tuffstein, Bruchstein) mithilfe der Technik der d\u00fcnnschichtigen Belegung in Streifen verwendet. &nbsp; Das System dient dazu, die durch statische und sismische Ph\u00e4nomene verursachten Spannungen zu verteilen und somit dem Mauerwerk hohe Duktilit\u00e4t zu verleihen.","<\/br> Nachstehend eine nicht ersch\u00f6pfende Auflistung von realisierbaren Verst\u00e4rkungsma\u00dfnahmen mit dem System FASSATEX STEEL NHL SYSTEM:","Schub- und Biegedruckbewehrung von Mauerwerkstr\u00e4gern","Bewehrung von Mauerwerksb\u00f6gen und -gew\u00f6lben","Einschlie\u00dfung von Mauerwerkspfeilern","Anfertigung von Ringbalken aus bewehrtem Mauerwerk","Au\u00dfenumrandung von Mauerwerksbauten"],"supply":["FASSATEX STEEL 650 : &nbsp; Rollen mit 25 m L\u00e4nge und 30 cm Breite","FASSA STEEL CONNECTOR : &nbsp; Rollen mit 10 m L\u00e4nge und 10 mm Durchmesser","SISMA NHL FINO : &nbsp; in feuchtigkeitsgesch\u00fctzten Spezials\u00e4cken zu ca. 25 kg","FASSA ANCHOR V : &nbsp; Kartuschen zu jeweils 400 ml mit statischem Mischer (12 St\u00fcck pro Schachtel)","FASSA TE 60\/50 : &nbsp; Abpackung zu 100 St\u00fcck","Die Produktionscharge jeder einzelnen Komponente ist auf dem auf jeder Verpackung angebrachten Etikett angegeben."],"attributes":{"Attributes_1":[],"Attributes_2":{"AUSSENBEREICH":"Au\u00dfenbereich","INNENBEREICH":"Innenbereich"}},"___attributes":{"FASSA":{"FASSA_SISTEMA_CONSOLIDAMENTO_E_RINFORZO_STRUTTURALE":{"Attributes_2":["Au\u00dfenbereich","Innenbereich"]}}},"elastic_market_index":"it","structured_data":{"@context":"https:\/\/schema.org","@type":"Product","name":"FASSATEX STEEL NHL SYSTEM","description":["FASSA STEEL NHL SYSTEM ist ein FRCM Verst\u00e4rkungssystem, bestehend aus dem unidirektionalen Edelstahlfasergewebe FASSATEX STEEL 650 und der einkomponentigen Matrix auf Basis hydraulischen Naturkalks SISMA NHL FINO."],"url":"https:\/\/www.fassabortolo.it\/de\/produkte\/konsolidierungs-und-strukturverstarkungssystem\/sistemi-frcm\/fassatex-steel-nhl-system","identifier":"PROD_FASSATEX_STEEL_NHL_SYSTEM","sku":"PROD_FASSATEX_STEEL_NHL_SYSTEM","image":"https:\/\/www.fassabortolo.it\/wp-content\/uploads\/media\/assets\/FASSATEX_STEEL_NHL_SYSTEM.jpg","brand":{"@type":"Brand","name":"Fassa Bortolo"},"manufacturer":{"@type":"Organization","name":"Fassa Bortolo","url":"https:\/\/www.fassabortolo.it"},"additionalProperty":[{"@type":"PropertyValue","name":"Use Case 1","value":"FASSATEX STEEL NHL SYSTEM wird zur Verst\u00e4rkung von Tragmauerwerken (aus Ziegelstein, Tuffstein, Bruchstein) mithilfe der Technik der d\u00fcnnschichtigen Belegung in Streifen verwendet. &nbsp; Das System dient dazu, die durch statische und sismische Ph\u00e4nomene verursachten Spannungen zu verteilen und somit dem Mauerwerk hohe Duktilit\u00e4t zu verleihen."},{"@type":"PropertyValue","name":"Use Case 2","value":"<\/br> Nachstehend eine nicht ersch\u00f6pfende Auflistung von realisierbaren Verst\u00e4rkungsma\u00dfnahmen mit dem System FASSATEX STEEL NHL SYSTEM:"},{"@type":"PropertyValue","name":"Use Case 3","value":"Schub- und Biegedruckbewehrung von Mauerwerkstr\u00e4gern"},{"@type":"PropertyValue","name":"Use Case 4","value":"Bewehrung von Mauerwerksb\u00f6gen und -gew\u00f6lben"},{"@type":"PropertyValue","name":"Use Case 5","value":"Einschlie\u00dfung von Mauerwerkspfeilern"},{"@type":"PropertyValue","name":"Use Case 6","value":"Anfertigung von Ringbalken aus bewehrtem Mauerwerk"},{"@type":"PropertyValue","name":"Use Case 7","value":"Au\u00dfenumrandung von Mauerwerksbauten"},{"@type":"PropertyValue","name":"Supply Information","value":"FASSATEX STEEL 650 : &nbsp; Rollen mit 25 m L\u00e4nge und 30 cm Breite"},{"@type":"PropertyValue","name":"Supply Information","value":"FASSA STEEL CONNECTOR : &nbsp; Rollen mit 10 m L\u00e4nge und 10 mm Durchmesser"},{"@type":"PropertyValue","name":"Supply Information","value":"SISMA NHL FINO : &nbsp; in feuchtigkeitsgesch\u00fctzten Spezials\u00e4cken zu ca. 25 kg"},{"@type":"PropertyValue","name":"Supply Information","value":"FASSA ANCHOR V : &nbsp; Kartuschen zu jeweils 400 ml mit statischem Mischer (12 St\u00fcck pro Schachtel)"},{"@type":"PropertyValue","name":"Supply Information","value":"FASSA TE 60\/50 : &nbsp; Abpackung zu 100 St\u00fcck"},{"@type":"PropertyValue","name":"Supply Information","value":"Die Produktionscharge jeder einzelnen Komponente ist auf dem auf jeder Verpackung angebrachten Etikett angegeben."},{"@type":"PropertyValue","name":"Attributes_2","value":"Au\u00dfenbereich"},{"@type":"PropertyValue","name":"Attributes_2","value":"Innenbereich"}],"category":[{"@type":"ProductCollection","name":"SISTEMI FRCM","identifier":"FASSA_LINEA_SISTEMI_FRCM_SISTEMA_CONSOLIDAMENTO"},{"@type":"Collection","name":"KONSOLIDIERUNGS- UND STRUKTURVERST\u00c4RKUNGSSYSTEM","identifier":"FASSA_SISTEMA_CONSOLIDAMENTO_E_RINFORZO_STRUTTURALE"}],"inLanguage":"de"},"_links":{"self":[{"href":"https:\/\/www.fassabortolo.it\/de\/wp-json\/wp\/v2\/product\/3497750","targetHints":{"allow":["GET"]}}],"collection":[{"href":"https:\/\/www.fassabortolo.it\/de\/wp-json\/wp\/v2\/product"}],"about":[{"href":"https:\/\/www.fassabortolo.it\/de\/wp-json\/wp\/v2\/types\/product"}],"wp:attachment":[{"href":"https:\/\/www.fassabortolo.it\/de\/wp-json\/wp\/v2\/media?parent=3497750"}],"curies":[{"name":"wp","href":"https:\/\/api.w.org\/{rel}","templated":true}]}}