{"id":3497751,"date":"2026-01-20T15:04:29","date_gmt":"2026-01-20T14:04:29","guid":{"rendered":"http:\/\/10.6.201.155\/?post_type=product&#038;p=50926"},"modified":"2026-05-15T01:17:32","modified_gmt":"2026-05-14T23:17:32","slug":"fassaplate-carbon-system","status":"publish","type":"product","link":"https:\/\/www.fassabortolo.it\/de\/produkte\/konsolidierungs-und-strukturverstarkungssystem\/frp-systems\/fassaplate-carbon-system","title":{"rendered":"FASSAPLATE CARBON SYSTEM"},"content":{"rendered":"","protected":false},"featured_media":0,"template":"","class_list":["post-3497751","product","type-product","status-publish","hentry"],"acf":[],"fimg":{"url":"https:\/\/www.fassabortolo.it\/wp-content\/uploads\/media\/assets\/FASSAPLATE_CARBON_SYSTEM.jpg","alt":"FASSAPLATE CARBON SYSTEM"},"product_description":["FKV System zur Strukturverst\u00e4rkung, bestehend aus einer pultrudierten Carbonfaserlamelle mit gesteigerter Oberfl\u00e4chenhaftung und einem Epoxydklebstoff f\u00fcr die Verklebung"],"ekr_hierarchy_settings":{"it":{"FASSA_LINEA_SISTEMI_FRP_SISTEMA_CONSOLIDAMENTO":{"ekr_position":3}},"ch":{"FASSA_LINEA_SISTEMI_FRP_SISTEMA_CONSOLIDAMENTO":{"ekr_position":0}},"lu":{"FASSA_LINEA_SISTEMI_FRP_SISTEMA_CONSOLIDAMENTO":{"ekr_position":0}}},"lang":{"language_code":"de","locale":"de_DE","text_direction":false,"display_name":"Deutsch","native_name":"Tedesco","different_language":false},"systems":[{"id":3497508,"name":"KONSOLIDIERUNGS- UND STRUKTURVERST\u00c4RKUNGSSYSTEM","permalink":"https:\/\/www.fassabortolo.it\/de\/produkte\/konsolidierungs-und-strukturverstarkungssystem\/","slug":"konsolidierungs-und-strukturverstarkungssystem","ekr_pallet_code":"FASSA_SISTEMA_CONSOLIDAMENTO_E_RINFORZO_STRUTTURALE"}],"product_pallet_code":"PROD_FASSAPLATE_CARBON_SYSTEM","lines":[{"id":3497497,"name":"FRP SYSTEMS","permalink":"https:\/\/www.fassabortolo.it\/de\/produkte\/\/frp-systems\/","slug":"frp-systems","system_codes":["FASSA_SISTEMA_CONSOLIDAMENTO_E_RINFORZO_STRUTTURALE"],"ekr_pallet_code":"FASSA_LINEA_SISTEMI_FRP_SISTEMA_CONSOLIDAMENTO"}],"use":["FASSAPLATE CARBON SYSTEM wird zur Strukturverst\u00e4rkung von Bauteilen aus Stahlbeton oder Spannbeton verwendet.","Bei den Anwendungstypologien von FASSAPLATE CARBON SYSTEM handelt es sich haupts\u00e4chlich um Verst\u00e4rkungsma\u00dfnahmen an Strukturen, deren Tragf\u00e4higkeit nicht mehr den gebrauchspezifischen Anforderungen an die Statik und Dynamik entspricht, wie beispielsweise infolge anhaltenden Verfalls der verwendeten Baumaterialien, infolge von Strukturbesch\u00e4digungen durch seismische T\u00e4tigkeit, von Br\u00e4nden oder Einbr\u00fcchen der Fundamente, von \u00c4nderungen des Struktursystems bedingt durch neue Anforderungen in architektonischer oder verwendungsspezifischer Hinsicht.","Beispielsweise erinnern wir, in einer bei weitem nicht allumfasseden Aufstellung, an eine Reihe von Verst\u00e4rkungsma\u00dfnahmen, die mit dem System realisierbar sind:","Steigerung der Tragf\u00e4higkeit von Ziegeltr\u00e4gerdecken;","Steigerung der Biegezugfestigkeit von Balken;","Verst\u00e4rkung von Viaduktplatten;","Verst\u00e4rkung von Zufahrtsrampen bei Zivil- und Industriegeb\u00e4uden;","Verst\u00e4rkung von Strukturen mit gro\u00dfem Kr\u00fcmmungsradius."],"supply":["FASSAPLATE CARBON HHM, HM e S: &nbsp; Rollen mit einer L\u00e4nge von 25 m und einer Breite von 5-10 cm","FASSA EPOXY 400: &nbsp; Komp. A &nbsp; 4,5 kg &nbsp; - &nbsp; Komp. B &nbsp; 1,5 kg","Die Produktionscharge jeder einzelnen Komponente ist auf dem auf jeder Verpackung angebrachten Etikett angegeben."],"attributes":{"Attributes_1":[],"Attributes_2":{"AUSSENBEREICH":"Au\u00dfenbereich","INNENBEREICH":"Innenbereich"}},"___attributes":{"FASSA":{"FASSA_SISTEMA_CONSOLIDAMENTO_E_RINFORZO_STRUTTURALE":{"Attributes_2":["Au\u00dfenbereich","Innenbereich"]}}},"elastic_market_index":"it","structured_data":{"@context":"https:\/\/schema.org","@type":"Product","name":"FASSAPLATE CARBON SYSTEM","description":["FKV System zur Strukturverst\u00e4rkung, bestehend aus einer pultrudierten Carbonfaserlamelle mit gesteigerter Oberfl\u00e4chenhaftung und einem Epoxydklebstoff f\u00fcr die Verklebung"],"url":"https:\/\/www.fassabortolo.it\/de\/produkte\/konsolidierungs-und-strukturverstarkungssystem\/frp-systems\/fassaplate-carbon-system","identifier":"PROD_FASSAPLATE_CARBON_SYSTEM","sku":"PROD_FASSAPLATE_CARBON_SYSTEM","image":"https:\/\/www.fassabortolo.it\/wp-content\/uploads\/media\/assets\/FASSAPLATE_CARBON_SYSTEM.jpg","brand":{"@type":"Brand","name":"Fassa Bortolo"},"manufacturer":{"@type":"Organization","name":"Fassa Bortolo","url":"https:\/\/www.fassabortolo.it"},"additionalProperty":[{"@type":"PropertyValue","name":"Use Case 1","value":"FASSAPLATE CARBON SYSTEM wird zur Strukturverst\u00e4rkung von Bauteilen aus Stahlbeton oder Spannbeton verwendet."},{"@type":"PropertyValue","name":"Use Case 2","value":"Bei den Anwendungstypologien von FASSAPLATE CARBON SYSTEM handelt es sich haupts\u00e4chlich um Verst\u00e4rkungsma\u00dfnahmen an Strukturen, deren Tragf\u00e4higkeit nicht mehr den gebrauchspezifischen Anforderungen an die Statik und Dynamik entspricht, wie beispielsweise infolge anhaltenden Verfalls der verwendeten Baumaterialien, infolge von Strukturbesch\u00e4digungen durch seismische T\u00e4tigkeit, von Br\u00e4nden oder Einbr\u00fcchen der Fundamente, von \u00c4nderungen des Struktursystems bedingt durch neue Anforderungen in architektonischer oder verwendungsspezifischer Hinsicht."},{"@type":"PropertyValue","name":"Use Case 3","value":"Beispielsweise erinnern wir, in einer bei weitem nicht allumfasseden Aufstellung, an eine Reihe von Verst\u00e4rkungsma\u00dfnahmen, die mit dem System realisierbar sind:"},{"@type":"PropertyValue","name":"Use Case 4","value":"Steigerung der Tragf\u00e4higkeit von Ziegeltr\u00e4gerdecken;"},{"@type":"PropertyValue","name":"Use Case 5","value":"Steigerung der Biegezugfestigkeit von Balken;"},{"@type":"PropertyValue","name":"Use Case 6","value":"Verst\u00e4rkung von Viaduktplatten;"},{"@type":"PropertyValue","name":"Use Case 7","value":"Verst\u00e4rkung von Zufahrtsrampen bei Zivil- und Industriegeb\u00e4uden;"},{"@type":"PropertyValue","name":"Use Case 8","value":"Verst\u00e4rkung von Strukturen mit gro\u00dfem Kr\u00fcmmungsradius."},{"@type":"PropertyValue","name":"Supply Information","value":"FASSAPLATE CARBON HHM, HM e S: &nbsp; Rollen mit einer L\u00e4nge von 25 m und einer Breite von 5-10 cm"},{"@type":"PropertyValue","name":"Supply Information","value":"FASSA EPOXY 400: &nbsp; Komp. A &nbsp; 4,5 kg &nbsp; - &nbsp; Komp. B &nbsp; 1,5 kg"},{"@type":"PropertyValue","name":"Supply Information","value":"Die Produktionscharge jeder einzelnen Komponente ist auf dem auf jeder Verpackung angebrachten Etikett angegeben."},{"@type":"PropertyValue","name":"Attributes_2","value":"Au\u00dfenbereich"},{"@type":"PropertyValue","name":"Attributes_2","value":"Innenbereich"}],"category":[{"@type":"ProductCollection","name":"FRP SYSTEMS","identifier":"FASSA_LINEA_SISTEMI_FRP_SISTEMA_CONSOLIDAMENTO"},{"@type":"Collection","name":"KONSOLIDIERUNGS- UND STRUKTURVERST\u00c4RKUNGSSYSTEM","identifier":"FASSA_SISTEMA_CONSOLIDAMENTO_E_RINFORZO_STRUTTURALE"}],"inLanguage":"de"},"_links":{"self":[{"href":"https:\/\/www.fassabortolo.it\/de\/wp-json\/wp\/v2\/product\/3497751","targetHints":{"allow":["GET"]}}],"collection":[{"href":"https:\/\/www.fassabortolo.it\/de\/wp-json\/wp\/v2\/product"}],"about":[{"href":"https:\/\/www.fassabortolo.it\/de\/wp-json\/wp\/v2\/types\/product"}],"wp:attachment":[{"href":"https:\/\/www.fassabortolo.it\/de\/wp-json\/wp\/v2\/media?parent=3497751"}],"curies":[{"name":"wp","href":"https:\/\/api.w.org\/{rel}","templated":true}]}}