{"id":3497752,"date":"2026-01-20T15:04:30","date_gmt":"2026-01-20T14:04:30","guid":{"rendered":"http:\/\/10.6.201.155\/?post_type=product&#038;p=50928"},"modified":"2026-05-15T01:17:02","modified_gmt":"2026-05-14T23:17:02","slug":"fassatex-steel-650","status":"publish","type":"product","link":"https:\/\/www.fassabortolo.it\/de\/produkte\/konsolidierungs-und-strukturverstarkungssystem\/gewebenetze-und-gewebe\/fassatex-steel-650","title":{"rendered":"FASSATEX STEEL 650"},"content":{"rendered":"","protected":false},"featured_media":0,"template":"","class_list":["post-3497752","product","type-product","status-publish","hentry"],"acf":[],"fimg":{"url":"https:\/\/www.fassabortolo.it\/wp-content\/uploads\/media\/assets\/FASSATEX_STEEL_650.jpg","alt":"FASSATEX STEEL 650"},"product_description":["Drahtgewebe aus unidirektionaler Edelstahlfaser f\u00fcr die Anfertigung von FRCM-Systemen"],"ekr_hierarchy_settings":{"it":{"FASSA_LINEA_RETI_E_TESSUTI_SISTEMA_CONSOLIDAMENTO":{"ekr_position":6}},"ch":{"FASSA_LINEA_RETI_E_TESSUTI_SISTEMA_CONSOLIDAMENTO":{"ekr_position":2}},"lu":{"FASSA_LINEA_RETI_E_TESSUTI_SISTEMA_CONSOLIDAMENTO":{"ekr_position":2}}},"lang":{"language_code":"de","locale":"de_DE","text_direction":false,"display_name":"Deutsch","native_name":"Tedesco","different_language":false},"systems":[{"id":3497508,"name":"KONSOLIDIERUNGS- UND STRUKTURVERST\u00c4RKUNGSSYSTEM","permalink":"https:\/\/www.fassabortolo.it\/de\/produkte\/konsolidierungs-und-strukturverstarkungssystem\/","slug":"konsolidierungs-und-strukturverstarkungssystem","ekr_pallet_code":"FASSA_SISTEMA_CONSOLIDAMENTO_E_RINFORZO_STRUTTURALE"}],"product_pallet_code":"PROD_FASSATEX_STEEL_650","lines":[{"id":3497496,"name":"GEWEBENETZE UND GEWEBE","permalink":"https:\/\/www.fassabortolo.it\/de\/produkte\/\/gewebenetze-und-gewebe\/","slug":"gewebenetze-und-gewebe","system_codes":["FASSA_SISTEMA_CONSOLIDAMENTO_E_RINFORZO_STRUTTURALE"],"ekr_pallet_code":"FASSA_LINEA_RETI_E_TESSUTI_SISTEMA_CONSOLIDAMENTO"}],"use":["FASSATEX STEEL 650 wird zur Reparatur und Verst\u00e4rkung von Mauerwerksteilen (Mauerwerkspfeiler, Gew\u00f6lbe, B\u00f6gen usw.) oder Betonbauteilen verwendet. &nbsp; Das Netzgewebe erf\u00fcllt die Aufgabe, Spannungen entgegenzuwirken und diese zu verteilen, es verteilt die von seismischen Ph\u00e4nomenen hervorgerufenen Belastungen und verleiht hohe Duktilit\u00e4t.","FASSATEX STEEL 650 ist ein Bestandteil der Konsolidierungssysteme FASSATEX STEEL SYSTEM und FASSATEX STEEL NHL SYSTEM: Betreffend die Verwendungsmodalit\u00e4ten ist das jeweilige technische Datenblatt des ausgew\u00e4hlten Systems einzusehen."],"supply":["Rollen mit einer L\u00e4nge von 25 m und einer Breite von 30 cm"],"attributes":{"Attributes_1":{"FRCM":"FRCM"},"Attributes_2":{"AUSSENBEREICH":"Au\u00dfenbereich","INNENBEREICH":"Innenbereich"}},"___attributes":{"FASSA":{"FASSA_SISTEMA_CONSOLIDAMENTO_E_RINFORZO_STRUTTURALE":{"Attributes_1":["FRCM"],"Attributes_2":["Au\u00dfenbereich","Innenbereich"]}}},"elastic_market_index":"it","structured_data":{"@context":"https:\/\/schema.org","@type":"Product","name":"FASSATEX STEEL 650","description":["Drahtgewebe aus unidirektionaler Edelstahlfaser f\u00fcr die Anfertigung von FRCM-Systemen"],"url":"https:\/\/www.fassabortolo.it\/de\/produkte\/konsolidierungs-und-strukturverstarkungssystem\/gewebenetze-und-gewebe\/fassatex-steel-650","identifier":"PROD_FASSATEX_STEEL_650","sku":"PROD_FASSATEX_STEEL_650","image":"https:\/\/www.fassabortolo.it\/wp-content\/uploads\/media\/assets\/FASSATEX_STEEL_650.jpg","brand":{"@type":"Brand","name":"Fassa Bortolo"},"manufacturer":{"@type":"Organization","name":"Fassa Bortolo","url":"https:\/\/www.fassabortolo.it"},"additionalProperty":[{"@type":"PropertyValue","name":"Use Case 1","value":"FASSATEX STEEL 650 wird zur Reparatur und Verst\u00e4rkung von Mauerwerksteilen (Mauerwerkspfeiler, Gew\u00f6lbe, B\u00f6gen usw.) oder Betonbauteilen verwendet. &nbsp; Das Netzgewebe erf\u00fcllt die Aufgabe, Spannungen entgegenzuwirken und diese zu verteilen, es verteilt die von seismischen Ph\u00e4nomenen hervorgerufenen Belastungen und verleiht hohe Duktilit\u00e4t."},{"@type":"PropertyValue","name":"Use Case 2","value":"FASSATEX STEEL 650 ist ein Bestandteil der Konsolidierungssysteme FASSATEX STEEL SYSTEM und FASSATEX STEEL NHL SYSTEM: Betreffend die Verwendungsmodalit\u00e4ten ist das jeweilige technische Datenblatt des ausgew\u00e4hlten Systems einzusehen."},{"@type":"PropertyValue","name":"Supply Information","value":"Rollen mit einer L\u00e4nge von 25 m und einer Breite von 30 cm"},{"@type":"PropertyValue","name":"Attributes_1","value":"FRCM"},{"@type":"PropertyValue","name":"Attributes_2","value":"Au\u00dfenbereich"},{"@type":"PropertyValue","name":"Attributes_2","value":"Innenbereich"}],"category":[{"@type":"ProductCollection","name":"GEWEBENETZE UND GEWEBE","identifier":"FASSA_LINEA_RETI_E_TESSUTI_SISTEMA_CONSOLIDAMENTO"},{"@type":"Collection","name":"KONSOLIDIERUNGS- UND STRUKTURVERST\u00c4RKUNGSSYSTEM","identifier":"FASSA_SISTEMA_CONSOLIDAMENTO_E_RINFORZO_STRUTTURALE"}],"inLanguage":"de"},"_links":{"self":[{"href":"https:\/\/www.fassabortolo.it\/de\/wp-json\/wp\/v2\/product\/3497752","targetHints":{"allow":["GET"]}}],"collection":[{"href":"https:\/\/www.fassabortolo.it\/de\/wp-json\/wp\/v2\/product"}],"about":[{"href":"https:\/\/www.fassabortolo.it\/de\/wp-json\/wp\/v2\/types\/product"}],"wp:attachment":[{"href":"https:\/\/www.fassabortolo.it\/de\/wp-json\/wp\/v2\/media?parent=3497752"}],"curies":[{"name":"wp","href":"https:\/\/api.w.org\/{rel}","templated":true}]}}