{"id":3497753,"date":"2026-01-20T15:04:32","date_gmt":"2026-01-20T14:04:32","guid":{"rendered":"http:\/\/10.6.201.155\/?post_type=product&#038;p=50935"},"modified":"2026-05-15T01:17:53","modified_gmt":"2026-05-14T23:17:53","slug":"fassatex-glass-system","status":"publish","type":"product","link":"https:\/\/www.fassabortolo.it\/de\/produkte\/konsolidierungs-und-strukturverstarkungssystem\/frp-systems\/fassatex-glass-system","title":{"rendered":"FASSATEX GLASS SYSTEM"},"content":{"rendered":"","protected":false},"featured_media":0,"template":"","class_list":["post-3497753","product","type-product","status-publish","hentry"],"acf":[],"fimg":{"url":"https:\/\/www.fassabortolo.it\/wp-content\/uploads\/media\/assets\/FASSATEX_GLASS_SYSTEM.jpg","alt":"FASSATEX GLASS SYSTEM"},"product_description":["FKV System zur Strukturverst\u00e4rkung, bestehend aus einem unidirektionalen Glasfasergewebe und einem Epoxydharz f\u00fcr die Impr\u00e4gnierung und Verklebung"],"ekr_hierarchy_settings":{"it":{"FASSA_LINEA_SISTEMI_FRP_SISTEMA_CONSOLIDAMENTO":{"ekr_position":2}},"ch":{"FASSA_LINEA_SISTEMI_FRP_SISTEMA_CONSOLIDAMENTO":{"ekr_position":1}},"lu":{"FASSA_LINEA_SISTEMI_FRP_SISTEMA_CONSOLIDAMENTO":{"ekr_position":1}}},"lang":{"language_code":"de","locale":"de_DE","text_direction":false,"display_name":"Deutsch","native_name":"Tedesco","different_language":false},"systems":[{"id":3497508,"name":"KONSOLIDIERUNGS- UND STRUKTURVERST\u00c4RKUNGSSYSTEM","permalink":"https:\/\/www.fassabortolo.it\/de\/produkte\/konsolidierungs-und-strukturverstarkungssystem\/","slug":"konsolidierungs-und-strukturverstarkungssystem","ekr_pallet_code":"FASSA_SISTEMA_CONSOLIDAMENTO_E_RINFORZO_STRUTTURALE"}],"product_pallet_code":"PROD_FASSATEX_GLASS_SYSTEM","lines":[{"id":3497497,"name":"FRP SYSTEMS","permalink":"https:\/\/www.fassabortolo.it\/de\/produkte\/\/frp-systems\/","slug":"frp-systems","system_codes":["FASSA_SISTEMA_CONSOLIDAMENTO_E_RINFORZO_STRUTTURALE"],"ekr_pallet_code":"FASSA_LINEA_SISTEMI_FRP_SISTEMA_CONSOLIDAMENTO"}],"use":["FASSATEX GLASS SYSTEM wird zur Strukturverst\u00e4rkung von Bauelementen aus Mauerwerk oder Stahlbeton verwendet.","Bei den Anwendungstypologien von FASSATEX GLASS SYSTEM handelt es sich haupts\u00e4chlich um Verst\u00e4rkungsma\u00dfnahmen an Strukturen, deren Tragf\u00e4higkeit nicht mehr den gebrauchspezifischen Anforderungen an die Statik und Dynamik entspricht, wie beispielsweise infolge anhaltenden Verfalls der verwendeten Baumaterialien, infolge von Strukturbesch\u00e4digungen durch seismische T\u00e4tigkeit, von Br\u00e4nden oder Einbr\u00fcchen der Fundamente, von \u00c4nderungen des Struktursystems bedingt durch neue Anforderungen in architektonischer oder verwendungsspezifischer Hinsicht.","Beispielsweise erinnern wir, in einer bei weitem nicht allumfasseden Aufstellung, an eine Reihe von Verst\u00e4rkungsma\u00dfnahmen, die mit dem System realisierbar sind:","Konsolidierung von Gew\u00f6lben und B\u00f6gen;","Au\u00dfenumschn\u00fcrung von Mauerwerksbauten;","Steigerung der Tragf\u00e4higkeit von Pfeilern mittels Einschlie\u00dfung;","Steigerung der Biegedruckfestigkeit und Scherfestigkeit von Bauteilen aus Stahlbeton."],"supply":["FASSATEX GLASS 300: &nbsp; Rollen zu 50 m L\u00e4nge und zu 10-20 und 30 cm Breite","FASSA EPOXY 200: &nbsp; 5 kg &nbsp; (4 kg der Komp. A + 1 kg der Komp. B)","Die Produktionscharge jeder einzelnen Komponente ist auf dem auf jeder Verpackung angebrachten Etikett angegeben."],"attributes":{"Attributes_1":[],"Attributes_2":{"AUSSENBEREICH":"Au\u00dfenbereich","INNENBEREICH":"Innenbereich"}},"___attributes":{"FASSA":{"FASSA_SISTEMA_CONSOLIDAMENTO_E_RINFORZO_STRUTTURALE":{"Attributes_2":["Au\u00dfenbereich","Innenbereich"]}}},"elastic_market_index":"it","structured_data":{"@context":"https:\/\/schema.org","@type":"Product","name":"FASSATEX GLASS SYSTEM","description":["FKV System zur Strukturverst\u00e4rkung, bestehend aus einem unidirektionalen Glasfasergewebe und einem Epoxydharz f\u00fcr die Impr\u00e4gnierung und Verklebung"],"url":"https:\/\/www.fassabortolo.it\/de\/produkte\/konsolidierungs-und-strukturverstarkungssystem\/frp-systems\/fassatex-glass-system","identifier":"PROD_FASSATEX_GLASS_SYSTEM","sku":"PROD_FASSATEX_GLASS_SYSTEM","image":"https:\/\/www.fassabortolo.it\/wp-content\/uploads\/media\/assets\/FASSATEX_GLASS_SYSTEM.jpg","brand":{"@type":"Brand","name":"Fassa Bortolo"},"manufacturer":{"@type":"Organization","name":"Fassa Bortolo","url":"https:\/\/www.fassabortolo.it"},"additionalProperty":[{"@type":"PropertyValue","name":"Use Case 1","value":"FASSATEX GLASS SYSTEM wird zur Strukturverst\u00e4rkung von Bauelementen aus Mauerwerk oder Stahlbeton verwendet."},{"@type":"PropertyValue","name":"Use Case 2","value":"Bei den Anwendungstypologien von FASSATEX GLASS SYSTEM handelt es sich haupts\u00e4chlich um Verst\u00e4rkungsma\u00dfnahmen an Strukturen, deren Tragf\u00e4higkeit nicht mehr den gebrauchspezifischen Anforderungen an die Statik und Dynamik entspricht, wie beispielsweise infolge anhaltenden Verfalls der verwendeten Baumaterialien, infolge von Strukturbesch\u00e4digungen durch seismische T\u00e4tigkeit, von Br\u00e4nden oder Einbr\u00fcchen der Fundamente, von \u00c4nderungen des Struktursystems bedingt durch neue Anforderungen in architektonischer oder verwendungsspezifischer Hinsicht."},{"@type":"PropertyValue","name":"Use Case 3","value":"Beispielsweise erinnern wir, in einer bei weitem nicht allumfasseden Aufstellung, an eine Reihe von Verst\u00e4rkungsma\u00dfnahmen, die mit dem System realisierbar sind:"},{"@type":"PropertyValue","name":"Use Case 4","value":"Konsolidierung von Gew\u00f6lben und B\u00f6gen;"},{"@type":"PropertyValue","name":"Use Case 5","value":"Au\u00dfenumschn\u00fcrung von Mauerwerksbauten;"},{"@type":"PropertyValue","name":"Use Case 6","value":"Steigerung der Tragf\u00e4higkeit von Pfeilern mittels Einschlie\u00dfung;"},{"@type":"PropertyValue","name":"Use Case 7","value":"Steigerung der Biegedruckfestigkeit und Scherfestigkeit von Bauteilen aus Stahlbeton."},{"@type":"PropertyValue","name":"Supply Information","value":"FASSATEX GLASS 300: &nbsp; Rollen zu 50 m L\u00e4nge und zu 10-20 und 30 cm Breite"},{"@type":"PropertyValue","name":"Supply Information","value":"FASSA EPOXY 200: &nbsp; 5 kg &nbsp; (4 kg der Komp. A + 1 kg der Komp. B)"},{"@type":"PropertyValue","name":"Supply Information","value":"Die Produktionscharge jeder einzelnen Komponente ist auf dem auf jeder Verpackung angebrachten Etikett angegeben."},{"@type":"PropertyValue","name":"Attributes_2","value":"Au\u00dfenbereich"},{"@type":"PropertyValue","name":"Attributes_2","value":"Innenbereich"}],"category":[{"@type":"ProductCollection","name":"FRP SYSTEMS","identifier":"FASSA_LINEA_SISTEMI_FRP_SISTEMA_CONSOLIDAMENTO"},{"@type":"Collection","name":"KONSOLIDIERUNGS- UND STRUKTURVERST\u00c4RKUNGSSYSTEM","identifier":"FASSA_SISTEMA_CONSOLIDAMENTO_E_RINFORZO_STRUTTURALE"}],"inLanguage":"de"},"_links":{"self":[{"href":"https:\/\/www.fassabortolo.it\/de\/wp-json\/wp\/v2\/product\/3497753","targetHints":{"allow":["GET"]}}],"collection":[{"href":"https:\/\/www.fassabortolo.it\/de\/wp-json\/wp\/v2\/product"}],"about":[{"href":"https:\/\/www.fassabortolo.it\/de\/wp-json\/wp\/v2\/types\/product"}],"wp:attachment":[{"href":"https:\/\/www.fassabortolo.it\/de\/wp-json\/wp\/v2\/media?parent=3497753"}],"curies":[{"name":"wp","href":"https:\/\/api.w.org\/{rel}","templated":true}]}}