{"id":3497755,"date":"2026-01-20T15:04:34","date_gmt":"2026-01-20T14:04:34","guid":{"rendered":"http:\/\/10.6.201.155\/?post_type=product&#038;p=50945"},"modified":"2026-05-15T01:18:01","modified_gmt":"2026-05-14T23:18:01","slug":"fassatex-carbon-system","status":"publish","type":"product","link":"https:\/\/www.fassabortolo.it\/de\/produkte\/konsolidierungs-und-strukturverstarkungssystem\/frp-systems\/fassatex-carbon-system","title":{"rendered":"FASSATEX CARBON SYSTEM"},"content":{"rendered":"","protected":false},"featured_media":0,"template":"","class_list":["post-3497755","product","type-product","status-publish","hentry"],"acf":[],"fimg":{"url":"https:\/\/www.fassabortolo.it\/wp-content\/uploads\/media\/assets\/FASSATEX_CARBON_SYSTEM.jpg","alt":"FASSATEX CARBON SYSTEM"},"product_description":["FKV System zur Strukturverst\u00e4rkung, bestehend aus einem hochbest\u00e4ndigen unidirektionalen Carbonfasergewebe und einem Epoxydharz f\u00fcr die Impr\u00e4gnierung und Verklebung"],"ekr_hierarchy_settings":{"it":{"FASSA_LINEA_SISTEMI_FRP_SISTEMA_CONSOLIDAMENTO":{"ekr_position":0}},"ch":{"FASSA_LINEA_SISTEMI_FRP_SISTEMA_CONSOLIDAMENTO":{"ekr_position":2}},"lu":{"FASSA_LINEA_SISTEMI_FRP_SISTEMA_CONSOLIDAMENTO":{"ekr_position":2}}},"lang":{"language_code":"de","locale":"de_DE","text_direction":false,"display_name":"Deutsch","native_name":"Tedesco","different_language":false},"systems":[{"id":3497508,"name":"KONSOLIDIERUNGS- UND STRUKTURVERST\u00c4RKUNGSSYSTEM","permalink":"https:\/\/www.fassabortolo.it\/de\/produkte\/konsolidierungs-und-strukturverstarkungssystem\/","slug":"konsolidierungs-und-strukturverstarkungssystem","ekr_pallet_code":"FASSA_SISTEMA_CONSOLIDAMENTO_E_RINFORZO_STRUTTURALE"}],"product_pallet_code":"PROD_FASSATEX_CARBON_SYSTEM","lines":[{"id":3497497,"name":"FRP SYSTEMS","permalink":"https:\/\/www.fassabortolo.it\/de\/produkte\/\/frp-systems\/","slug":"frp-systems","system_codes":["FASSA_SISTEMA_CONSOLIDAMENTO_E_RINFORZO_STRUTTURALE"],"ekr_pallet_code":"FASSA_LINEA_SISTEMI_FRP_SISTEMA_CONSOLIDAMENTO"}],"use":["FASSATEX CARBON SYSTEM wird als System zur Strukturverst\u00e4rkung von Bauelementen aus Stahlbeton, aus Spannbeton oder aus Mauerwerk verwendet.","Bei den Anwendungstypologien von FASSATEX CARBON SYSTEM handelt es sich haupts\u00e4chlich um Verst\u00e4rkungsma\u00dfnahmen an Strukturen, deren Tragf\u00e4higkeit nicht mehr den gebrauchspezifischen Anforderungen an die Statik und Dynamik entspricht, wie beispielsweise infolge anhaltenden Verfalls der verwendeten Baumaterialien, infolge von Strukturbesch\u00e4digungen durch seismische T\u00e4tigkeit, von Br\u00e4nden oder Einbr\u00fcchen der Fundamente, von \u00c4nderungen des Struktursystems bedingt durch neue Anforderungen in architektonischer oder verwendungsspezifischer Hinsicht.","Beispielsweise erinnern wir, in einer bei weitem nicht allumfasseden Aufstellung, an eine Reihe von Verst\u00e4rkungsma\u00dfnahmen, die mit dem System realisierbar sind:","Steigerung der Biegezugfestigkeit und Scherfestigkeit von Tr\u00e4gern;","Steigerung der Tragf\u00e4higkeit und Duktilit\u00e4t von Pfeilern mittels Einschlie\u00dfung;","Steigerung der Tragf\u00e4higkeit von Ziegeltr\u00e4gerdecken;","Konsolidierung von Gew\u00f6lben und B\u00f6gen;","Au\u00dfenumschn\u00fcrung von Mauerwerksbauten."],"supply":["FASSATEX CARBON UNI 300: &nbsp; Rollen zu 20 m L\u00e4nge und zu 10 und 20 cm Breite, sowie Rollen zu 50 m L\u00e4nge und zu 10-20-25-30 und 50 cm Breite","FASSATEX CARBON UNI 301: &nbsp; Rollen zu 20 m L\u00e4nge und zu 10 und 20 cm Breite, sowie Rollen zu 50 m L\u00e4nge und zu 10-20-25-30 und 50 cm Breite","FASSATEX CARBON UNI 600: &nbsp; Rollen zu 50 m L\u00e4nge und zu 10-20-25-30 und 50 cm Breite","FASSA EPOXY 200: &nbsp; Komp. A &nbsp; 4 kg &nbsp; - &nbsp; Komp. B &nbsp; 1 kg","Die Produktionscharge jeder einzelnen Komponente ist auf dem auf jeder Verpackung angebrachten Etikett angegeben."],"attributes":{"Attributes_1":[],"Attributes_2":{"AUSSENBEREICH":"Au\u00dfenbereich","INNENBEREICH":"Innenbereich"}},"___attributes":{"FASSA":{"FASSA_SISTEMA_CONSOLIDAMENTO_E_RINFORZO_STRUTTURALE":{"Attributes_2":["Au\u00dfenbereich","Innenbereich"]}}},"elastic_market_index":"it","structured_data":{"@context":"https:\/\/schema.org","@type":"Product","name":"FASSATEX CARBON SYSTEM","description":["FKV System zur Strukturverst\u00e4rkung, bestehend aus einem hochbest\u00e4ndigen unidirektionalen Carbonfasergewebe und einem Epoxydharz f\u00fcr die Impr\u00e4gnierung und Verklebung"],"url":"https:\/\/www.fassabortolo.it\/de\/produkte\/konsolidierungs-und-strukturverstarkungssystem\/frp-systems\/fassatex-carbon-system","identifier":"PROD_FASSATEX_CARBON_SYSTEM","sku":"PROD_FASSATEX_CARBON_SYSTEM","image":"https:\/\/www.fassabortolo.it\/wp-content\/uploads\/media\/assets\/FASSATEX_CARBON_SYSTEM.jpg","brand":{"@type":"Brand","name":"Fassa Bortolo"},"manufacturer":{"@type":"Organization","name":"Fassa Bortolo","url":"https:\/\/www.fassabortolo.it"},"additionalProperty":[{"@type":"PropertyValue","name":"Use Case 1","value":"FASSATEX CARBON SYSTEM wird als System zur Strukturverst\u00e4rkung von Bauelementen aus Stahlbeton, aus Spannbeton oder aus Mauerwerk verwendet."},{"@type":"PropertyValue","name":"Use Case 2","value":"Bei den Anwendungstypologien von FASSATEX CARBON SYSTEM handelt es sich haupts\u00e4chlich um Verst\u00e4rkungsma\u00dfnahmen an Strukturen, deren Tragf\u00e4higkeit nicht mehr den gebrauchspezifischen Anforderungen an die Statik und Dynamik entspricht, wie beispielsweise infolge anhaltenden Verfalls der verwendeten Baumaterialien, infolge von Strukturbesch\u00e4digungen durch seismische T\u00e4tigkeit, von Br\u00e4nden oder Einbr\u00fcchen der Fundamente, von \u00c4nderungen des Struktursystems bedingt durch neue Anforderungen in architektonischer oder verwendungsspezifischer Hinsicht."},{"@type":"PropertyValue","name":"Use Case 3","value":"Beispielsweise erinnern wir, in einer bei weitem nicht allumfasseden Aufstellung, an eine Reihe von Verst\u00e4rkungsma\u00dfnahmen, die mit dem System realisierbar sind:"},{"@type":"PropertyValue","name":"Use Case 4","value":"Steigerung der Biegezugfestigkeit und Scherfestigkeit von Tr\u00e4gern;"},{"@type":"PropertyValue","name":"Use Case 5","value":"Steigerung der Tragf\u00e4higkeit und Duktilit\u00e4t von Pfeilern mittels Einschlie\u00dfung;"},{"@type":"PropertyValue","name":"Use Case 6","value":"Steigerung der Tragf\u00e4higkeit von Ziegeltr\u00e4gerdecken;"},{"@type":"PropertyValue","name":"Use Case 7","value":"Konsolidierung von Gew\u00f6lben und B\u00f6gen;"},{"@type":"PropertyValue","name":"Use Case 8","value":"Au\u00dfenumschn\u00fcrung von Mauerwerksbauten."},{"@type":"PropertyValue","name":"Supply Information","value":"FASSATEX CARBON UNI 300: &nbsp; Rollen zu 20 m L\u00e4nge und zu 10 und 20 cm Breite, sowie Rollen zu 50 m L\u00e4nge und zu 10-20-25-30 und 50 cm Breite"},{"@type":"PropertyValue","name":"Supply Information","value":"FASSATEX CARBON UNI 301: &nbsp; Rollen zu 20 m L\u00e4nge und zu 10 und 20 cm Breite, sowie Rollen zu 50 m L\u00e4nge und zu 10-20-25-30 und 50 cm Breite"},{"@type":"PropertyValue","name":"Supply Information","value":"FASSATEX CARBON UNI 600: &nbsp; Rollen zu 50 m L\u00e4nge und zu 10-20-25-30 und 50 cm Breite"},{"@type":"PropertyValue","name":"Supply Information","value":"FASSA EPOXY 200: &nbsp; Komp. A &nbsp; 4 kg &nbsp; - &nbsp; Komp. B &nbsp; 1 kg"},{"@type":"PropertyValue","name":"Supply Information","value":"Die Produktionscharge jeder einzelnen Komponente ist auf dem auf jeder Verpackung angebrachten Etikett angegeben."},{"@type":"PropertyValue","name":"Attributes_2","value":"Au\u00dfenbereich"},{"@type":"PropertyValue","name":"Attributes_2","value":"Innenbereich"}],"category":[{"@type":"ProductCollection","name":"FRP SYSTEMS","identifier":"FASSA_LINEA_SISTEMI_FRP_SISTEMA_CONSOLIDAMENTO"},{"@type":"Collection","name":"KONSOLIDIERUNGS- UND STRUKTURVERST\u00c4RKUNGSSYSTEM","identifier":"FASSA_SISTEMA_CONSOLIDAMENTO_E_RINFORZO_STRUTTURALE"}],"inLanguage":"de"},"_links":{"self":[{"href":"https:\/\/www.fassabortolo.it\/de\/wp-json\/wp\/v2\/product\/3497755","targetHints":{"allow":["GET"]}}],"collection":[{"href":"https:\/\/www.fassabortolo.it\/de\/wp-json\/wp\/v2\/product"}],"about":[{"href":"https:\/\/www.fassabortolo.it\/de\/wp-json\/wp\/v2\/types\/product"}],"wp:attachment":[{"href":"https:\/\/www.fassabortolo.it\/de\/wp-json\/wp\/v2\/media?parent=3497755"}],"curies":[{"name":"wp","href":"https:\/\/api.w.org\/{rel}","templated":true}]}}