{"id":3497767,"date":"2026-01-20T15:04:41","date_gmt":"2026-01-20T14:04:41","guid":{"rendered":"http:\/\/10.6.201.155\/?post_type=product&#038;p=50992"},"modified":"2026-05-15T01:17:17","modified_gmt":"2026-05-14T23:17:17","slug":"fassawrap-glass","status":"publish","type":"product","link":"https:\/\/www.fassabortolo.it\/de\/produkte\/konsolidierungs-und-strukturverstarkungssystem\/verbinder\/fassawrap-glass","title":{"rendered":"FASSAWRAP GLASS"},"content":{"rendered":"","protected":false},"featured_media":0,"template":"","class_list":["post-3497767","product","type-product","status-publish","hentry"],"acf":[],"fimg":{"url":"https:\/\/www.fassabortolo.it\/wp-content\/uploads\/media\/assets\/FASSAWRAP_GLASS.jpg","alt":"FASSAWRAP GLASS"},"product_description":["Strukturverbinder aus unidirektionaler, hochfester HV-Glasfaser"],"ekr_hierarchy_settings":{"it":{"FASSA_LINEA_CONNETTORI_SISTEMA_CONSOLIDAMENTO":{"ekr_position":4}},"lu":{"FASSA_LINEA_CONNETTORI_SISTEMA_CONSOLIDAMENTO":{"ekr_position":7}}},"lang":{"language_code":"de","locale":"de_DE","text_direction":false,"display_name":"Deutsch","native_name":"Tedesco","different_language":false},"systems":[{"id":3497508,"name":"KONSOLIDIERUNGS- UND STRUKTURVERST\u00c4RKUNGSSYSTEM","permalink":"https:\/\/www.fassabortolo.it\/de\/produkte\/konsolidierungs-und-strukturverstarkungssystem\/","slug":"konsolidierungs-und-strukturverstarkungssystem","ekr_pallet_code":"FASSA_SISTEMA_CONSOLIDAMENTO_E_RINFORZO_STRUTTURALE"}],"product_pallet_code":"PROD_FASSAWRAP_GLASS","lines":[{"id":3497455,"name":"VERBINDER","permalink":"https:\/\/www.fassabortolo.it\/de\/produkte\/\/verbinder\/","slug":"verbinder","system_codes":["FASSA_SISTEMA_CONSOLIDAMENTO_E_RINFORZO_STRUTTURALE"],"ekr_pallet_code":"FASSA_LINEA_CONNETTORI_SISTEMA_CONSOLIDAMENTO"}],"use":["Der Strukturverbinder aus Glasfaser FASSAWRAP GLASS wird zur Herstellung von Strukturverbindungen in Verbindung mit den strukturellen Verst\u00e4rkungssystemen FRP oder FRCM verwendet.","Dank seiner hohen Zugfestigkeit, der ausgezeichneten Erm\u00fcdungsfestigkeit und der hohen Korrosionsbest\u00e4ndigkeit (z.B. Chloridvorkommen), erm\u00f6glicht es eine erh\u00f6hte Verbundwirkung zwischen den strukturellen Verst\u00e4rkungssystemen der Linie FASSATEX GLASS SYSTEM oder FASSANET ZR SYSTEM und der Unterlage aus Stahlbeton oder Mauerwerk.","FASSAWRAP GLASS ist ein Bestandteil des Konsolidierungsystems FASSANET ZR SYSTEM: Betreffend die Verwendungsmodalit\u00e4ten ist das technische Datenblatt des Systems einzusehen."],"supply":["Rollen zu 10 m mit Durchmesser von 10 mm"],"attributes":{"Attributes_1":{"FRCM":"FRCM","FRP":"FRP"},"Attributes_2":{"AUSSENBEREICH":"Au\u00dfenbereich","INNENBEREICH":"Innenbereich"}},"___attributes":{"FASSA":{"FASSA_SISTEMA_CONSOLIDAMENTO_E_RINFORZO_STRUTTURALE":{"Attributes_1":["FRCM","FRP"],"Attributes_2":["Au\u00dfenbereich","Innenbereich"]}}},"elastic_market_index":"it","structured_data":{"@context":"https:\/\/schema.org","@type":"Product","name":"FASSAWRAP GLASS","description":["Strukturverbinder aus unidirektionaler, hochfester HV-Glasfaser"],"url":"https:\/\/www.fassabortolo.it\/de\/produkte\/konsolidierungs-und-strukturverstarkungssystem\/verbinder\/fassawrap-glass","identifier":"PROD_FASSAWRAP_GLASS","sku":"PROD_FASSAWRAP_GLASS","image":"https:\/\/www.fassabortolo.it\/wp-content\/uploads\/media\/assets\/FASSAWRAP_GLASS.jpg","brand":{"@type":"Brand","name":"Fassa Bortolo"},"manufacturer":{"@type":"Organization","name":"Fassa Bortolo","url":"https:\/\/www.fassabortolo.it"},"additionalProperty":[{"@type":"PropertyValue","name":"Use Case 1","value":"Der Strukturverbinder aus Glasfaser FASSAWRAP GLASS wird zur Herstellung von Strukturverbindungen in Verbindung mit den strukturellen Verst\u00e4rkungssystemen FRP oder FRCM verwendet."},{"@type":"PropertyValue","name":"Use Case 2","value":"Dank seiner hohen Zugfestigkeit, der ausgezeichneten Erm\u00fcdungsfestigkeit und der hohen Korrosionsbest\u00e4ndigkeit (z.B. Chloridvorkommen), erm\u00f6glicht es eine erh\u00f6hte Verbundwirkung zwischen den strukturellen Verst\u00e4rkungssystemen der Linie FASSATEX GLASS SYSTEM oder FASSANET ZR SYSTEM und der Unterlage aus Stahlbeton oder Mauerwerk."},{"@type":"PropertyValue","name":"Use Case 3","value":"FASSAWRAP GLASS ist ein Bestandteil des Konsolidierungsystems FASSANET ZR SYSTEM: Betreffend die Verwendungsmodalit\u00e4ten ist das technische Datenblatt des Systems einzusehen."},{"@type":"PropertyValue","name":"Supply Information","value":"Rollen zu 10 m mit Durchmesser von 10 mm"},{"@type":"PropertyValue","name":"Attributes_1","value":"FRCM"},{"@type":"PropertyValue","name":"Attributes_1","value":"FRP"},{"@type":"PropertyValue","name":"Attributes_2","value":"Au\u00dfenbereich"},{"@type":"PropertyValue","name":"Attributes_2","value":"Innenbereich"}],"category":[{"@type":"ProductCollection","name":"VERBINDER","identifier":"FASSA_LINEA_CONNETTORI_SISTEMA_CONSOLIDAMENTO"},{"@type":"Collection","name":"KONSOLIDIERUNGS- UND STRUKTURVERST\u00c4RKUNGSSYSTEM","identifier":"FASSA_SISTEMA_CONSOLIDAMENTO_E_RINFORZO_STRUTTURALE"}],"inLanguage":"de"},"_links":{"self":[{"href":"https:\/\/www.fassabortolo.it\/de\/wp-json\/wp\/v2\/product\/3497767","targetHints":{"allow":["GET"]}}],"collection":[{"href":"https:\/\/www.fassabortolo.it\/de\/wp-json\/wp\/v2\/product"}],"about":[{"href":"https:\/\/www.fassabortolo.it\/de\/wp-json\/wp\/v2\/types\/product"}],"wp:attachment":[{"href":"https:\/\/www.fassabortolo.it\/de\/wp-json\/wp\/v2\/media?parent=3497767"}],"curies":[{"name":"wp","href":"https:\/\/api.w.org\/{rel}","templated":true}]}}