{"id":3497783,"date":"2026-01-20T15:05:21","date_gmt":"2026-01-20T14:05:21","guid":{"rendered":"http:\/\/10.6.201.155\/?post_type=product&#038;p=51061"},"modified":"2026-05-15T01:19:27","modified_gmt":"2026-05-14T23:19:27","slug":"fassa-glass-connector-l","status":"publish","type":"product","link":"https:\/\/www.fassabortolo.it\/de\/produkte\/konsolidierungs-und-strukturverstarkungssystem\/verbinder\/fassa-glass-connector-l","title":{"rendered":"FASSA GLASS CONNECTOR L"},"content":{"rendered":"","protected":false},"featured_media":0,"template":"","class_list":["post-3497783","product","type-product","status-publish","hentry"],"acf":[],"fimg":{"url":"https:\/\/www.fassabortolo.it\/wp-content\/uploads\/media\/assets\/FASSA_GLASS_CONNECTOR_L_intera.jpg","alt":"FASSA GLASS CONNECTOR L"},"product_description":["In L-Form vorgefertigter Verbinder, bestehend aus AR-Glasfasern und Epoxydharz und mit ausgesuchtem Quarzmineral aufgeraut, um eine perfekte Haftung auf der anorganischen Matrix zu gew\u00e4hrleisten"],"ekr_hierarchy_settings":{"it":{"FASSA_LINEA_CONNETTORI_SISTEMA_CONSOLIDAMENTO":{"ekr_position":2}},"ch":{"FASSA_LINEA_CONNETTORI_SISTEMA_CONSOLIDAMENTO":{"ekr_position":5}},"es":{"FASSAES_LINEA_CONNETTORI_SISTEMA_CONSOLIDAMENTO":{"ekr_position":1}},"lu":{"FASSA_LINEA_CONNETTORI_SISTEMA_CONSOLIDAMENTO":{"ekr_position":5}}},"lang":{"language_code":"de","locale":"de_DE","text_direction":false,"display_name":"Deutsch","native_name":"Tedesco","different_language":false},"systems":[{"id":3497508,"name":"KONSOLIDIERUNGS- UND STRUKTURVERST\u00c4RKUNGSSYSTEM","permalink":"https:\/\/www.fassabortolo.it\/de\/produkte\/konsolidierungs-und-strukturverstarkungssystem\/","slug":"konsolidierungs-und-strukturverstarkungssystem","ekr_pallet_code":"FASSA_SISTEMA_CONSOLIDAMENTO_E_RINFORZO_STRUTTURALE"}],"product_pallet_code":"PROD_FASSA_GLASS_CONNECTOR_L","lines":[{"id":3497455,"name":"VERBINDER","permalink":"https:\/\/www.fassabortolo.it\/de\/produkte\/\/verbinder\/","slug":"verbinder","system_codes":["FASSA_SISTEMA_CONSOLIDAMENTO_E_RINFORZO_STRUTTURALE"],"ekr_pallet_code":"FASSA_LINEA_CONNETTORI_SISTEMA_CONSOLIDAMENTO"}],"use":["FASSA GLASS CONNECTOR L wird verwendet, um die mit Glasfasergewebe verst\u00e4rkten M\u00f6rtelschichten mit jenen Bauteilen (Mauerwerke und Gew\u00f6lbe aus Stein, Ziegelstein und Tuffstein) zu verbinden, die mit der Technik des bewehrten Putzes CRM oder mit FRCM Verst\u00e4rkungssystemen verst\u00e4rkt worden sind.","FASSA GLASS CONNECTOR L ist ein Bestandteil der Systeme FASSANET ARG SYSTEM, FASSANET SOLID SYSTEM und FASSANET SOLID MAXI SYSTEM, sowie des FRCM Verst\u00e4rkungssystems FASSANET ZR SYSTEM: Betreffend die Verwendungsmodalit\u00e4ten ist das technische Datenblatt des Systems einzusehen."],"supply":["Abpackung zu jeweils 50 St\u00fcck"],"attributes":{"Attributes_1":{"CRM":"CRM","FRCM":"FRCM"},"Attributes_2":{"AUSSENBEREICH":"Au\u00dfenbereich","INNENBEREICH":"Innenbereich"}},"___attributes":{"FASSAES":{"FASSA_SISTEMA_CONSOLIDAMENTO_E_RINFORZO_STRUTTURALE":{"Attributes_1":["CRM","FRCM"],"Attributes_2":["Au\u00dfenbereich","Innenbereich"]}},"FASSA":{"FASSA_SISTEMA_CONSOLIDAMENTO_E_RINFORZO_STRUTTURALE":{"Attributes_1":["CRM","FRCM"],"Attributes_2":["Au\u00dfenbereich","Innenbereich"]}}},"elastic_market_index":"it","structured_data":{"@context":"https:\/\/schema.org","@type":"Product","name":"FASSA GLASS CONNECTOR L","description":["In L-Form vorgefertigter Verbinder, bestehend aus AR-Glasfasern und Epoxydharz und mit ausgesuchtem Quarzmineral aufgeraut, um eine perfekte Haftung auf der anorganischen Matrix zu gew\u00e4hrleisten"],"url":"https:\/\/www.fassabortolo.it\/de\/produkte\/konsolidierungs-und-strukturverstarkungssystem\/verbinder\/fassa-glass-connector-l","identifier":"PROD_FASSA_GLASS_CONNECTOR_L","sku":"PROD_FASSA_GLASS_CONNECTOR_L","image":"https:\/\/www.fassabortolo.it\/wp-content\/uploads\/media\/assets\/FASSA_GLASS_CONNECTOR_L_intera.jpg","brand":{"@type":"Brand","name":"Fassa Bortolo"},"manufacturer":{"@type":"Organization","name":"Fassa Bortolo","url":"https:\/\/www.fassabortolo.it"},"additionalProperty":[{"@type":"PropertyValue","name":"Use Case 1","value":"FASSA GLASS CONNECTOR L wird verwendet, um die mit Glasfasergewebe verst\u00e4rkten M\u00f6rtelschichten mit jenen Bauteilen (Mauerwerke und Gew\u00f6lbe aus Stein, Ziegelstein und Tuffstein) zu verbinden, die mit der Technik des bewehrten Putzes CRM oder mit FRCM Verst\u00e4rkungssystemen verst\u00e4rkt worden sind."},{"@type":"PropertyValue","name":"Use Case 2","value":"FASSA GLASS CONNECTOR L ist ein Bestandteil der Systeme FASSANET ARG SYSTEM, FASSANET SOLID SYSTEM und FASSANET SOLID MAXI SYSTEM, sowie des FRCM Verst\u00e4rkungssystems FASSANET ZR SYSTEM: Betreffend die Verwendungsmodalit\u00e4ten ist das technische Datenblatt des Systems einzusehen."},{"@type":"PropertyValue","name":"Supply Information","value":"Abpackung zu jeweils 50 St\u00fcck"},{"@type":"PropertyValue","name":"Attributes_1","value":"CRM"},{"@type":"PropertyValue","name":"Attributes_1","value":"FRCM"},{"@type":"PropertyValue","name":"Attributes_2","value":"Au\u00dfenbereich"},{"@type":"PropertyValue","name":"Attributes_2","value":"Innenbereich"}],"category":[{"@type":"ProductCollection","name":"VERBINDER","identifier":"FASSA_LINEA_CONNETTORI_SISTEMA_CONSOLIDAMENTO"},{"@type":"Collection","name":"KONSOLIDIERUNGS- UND STRUKTURVERST\u00c4RKUNGSSYSTEM","identifier":"FASSA_SISTEMA_CONSOLIDAMENTO_E_RINFORZO_STRUTTURALE"}],"inLanguage":"de"},"_links":{"self":[{"href":"https:\/\/www.fassabortolo.it\/de\/wp-json\/wp\/v2\/product\/3497783","targetHints":{"allow":["GET"]}}],"collection":[{"href":"https:\/\/www.fassabortolo.it\/de\/wp-json\/wp\/v2\/product"}],"about":[{"href":"https:\/\/www.fassabortolo.it\/de\/wp-json\/wp\/v2\/types\/product"}],"wp:attachment":[{"href":"https:\/\/www.fassabortolo.it\/de\/wp-json\/wp\/v2\/media?parent=3497783"}],"curies":[{"name":"wp","href":"https:\/\/api.w.org\/{rel}","templated":true}]}}