{"id":3497791,"date":"2026-01-20T15:05:26","date_gmt":"2026-01-20T14:05:26","guid":{"rendered":"http:\/\/10.6.201.155\/?post_type=product&#038;p=51089"},"modified":"2026-05-15T01:19:35","modified_gmt":"2026-05-14T23:19:35","slug":"fassa-firewall","status":"publish","type":"product","link":"https:\/\/www.fassabortolo.it\/de\/produkte\/verlegesystem-fur-boden-und-wandbelage\/komplementare-produkte\/fassa-firewall","title":{"rendered":"FASSA FIREWALL"},"content":{"rendered":"","protected":false},"featured_media":0,"template":"","class_list":["post-3497791","product","type-product","status-publish","hentry"],"acf":[],"fimg":{"url":"https:\/\/www.fassabortolo.it\/wp-content\/uploads\/media\/assets\/FASSA_FIREWALL.jpg","alt":"FASSA FIREWALL"},"product_description":["Feuerfester zementgebundener Einkomponenten-M\u00f6rtel mit schneller Erh\u00e4rtung, geeignet f\u00fcr den Einsatz in Bereichen, wo gro\u00dfe Best\u00e4ndigkeit gegen\u00fcber hohen Temperaturen erforderlich ist"],"ekr_hierarchy_settings":{"it":{"FASSA_LINEA_PRODOTTI_TRADIZIONALI_SISTEMA_INTONACATURA":{"ekr_position":9},"FASSA_LINEA_PRODOTTI_COMPLEMENTARI_SISTEMA_POSA":{"ekr_position":1}},"ch":{"FASSA_LINEA_PRODOTTI_COMPLEMENTARI_SISTEMA_POSA":{"ekr_position":1}},"es":{"FASSAES_LINEA_PRODOTTI_TRADIZIONALI_SISTEMA_INTONACATURA":{"ekr_position":15},"FASSAES_LINEA_PRODOTTI_COMPLEMENTARI_SISTEMA_POSA":{"ekr_position":1}},"lu":{"FASSA_LINEA_PRODOTTI_TRADIZIONALI_SISTEMA_INTONACATURA":{"ekr_position":20},"FASSA_LINEA_PRODOTTI_COMPLEMENTARI_SISTEMA_POSA":{"ekr_position":1}}},"lang":{"language_code":"de","locale":"de_DE","text_direction":false,"display_name":"Deutsch","native_name":"Tedesco","different_language":false},"systems":[{"id":3497520,"name":"VERPUTZ- UND BAUSYSTEM","permalink":"https:\/\/www.fassabortolo.it\/de\/produkte\/verputz-und-bausystem\/","slug":"verputz-und-bausystem","ekr_pallet_code":"FASSA_SISTEMA_INTONACATURA_E_COSTRUZIONE"},{"id":3497517,"name":"VERLEGESYSTEM F\u00dcR BODEN- UND WANDBEL\u00c4GE","permalink":"https:\/\/www.fassabortolo.it\/de\/produkte\/verlegesystem-fur-boden-und-wandbelage\/","slug":"verlegesystem-fur-boden-und-wandbelage","ekr_pallet_code":"FASSA_SISTEMA_POSA_PAVIMENTI_E_RIVESTIMENTI"}],"product_pallet_code":"PROD_FASSA_FIREWALL","lines":[{"id":3497493,"name":"KOMPLEMENT\u00c4RE PRODUKTE","permalink":"https:\/\/www.fassabortolo.it\/de\/produkte\/\/komplementare-produkte\/","slug":"komplementare-produkte","system_codes":["FASSA_SISTEMA_POSA_PAVIMENTI_E_RIVESTIMENTI"],"ekr_pallet_code":"FASSA_LINEA_PRODOTTI_COMPLEMENTARI_SISTEMA_POSA"},{"id":3497483,"name":"TRADITIONELLE PRODUKTE","permalink":"https:\/\/www.fassabortolo.it\/de\/produkte\/\/traditionelle-produkte\/","slug":"traditionelle-produkte","system_codes":["FASSA_SISTEMA_INTONACATURA_E_COSTRUZIONE"],"ekr_pallet_code":"FASSA_LINEA_PRODOTTI_TRADIZIONALI_SISTEMA_INTONACATURA"}],"use":["FASSA FIREWALL wird als Mauerm\u00f6rtel f\u00fcr all jene Arbeiten verwendet, wo gro\u00dfe Best\u00e4ndigkeit gegen\u00fcber hohen Temperaturen erforderlich ist, wie beispielsweise bei der Montage und Spachtelung von Kamin\u00f6fen, Heiz\u00f6fen, Barbequeeinrichtungen, Feuerstellen, Abz\u00fcgen und feuerfesten Ziegeln.","Kann auch als Endspachtelung f\u00fcr die vorher zitierten Erzeugnisse verwendet werden."],"supply":["Spezialbeutel mit Feuchtigkeitsschutz zu ca. 5 kg in der Kartonschachtel zu jeweils 5 St."],"attributes":{"Attributes_1":{"FEUERFESTE M\u00d6RTEL":"Feuerfeste M\u00f6rtel","MEHRZWECKPRODUKTE":"Mehrzweckprodukte"},"Attributes_2":{"AUSSENBEREICH":"Au\u00dfenbereich","INNENBEREICH":"Innenbereich"}},"___attributes":{"FASSAES":{"FASSA_SISTEMA_POSA_PAVIMENTI_E_RIVESTIMENTI":{"Attributes_1":["Feuerfeste M\u00f6rtel"],"Attributes_2":["Au\u00dfenbereich","Innenbereich"]},"FASSA_SISTEMA_INTONACATURA_E_COSTRUZIONE":{"Attributes_1":["Mehrzweckprodukte"],"Attributes_2":["Au\u00dfenbereich","Innenbereich"]}},"FASSA":{"FASSA_SISTEMA_POSA_PAVIMENTI_E_RIVESTIMENTI":{"Attributes_1":["Feuerfeste M\u00f6rtel"],"Attributes_2":["Au\u00dfenbereich","Innenbereich"]},"FASSA_SISTEMA_INTONACATURA_E_COSTRUZIONE":{"Attributes_1":["Mehrzweckprodukte"],"Attributes_2":["Au\u00dfenbereich","Innenbereich"]}}},"elastic_market_index":"it","structured_data":{"@context":"https:\/\/schema.org","@type":"Product","name":"FASSA FIREWALL","description":["Feuerfester zementgebundener Einkomponenten-M\u00f6rtel mit schneller Erh\u00e4rtung, geeignet f\u00fcr den Einsatz in Bereichen, wo gro\u00dfe Best\u00e4ndigkeit gegen\u00fcber hohen Temperaturen erforderlich ist"],"url":"https:\/\/www.fassabortolo.it\/de\/produkte\/verlegesystem-fur-boden-und-wandbelage\/komplementare-produkte\/fassa-firewall","identifier":"PROD_FASSA_FIREWALL","sku":"PROD_FASSA_FIREWALL","image":"https:\/\/www.fassabortolo.it\/wp-content\/uploads\/media\/assets\/FASSA_FIREWALL.jpg","brand":{"@type":"Brand","name":"Fassa Bortolo"},"manufacturer":{"@type":"Organization","name":"Fassa Bortolo","url":"https:\/\/www.fassabortolo.it"},"additionalProperty":[{"@type":"PropertyValue","name":"Use Case 1","value":"FASSA FIREWALL wird als Mauerm\u00f6rtel f\u00fcr all jene Arbeiten verwendet, wo gro\u00dfe Best\u00e4ndigkeit gegen\u00fcber hohen Temperaturen erforderlich ist, wie beispielsweise bei der Montage und Spachtelung von Kamin\u00f6fen, Heiz\u00f6fen, Barbequeeinrichtungen, Feuerstellen, Abz\u00fcgen und feuerfesten Ziegeln."},{"@type":"PropertyValue","name":"Use Case 2","value":"Kann auch als Endspachtelung f\u00fcr die vorher zitierten Erzeugnisse verwendet werden."},{"@type":"PropertyValue","name":"Supply Information","value":"Spezialbeutel mit Feuchtigkeitsschutz zu ca. 5 kg in der Kartonschachtel zu jeweils 5 St."},{"@type":"PropertyValue","name":"Attributes_1","value":"Feuerfeste M\u00f6rtel"},{"@type":"PropertyValue","name":"Attributes_2","value":"Au\u00dfenbereich"},{"@type":"PropertyValue","name":"Attributes_2","value":"Innenbereich"},{"@type":"PropertyValue","name":"Attributes_1","value":"Mehrzweckprodukte"},{"@type":"PropertyValue","name":"Attributes_2","value":"Au\u00dfenbereich"},{"@type":"PropertyValue","name":"Attributes_2","value":"Innenbereich"}],"category":[{"@type":"ProductCollection","name":"TRADITIONELLE PRODUKTE","identifier":"FASSA_LINEA_PRODOTTI_TRADIZIONALI_SISTEMA_INTONACATURA"},{"@type":"ProductCollection","name":"KOMPLEMENT\u00c4RE PRODUKTE","identifier":"FASSA_LINEA_PRODOTTI_COMPLEMENTARI_SISTEMA_POSA"},{"@type":"Collection","name":"VERPUTZ- UND BAUSYSTEM","identifier":"FASSA_SISTEMA_INTONACATURA_E_COSTRUZIONE"},{"@type":"Collection","name":"VERLEGESYSTEM F\u00dcR BODEN- UND WANDBEL\u00c4GE","identifier":"FASSA_SISTEMA_POSA_PAVIMENTI_E_RIVESTIMENTI"}],"inLanguage":"de"},"_links":{"self":[{"href":"https:\/\/www.fassabortolo.it\/de\/wp-json\/wp\/v2\/product\/3497791","targetHints":{"allow":["GET"]}}],"collection":[{"href":"https:\/\/www.fassabortolo.it\/de\/wp-json\/wp\/v2\/product"}],"about":[{"href":"https:\/\/www.fassabortolo.it\/de\/wp-json\/wp\/v2\/types\/product"}],"wp:attachment":[{"href":"https:\/\/www.fassabortolo.it\/de\/wp-json\/wp\/v2\/media?parent=3497791"}],"curies":[{"name":"wp","href":"https:\/\/api.w.org\/{rel}","templated":true}]}}