{"id":3497808,"date":"2026-01-20T15:05:37","date_gmt":"2026-01-20T14:05:37","guid":{"rendered":"http:\/\/10.6.201.155\/?post_type=product&#038;p=51155"},"modified":"2026-05-15T01:19:28","modified_gmt":"2026-05-14T23:19:28","slug":"fassa-one-dry","status":"publish","type":"product","link":"https:\/\/www.fassabortolo.it\/de\/produkte\/saniersystem-fur-feuchte-mauerwerke\/traditionelle-produkte\/fassa-one-dry","title":{"rendered":"FASSA ONE DRY"},"content":{"rendered":"","protected":false},"featured_media":0,"template":"","class_list":["post-3497808","product","type-product","status-publish","hentry"],"acf":[],"fimg":{"url":"https:\/\/www.fassabortolo.it\/wp-content\/uploads\/media\/assets\/FASSA_ONE_DRY.jpg","alt":"FASSA ONE DRY"},"product_description":["Makropor\u00f6ser faserverg\u00fcteter Leichtputz in Wei\u00df, f\u00fcr die Sanierung von feuchten Mauerwerken im Innen- und Au\u00dfenbereich"],"ekr_hierarchy_settings":{"it":{"FASSA_LINEA_PRODOTTI_TRADIZIONALI_SISTEMA_RISANAMENTO":{"ekr_position":3}},"ch":{"FASSA_LINEA_PRODOTTI_TRADIZIONALI_SISTEMA_RISANAMENTO":{"ekr_position":0}},"es":{"FASSAES_LINEA_PRODOTTI_TRADIZIONALI_SISTEMA_RISANAMENTO":{"ekr_position":0}},"lu":{"FASSA_LINEA_PRODOTTI_TRADIZIONALI_SISTEMA_RISANAMENTO":{"ekr_position":0}}},"lang":{"language_code":"de","locale":"de_DE","text_direction":false,"display_name":"Deutsch","native_name":"Tedesco","different_language":false},"systems":[{"id":3497515,"name":"SANIERSYSTEM F\u00dcR FEUCHTE MAUERWERKE","permalink":"https:\/\/www.fassabortolo.it\/de\/produkte\/saniersystem-fur-feuchte-mauerwerke\/","slug":"saniersystem-fur-feuchte-mauerwerke","ekr_pallet_code":"FASSA_SISTEMA_RISANAMENTO_MURATURE_UMIDE"}],"product_pallet_code":"PROD_FASSA_ONE_DRY","lines":[{"id":3497488,"name":"TRADITIONELLE PRODUKTE","permalink":"https:\/\/www.fassabortolo.it\/de\/produkte\/\/traditionelle-produkte\/","slug":"traditionelle-produkte","system_codes":["FASSA_SISTEMA_RISANAMENTO_MURATURE_UMIDE"],"ekr_pallet_code":"FASSA_LINEA_PRODOTTI_TRADIZIONALI_SISTEMA_RISANAMENTO"}],"use":["FASSA ONE DRY wird als Grundputz f\u00fcr die Hand- oder Maschinenverarbeitung bei der Sanierung von feuchten Mauerwerken im Innen- und Au\u00dfenbereich verwendet."],"supply":["In feuchtigkeitsgesch\u00fctzten Spezials\u00e4cken zu ca. 25 kg"],"attributes":{"Attributes_1":{"2-IN-1 PRODUKTE":"2-in-1 Produkte"},"Attributes_2":{"AUSSENBEREICH":"Au\u00dfenbereich","INNENBEREICH":"Innenbereich"}},"___attributes":{"FASSAES":{"FASSA_SISTEMA_RISANAMENTO_MURATURE_UMIDE":{"Attributes_1":["2-in-1 Produkte"],"Attributes_2":["Au\u00dfenbereich","Innenbereich"]}},"FASSA":{"FASSA_SISTEMA_RISANAMENTO_MURATURE_UMIDE":{"Attributes_1":["2-in-1 Produkte"],"Attributes_2":["Au\u00dfenbereich","Innenbereich"]}}},"elastic_market_index":"it","structured_data":{"@context":"https:\/\/schema.org","@type":"Product","name":"FASSA ONE DRY","description":["Makropor\u00f6ser faserverg\u00fcteter Leichtputz in Wei\u00df, f\u00fcr die Sanierung von feuchten Mauerwerken im Innen- und Au\u00dfenbereich"],"url":"https:\/\/www.fassabortolo.it\/de\/produkte\/saniersystem-fur-feuchte-mauerwerke\/traditionelle-produkte\/fassa-one-dry","identifier":"PROD_FASSA_ONE_DRY","sku":"PROD_FASSA_ONE_DRY","image":"https:\/\/www.fassabortolo.it\/wp-content\/uploads\/media\/assets\/FASSA_ONE_DRY.jpg","brand":{"@type":"Brand","name":"Fassa Bortolo"},"manufacturer":{"@type":"Organization","name":"Fassa Bortolo","url":"https:\/\/www.fassabortolo.it"},"additionalProperty":[{"@type":"PropertyValue","name":"Use Case 1","value":"FASSA ONE DRY wird als Grundputz f\u00fcr die Hand- oder Maschinenverarbeitung bei der Sanierung von feuchten Mauerwerken im Innen- und Au\u00dfenbereich verwendet."},{"@type":"PropertyValue","name":"Supply Information","value":"In feuchtigkeitsgesch\u00fctzten Spezials\u00e4cken zu ca. 25 kg"},{"@type":"PropertyValue","name":"Attributes_1","value":"2-in-1 Produkte"},{"@type":"PropertyValue","name":"Attributes_2","value":"Au\u00dfenbereich"},{"@type":"PropertyValue","name":"Attributes_2","value":"Innenbereich"}],"category":[{"@type":"ProductCollection","name":"TRADITIONELLE PRODUKTE","identifier":"FASSA_LINEA_PRODOTTI_TRADIZIONALI_SISTEMA_RISANAMENTO"},{"@type":"Collection","name":"SANIERSYSTEM F\u00dcR FEUCHTE MAUERWERKE","identifier":"FASSA_SISTEMA_RISANAMENTO_MURATURE_UMIDE"}],"inLanguage":"de"},"_links":{"self":[{"href":"https:\/\/www.fassabortolo.it\/de\/wp-json\/wp\/v2\/product\/3497808","targetHints":{"allow":["GET"]}}],"collection":[{"href":"https:\/\/www.fassabortolo.it\/de\/wp-json\/wp\/v2\/product"}],"about":[{"href":"https:\/\/www.fassabortolo.it\/de\/wp-json\/wp\/v2\/types\/product"}],"wp:attachment":[{"href":"https:\/\/www.fassabortolo.it\/de\/wp-json\/wp\/v2\/media?parent=3497808"}],"curies":[{"name":"wp","href":"https:\/\/api.w.org\/{rel}","templated":true}]}}