{"id":3497828,"date":"2026-01-20T15:05:55","date_gmt":"2026-01-20T14:05:55","guid":{"rendered":"http:\/\/10.6.201.155\/?post_type=product&#038;p=51230"},"modified":"2026-02-04T16:53:01","modified_gmt":"2026-02-04T15:53:01","slug":"fassa-roto-mechanic-fix","status":"publish","type":"product","link":"https:\/\/www.fassabortolo.it\/de\/produkte\/konsolidierungs-und-strukturverstarkungssystem\/verbinder\/fassa-roto-mechanic-fix","title":{"rendered":"FASSA ROTO MECHANIC FIX"},"content":{"rendered":"","protected":false},"featured_media":0,"template":"","class_list":["post-3497828","product","type-product","status-publish","hentry"],"acf":[],"fimg":{"url":"https:\/\/www.fassabortolo.it\/wp-content\/uploads\/media\/assets\/FASSA_ROTO_MECHANIC_FIX.jpg","alt":"FASSA ROTO MECHANIC FIX"},"product_description":["Tassello per il fissaggio dei profili per sistema meccanico"],"ekr_hierarchy_settings":{"it":{"FASSA_LINEA_CONNETTORI_SISTEMA_CONSOLIDAMENTO":{"ekr_position":9}},"ch":{"FASSA_LINEA_CONNETTORI_SISTEMA_CONSOLIDAMENTO":{"ekr_position":4}},"lu":{"FASSA_LINEA_CONNETTORI_SISTEMA_CONSOLIDAMENTO":{"ekr_position":4}}},"lang":{"language_code":"de","locale":"de_DE","text_direction":false,"display_name":"Deutsch","native_name":"Tedesco","different_language":false},"systems":[{"id":3497508,"name":"KONSOLIDIERUNGS- UND STRUKTURVERST\u00c4RKUNGSSYSTEM","permalink":"https:\/\/www.fassabortolo.it\/de\/produkte\/konsolidierungs-und-strukturverstarkungssystem\/","slug":"konsolidierungs-und-strukturverstarkungssystem","ekr_pallet_code":"FASSA_SISTEMA_CONSOLIDAMENTO_E_RINFORZO_STRUTTURALE"}],"product_pallet_code":"PROD_FASSA_ROTO_MECHANIC_FIX","lines":[{"id":3497455,"name":"VERBINDER","permalink":"https:\/\/www.fassabortolo.it\/de\/produkte\/\/verbinder\/","slug":"verbinder","system_codes":["FASSA_SISTEMA_CONSOLIDAMENTO_E_RINFORZO_STRUTTURALE"],"ekr_pallet_code":"FASSA_LINEA_CONNETTORI_SISTEMA_CONSOLIDAMENTO"}],"use":null,"supply":null,"attributes":{"Attributes_1":{"DECKABL\u00d6SUNGSSCHUTZ":"Deckabl\u00f6sungsschutz"},"Attributes_2":{"AUSSENBEREICH":"Au\u00dfenbereich","INNENBEREICH":"Innenbereich"}},"___attributes":{"FASSA":{"FASSA_SISTEMA_CONSOLIDAMENTO_E_RINFORZO_STRUTTURALE":{"Attributes_1":["Deckabl\u00f6sungsschutz"],"Attributes_2":["Au\u00dfenbereich","Innenbereich"]}}},"elastic_market_index":"it","structured_data":{"@context":"https:\/\/schema.org","@type":"Product","name":"FASSA ROTO MECHANIC FIX","description":["Tassello per il fissaggio dei profili per sistema meccanico"],"url":"https:\/\/www.fassabortolo.it\/de\/produkte\/konsolidierungs-und-strukturverstarkungssystem\/verbinder\/fassa-roto-mechanic-fix","identifier":"PROD_FASSA_ROTO_MECHANIC_FIX","sku":"PROD_FASSA_ROTO_MECHANIC_FIX","image":"https:\/\/www.fassabortolo.it\/wp-content\/uploads\/media\/assets\/FASSA_ROTO_MECHANIC_FIX.jpg","brand":{"@type":"Brand","name":"Fassa Bortolo"},"manufacturer":{"@type":"Organization","name":"Fassa Bortolo","url":"https:\/\/www.fassabortolo.it"},"additionalProperty":[{"@type":"PropertyValue","name":"Attributes_1","value":"Deckabl\u00f6sungsschutz"},{"@type":"PropertyValue","name":"Attributes_2","value":"Au\u00dfenbereich"},{"@type":"PropertyValue","name":"Attributes_2","value":"Innenbereich"}],"category":[{"@type":"ProductCollection","name":"VERBINDER","identifier":"FASSA_LINEA_CONNETTORI_SISTEMA_CONSOLIDAMENTO"},{"@type":"Collection","name":"KONSOLIDIERUNGS- UND STRUKTURVERST\u00c4RKUNGSSYSTEM","identifier":"FASSA_SISTEMA_CONSOLIDAMENTO_E_RINFORZO_STRUTTURALE"}],"inLanguage":"de"},"_links":{"self":[{"href":"https:\/\/www.fassabortolo.it\/de\/wp-json\/wp\/v2\/product\/3497828","targetHints":{"allow":["GET"]}}],"collection":[{"href":"https:\/\/www.fassabortolo.it\/de\/wp-json\/wp\/v2\/product"}],"about":[{"href":"https:\/\/www.fassabortolo.it\/de\/wp-json\/wp\/v2\/types\/product"}],"wp:attachment":[{"href":"https:\/\/www.fassabortolo.it\/de\/wp-json\/wp\/v2\/media?parent=3497828"}],"curies":[{"name":"wp","href":"https:\/\/api.w.org\/{rel}","templated":true}]}}