{"id":3497837,"date":"2026-01-20T15:06:05","date_gmt":"2026-01-20T14:06:05","guid":{"rendered":"http:\/\/10.6.201.155\/?post_type=product&#038;p=51271"},"modified":"2026-05-15T01:19:59","modified_gmt":"2026-05-14T23:19:59","slug":"fassa-steel-connector","status":"publish","type":"product","link":"https:\/\/www.fassabortolo.it\/de\/produkte\/konsolidierungs-und-strukturverstarkungssystem\/verbinder\/fassa-steel-connector","title":{"rendered":"FASSA STEEL CONNECTOR"},"content":{"rendered":"","protected":false},"featured_media":0,"template":"","class_list":["post-3497837","product","type-product","status-publish","hentry"],"acf":[],"fimg":{"url":"https:\/\/www.fassabortolo.it\/wp-content\/uploads\/media\/assets\/FASSA_STEEL_CONNECTOR_5_MM.jpg","alt":"FASSA STEEL CONNECTOR"},"product_description":["Verbinder aus rostfreiem Stahl, bestehend aus hochfesten unidirektionalen Str\u00e4ngen"],"ekr_hierarchy_settings":{"it":{"FASSA_LINEA_CONNETTORI_SISTEMA_CONSOLIDAMENTO":{"ekr_position":1}},"ch":{"FASSA_LINEA_CONNETTORI_SISTEMA_CONSOLIDAMENTO":{"ekr_position":3}},"lu":{"FASSA_LINEA_CONNETTORI_SISTEMA_CONSOLIDAMENTO":{"ekr_position":3}}},"lang":{"language_code":"de","locale":"de_DE","text_direction":false,"display_name":"Deutsch","native_name":"Tedesco","different_language":false},"systems":[{"id":3497508,"name":"KONSOLIDIERUNGS- UND STRUKTURVERST\u00c4RKUNGSSYSTEM","permalink":"https:\/\/www.fassabortolo.it\/de\/produkte\/konsolidierungs-und-strukturverstarkungssystem\/","slug":"konsolidierungs-und-strukturverstarkungssystem","ekr_pallet_code":"FASSA_SISTEMA_CONSOLIDAMENTO_E_RINFORZO_STRUTTURALE"}],"product_pallet_code":"PROD_FASSA_STEEL_CONNECTOR","lines":[{"id":3497455,"name":"VERBINDER","permalink":"https:\/\/www.fassabortolo.it\/de\/produkte\/\/verbinder\/","slug":"verbinder","system_codes":["FASSA_SISTEMA_CONSOLIDAMENTO_E_RINFORZO_STRUTTURALE"],"ekr_pallet_code":"FASSA_LINEA_CONNETTORI_SISTEMA_CONSOLIDAMENTO"}],"use":["FASSA STEEL CONNECTOR wird dazu verwendet, um die mithilfe eines Stahlfasergewebes verst\u00e4rkten M\u00f6rtelschichten mit den Mauerwerks- oder Betonbauteilen bei FRCM Verst\u00e4rkungssystemen zu verbinden.","FASSA STEEL CONNECTOR ist ein Bestandteil der Konsolidierungssysteme FASSATEX STEEL SYSTEM und FASSATEX STEEL NHL SYSTEM: Betreffend die Verwendungsmodalit\u00e4ten ist das jeweilige technische Datenblatt des ausgew\u00e4hlten Systems einzusehen."],"supply":["Rollen mit einer L\u00e4nge von 10 m und einem Durchmesser von 10 mm"],"attributes":{"Attributes_1":{"FRCM":"FRCM"},"Attributes_2":{"AUSSENBEREICH":"Au\u00dfenbereich","INNENBEREICH":"Innenbereich"}},"___attributes":{"FASSA":{"FASSA_SISTEMA_CONSOLIDAMENTO_E_RINFORZO_STRUTTURALE":{"Attributes_1":["FRCM"],"Attributes_2":["Au\u00dfenbereich","Innenbereich"]}}},"elastic_market_index":"it","structured_data":{"@context":"https:\/\/schema.org","@type":"Product","name":"FASSA STEEL CONNECTOR","description":["Verbinder aus rostfreiem Stahl, bestehend aus hochfesten unidirektionalen Str\u00e4ngen"],"url":"https:\/\/www.fassabortolo.it\/de\/produkte\/konsolidierungs-und-strukturverstarkungssystem\/verbinder\/fassa-steel-connector","identifier":"PROD_FASSA_STEEL_CONNECTOR","sku":"PROD_FASSA_STEEL_CONNECTOR","image":"https:\/\/www.fassabortolo.it\/wp-content\/uploads\/media\/assets\/FASSA_STEEL_CONNECTOR_5_MM.jpg","brand":{"@type":"Brand","name":"Fassa Bortolo"},"manufacturer":{"@type":"Organization","name":"Fassa Bortolo","url":"https:\/\/www.fassabortolo.it"},"additionalProperty":[{"@type":"PropertyValue","name":"Use Case 1","value":"FASSA STEEL CONNECTOR wird dazu verwendet, um die mithilfe eines Stahlfasergewebes verst\u00e4rkten M\u00f6rtelschichten mit den Mauerwerks- oder Betonbauteilen bei FRCM Verst\u00e4rkungssystemen zu verbinden."},{"@type":"PropertyValue","name":"Use Case 2","value":"FASSA STEEL CONNECTOR ist ein Bestandteil der Konsolidierungssysteme FASSATEX STEEL SYSTEM und FASSATEX STEEL NHL SYSTEM: Betreffend die Verwendungsmodalit\u00e4ten ist das jeweilige technische Datenblatt des ausgew\u00e4hlten Systems einzusehen."},{"@type":"PropertyValue","name":"Supply Information","value":"Rollen mit einer L\u00e4nge von 10 m und einem Durchmesser von 10 mm"},{"@type":"PropertyValue","name":"Attributes_1","value":"FRCM"},{"@type":"PropertyValue","name":"Attributes_2","value":"Au\u00dfenbereich"},{"@type":"PropertyValue","name":"Attributes_2","value":"Innenbereich"}],"category":[{"@type":"ProductCollection","name":"VERBINDER","identifier":"FASSA_LINEA_CONNETTORI_SISTEMA_CONSOLIDAMENTO"},{"@type":"Collection","name":"KONSOLIDIERUNGS- UND STRUKTURVERST\u00c4RKUNGSSYSTEM","identifier":"FASSA_SISTEMA_CONSOLIDAMENTO_E_RINFORZO_STRUTTURALE"}],"inLanguage":"de"},"_links":{"self":[{"href":"https:\/\/www.fassabortolo.it\/de\/wp-json\/wp\/v2\/product\/3497837","targetHints":{"allow":["GET"]}}],"collection":[{"href":"https:\/\/www.fassabortolo.it\/de\/wp-json\/wp\/v2\/product"}],"about":[{"href":"https:\/\/www.fassabortolo.it\/de\/wp-json\/wp\/v2\/types\/product"}],"wp:attachment":[{"href":"https:\/\/www.fassabortolo.it\/de\/wp-json\/wp\/v2\/media?parent=3497837"}],"curies":[{"name":"wp","href":"https:\/\/api.w.org\/{rel}","templated":true}]}}