{"id":3497846,"date":"2026-01-20T15:06:16","date_gmt":"2026-01-20T14:06:16","guid":{"rendered":"http:\/\/10.6.201.155\/?post_type=product&#038;p=51307"},"modified":"2026-05-15T01:21:26","modified_gmt":"2026-05-14T23:21:26","slug":"fassa-top-fix-s1-short","status":"publish","type":"product","link":"https:\/\/www.fassabortolo.it\/de\/produkte\/sistema-isolamento-termico-fassatherm\/dubel\/fassa-top-fix-s1-short","title":{"rendered":"FASSA TOP FIX S1 SHORT"},"content":{"rendered":"","protected":false},"featured_media":0,"template":"","class_list":["post-3497846","product","type-product","status-publish","hentry"],"acf":[],"fimg":{"url":"https:\/\/www.fassabortolo.it\/wp-content\/uploads\/media\/assets\/FASSA_TOP_FIX_S1_SHORT.jpg","alt":"FASSA TOP FIX S1 SHORT"},"product_description":["Schraubd\u00fcbel f\u00fcr die Befestigung von D\u00e4mmplatten bei ETICS-Systemen"],"ekr_hierarchy_settings":{"it":{"FASSA_LINEA_TASSELLI_SISTEMA_ISOLAMENTO":{"ekr_position":3}},"ch":{"FASSA_LINEA_TASSELLI_SISTEMA_ISOLAMENTO":{"ekr_position":2}},"es":{"FASSAES_LINEA_TASSELLI_SISTEMA_ISOLAMENTO":{"ekr_position":2}},"lu":{"FASSA_LINEA_TASSELLI_SISTEMA_ISOLAMENTO":{"ekr_position":2}}},"lang":{"language_code":"de","locale":"de_DE","text_direction":false,"display_name":"Deutsch","native_name":"Tedesco","different_language":false},"systems":[{"id":3497519,"name":"W\u00c4RMED\u00c4MMVERBUNDSYSTEM FASSATHERM\u00ae","permalink":"https:\/\/www.fassabortolo.it\/de\/produkte\/sistema-isolamento-termico-fassatherm\/","slug":"sistema-isolamento-termico-fassatherm","ekr_pallet_code":"FASSA_SISTEMA_ISOLAMENTO_TERMICO_FASSATHERM"}],"product_pallet_code":"PROD_FASSA_TOP_FIX_S1_SHORT","lines":[{"id":3497511,"name":"D\u00dcBEL","permalink":"https:\/\/www.fassabortolo.it\/de\/produkte\/\/dubel\/","slug":"dubel","system_codes":["FASSA_SISTEMA_ISOLAMENTO_TERMICO_FASSATHERM"],"ekr_pallet_code":"FASSA_LINEA_TASSELLI_SISTEMA_ISOLAMENTO"}],"use":["Der Verd\u00fcbelung der D\u00e4mmplatten bei einem WDVS verleiht dem System gr\u00f6\u00dfere statische Stabilit\u00e4t, gr\u00f6\u00dfere Sicherheit gegen\u00fcber der Sogwirkung des Windes und erm\u00f6glicht ferner das Beibehalten eines Kupplungseffekts zwischen Klebstoff und Untergrund.","Der bei allen D\u00e4mmplatten des W\u00e4rmed\u00e4mmverbundsystems FASSATHERM verwendete D\u00fcbel FASSA TOP FIX S1 SHORT eignet sich f\u00fcr Untergr\u00fcnde aus Beton, aus Vollziegel, aus Hohllochziegel, aus Porenleichtbeton und Schaumbetonbl\u00f6cken. &nbsp; Bei der D\u00fcbelmontage durch Verschraubung erh\u00e4lt man eine mit der D\u00e4mmplatte fl\u00e4chenb\u00fcndige Verd\u00fcbelung."],"supply":["Verpackungseinheit: &nbsp; 100 St\u00fcck"],"attributes":{"Attributes_1":[],"Attributes_2":{"AUSSENBEREICH":"Au\u00dfenbereich","INNENBEREICH":"Innenbereich"}},"___attributes":{"FASSAES":{"FASSA_SISTEMA_ISOLAMENTO_TERMICO_FASSATHERM":{"Attributes_2":["Au\u00dfenbereich","Innenbereich"]}},"FASSA":{"FASSA_SISTEMA_ISOLAMENTO_TERMICO_FASSATHERM":{"Attributes_2":["Au\u00dfenbereich","Innenbereich"]}}},"elastic_market_index":"it","structured_data":{"@context":"https:\/\/schema.org","@type":"Product","name":"FASSA TOP FIX S1 SHORT","description":["Schraubd\u00fcbel f\u00fcr die Befestigung von D\u00e4mmplatten bei ETICS-Systemen"],"url":"https:\/\/www.fassabortolo.it\/de\/produkte\/sistema-isolamento-termico-fassatherm\/dubel\/fassa-top-fix-s1-short","identifier":"PROD_FASSA_TOP_FIX_S1_SHORT","sku":"PROD_FASSA_TOP_FIX_S1_SHORT","image":"https:\/\/www.fassabortolo.it\/wp-content\/uploads\/media\/assets\/FASSA_TOP_FIX_S1_SHORT.jpg","brand":{"@type":"Brand","name":"Fassa Bortolo"},"manufacturer":{"@type":"Organization","name":"Fassa Bortolo","url":"https:\/\/www.fassabortolo.it"},"additionalProperty":[{"@type":"PropertyValue","name":"Use Case 1","value":"Der Verd\u00fcbelung der D\u00e4mmplatten bei einem WDVS verleiht dem System gr\u00f6\u00dfere statische Stabilit\u00e4t, gr\u00f6\u00dfere Sicherheit gegen\u00fcber der Sogwirkung des Windes und erm\u00f6glicht ferner das Beibehalten eines Kupplungseffekts zwischen Klebstoff und Untergrund."},{"@type":"PropertyValue","name":"Use Case 2","value":"Der bei allen D\u00e4mmplatten des W\u00e4rmed\u00e4mmverbundsystems FASSATHERM verwendete D\u00fcbel FASSA TOP FIX S1 SHORT eignet sich f\u00fcr Untergr\u00fcnde aus Beton, aus Vollziegel, aus Hohllochziegel, aus Porenleichtbeton und Schaumbetonbl\u00f6cken. &nbsp; Bei der D\u00fcbelmontage durch Verschraubung erh\u00e4lt man eine mit der D\u00e4mmplatte fl\u00e4chenb\u00fcndige Verd\u00fcbelung."},{"@type":"PropertyValue","name":"Supply Information","value":"Verpackungseinheit: &nbsp; 100 St\u00fcck"},{"@type":"PropertyValue","name":"Attributes_2","value":"Au\u00dfenbereich"},{"@type":"PropertyValue","name":"Attributes_2","value":"Innenbereich"}],"category":[{"@type":"ProductCollection","name":"D\u00dcBEL","identifier":"FASSA_LINEA_TASSELLI_SISTEMA_ISOLAMENTO"},{"@type":"Collection","name":"W\u00c4RMED\u00c4MMVERBUNDSYSTEM FASSATHERM\u00ae","identifier":"FASSA_SISTEMA_ISOLAMENTO_TERMICO_FASSATHERM"}],"inLanguage":"de"},"_links":{"self":[{"href":"https:\/\/www.fassabortolo.it\/de\/wp-json\/wp\/v2\/product\/3497846","targetHints":{"allow":["GET"]}}],"collection":[{"href":"https:\/\/www.fassabortolo.it\/de\/wp-json\/wp\/v2\/product"}],"about":[{"href":"https:\/\/www.fassabortolo.it\/de\/wp-json\/wp\/v2\/types\/product"}],"wp:attachment":[{"href":"https:\/\/www.fassabortolo.it\/de\/wp-json\/wp\/v2\/media?parent=3497846"}],"curies":[{"name":"wp","href":"https:\/\/api.w.org\/{rel}","templated":true}]}}