{"id":3497847,"date":"2026-01-20T15:06:17","date_gmt":"2026-01-20T14:06:17","guid":{"rendered":"http:\/\/10.6.201.155\/?post_type=product&#038;p=51311"},"modified":"2026-05-15T01:21:30","modified_gmt":"2026-05-14T23:21:30","slug":"fassa-top-fix-2g","status":"publish","type":"product","link":"https:\/\/www.fassabortolo.it\/de\/produkte\/sistema-isolamento-termico-fassatherm\/dubel\/fassa-top-fix-2g","title":{"rendered":"FASSA TOP FIX 2G"},"content":{"rendered":"","protected":false},"featured_media":0,"template":"","class_list":["post-3497847","product","type-product","status-publish","hentry"],"acf":[],"fimg":{"url":"https:\/\/www.fassabortolo.it\/wp-content\/uploads\/media\/assets\/FASSA_TOP_FIX_2G.jpg","alt":"FASSA TOP FIX 2G"},"product_description":["Schraubd\u00fcbel f\u00fcr die Befestigung von D\u00e4mmplatten bei ETICS-Systemen"],"ekr_hierarchy_settings":{"it":{"FASSA_LINEA_TASSELLI_SISTEMA_ISOLAMENTO":{"ekr_position":0}},"ch":{"FASSA_LINEA_TASSELLI_SISTEMA_ISOLAMENTO":{"ekr_position":3}},"es":{"FASSAES_LINEA_TASSELLI_SISTEMA_ISOLAMENTO":{"ekr_position":3}},"lu":{"FASSA_LINEA_TASSELLI_SISTEMA_ISOLAMENTO":{"ekr_position":3}}},"lang":{"language_code":"de","locale":"de_DE","text_direction":false,"display_name":"Deutsch","native_name":"Tedesco","different_language":false},"systems":[{"id":3497519,"name":"W\u00c4RMED\u00c4MMVERBUNDSYSTEM FASSATHERM\u00ae","permalink":"https:\/\/www.fassabortolo.it\/de\/produkte\/sistema-isolamento-termico-fassatherm\/","slug":"sistema-isolamento-termico-fassatherm","ekr_pallet_code":"FASSA_SISTEMA_ISOLAMENTO_TERMICO_FASSATHERM"}],"product_pallet_code":"PROD_FASSA_TOP_FIX_2G","lines":[{"id":3497511,"name":"D\u00dcBEL","permalink":"https:\/\/www.fassabortolo.it\/de\/produkte\/\/dubel\/","slug":"dubel","system_codes":["FASSA_SISTEMA_ISOLAMENTO_TERMICO_FASSATHERM"],"ekr_pallet_code":"FASSA_LINEA_TASSELLI_SISTEMA_ISOLAMENTO"}],"use":["Der Verd\u00fcbelung der D\u00e4mmplatten bei einem WDVS verleiht dem System gr\u00f6\u00dfere statische Stabilit\u00e4t, gr\u00f6\u00dfere Sicherheit gegen\u00fcber der Sogwirkung des Windes und erm\u00f6glicht ferner das Beibehalten eines Kupplungseffekts zwischen Klebstoff und Untergrund.","Der bei allen D\u00e4mmplatten im WDVS FASSATHERM verwendete D\u00fcbel FASSA TOP FIX 2G ist f\u00fcr alle Untergr\u00fcnde aus Beton, aus Vollziegel, aus Lochziegel, aus por\u00f6sem Leichtbeton und aus Porenbetonsteinen geeignet. &nbsp; Die D\u00fcbelmontage durch Verschraubung kann auf zweierlei Arten erfolgen: fl\u00e4chenb\u00fcndig oder versenkt."],"supply":["Verpackungseinheit: &nbsp; 100 St\u00fcck"],"attributes":{"Attributes_1":[],"Attributes_2":{"AUSSENBEREICH":"Au\u00dfenbereich","INNENBEREICH":"Innenbereich"}},"___attributes":{"FASSAES":{"FASSA_SISTEMA_ISOLAMENTO_TERMICO_FASSATHERM":{"Attributes_2":["Au\u00dfenbereich","Innenbereich"]}},"FASSA":{"FASSA_SISTEMA_ISOLAMENTO_TERMICO_FASSATHERM":{"Attributes_2":["Au\u00dfenbereich","Innenbereich"]}}},"elastic_market_index":"it","structured_data":{"@context":"https:\/\/schema.org","@type":"Product","name":"FASSA TOP FIX 2G","description":["Schraubd\u00fcbel f\u00fcr die Befestigung von D\u00e4mmplatten bei ETICS-Systemen"],"url":"https:\/\/www.fassabortolo.it\/de\/produkte\/sistema-isolamento-termico-fassatherm\/dubel\/fassa-top-fix-2g","identifier":"PROD_FASSA_TOP_FIX_2G","sku":"PROD_FASSA_TOP_FIX_2G","image":"https:\/\/www.fassabortolo.it\/wp-content\/uploads\/media\/assets\/FASSA_TOP_FIX_2G.jpg","brand":{"@type":"Brand","name":"Fassa Bortolo"},"manufacturer":{"@type":"Organization","name":"Fassa Bortolo","url":"https:\/\/www.fassabortolo.it"},"additionalProperty":[{"@type":"PropertyValue","name":"Use Case 1","value":"Der Verd\u00fcbelung der D\u00e4mmplatten bei einem WDVS verleiht dem System gr\u00f6\u00dfere statische Stabilit\u00e4t, gr\u00f6\u00dfere Sicherheit gegen\u00fcber der Sogwirkung des Windes und erm\u00f6glicht ferner das Beibehalten eines Kupplungseffekts zwischen Klebstoff und Untergrund."},{"@type":"PropertyValue","name":"Use Case 2","value":"Der bei allen D\u00e4mmplatten im WDVS FASSATHERM verwendete D\u00fcbel FASSA TOP FIX 2G ist f\u00fcr alle Untergr\u00fcnde aus Beton, aus Vollziegel, aus Lochziegel, aus por\u00f6sem Leichtbeton und aus Porenbetonsteinen geeignet. &nbsp; Die D\u00fcbelmontage durch Verschraubung kann auf zweierlei Arten erfolgen: fl\u00e4chenb\u00fcndig oder versenkt."},{"@type":"PropertyValue","name":"Supply Information","value":"Verpackungseinheit: &nbsp; 100 St\u00fcck"},{"@type":"PropertyValue","name":"Attributes_2","value":"Au\u00dfenbereich"},{"@type":"PropertyValue","name":"Attributes_2","value":"Innenbereich"}],"category":[{"@type":"ProductCollection","name":"D\u00dcBEL","identifier":"FASSA_LINEA_TASSELLI_SISTEMA_ISOLAMENTO"},{"@type":"Collection","name":"W\u00c4RMED\u00c4MMVERBUNDSYSTEM FASSATHERM\u00ae","identifier":"FASSA_SISTEMA_ISOLAMENTO_TERMICO_FASSATHERM"}],"inLanguage":"de"},"_links":{"self":[{"href":"https:\/\/www.fassabortolo.it\/de\/wp-json\/wp\/v2\/product\/3497847","targetHints":{"allow":["GET"]}}],"collection":[{"href":"https:\/\/www.fassabortolo.it\/de\/wp-json\/wp\/v2\/product"}],"about":[{"href":"https:\/\/www.fassabortolo.it\/de\/wp-json\/wp\/v2\/types\/product"}],"wp:attachment":[{"href":"https:\/\/www.fassabortolo.it\/de\/wp-json\/wp\/v2\/media?parent=3497847"}],"curies":[{"name":"wp","href":"https:\/\/api.w.org\/{rel}","templated":true}]}}