{"id":3497858,"date":"2026-01-20T15:06:43","date_gmt":"2026-01-20T14:06:43","guid":{"rendered":"http:\/\/10.6.201.155\/?post_type=product&#038;p=51356"},"modified":"2026-05-15T01:21:17","modified_gmt":"2026-05-14T23:21:17","slug":"fe-838","status":"publish","type":"product","link":"https:\/\/www.fassabortolo.it\/de\/produkte\/verlegesystem-fur-boden-und-wandbelage\/fassafill-fugenversiegler\/fe-838","title":{"rendered":"FE 838"},"content":{"rendered":"","protected":false},"featured_media":0,"template":"","class_list":["post-3497858","product","type-product","status-publish","hentry"],"acf":[],"fimg":{"url":"https:\/\/www.fassabortolo.it\/wp-content\/uploads\/media\/assets\/FE_838.jpg","alt":"FE 838"},"product_description":["Zweikomponentiger Klebem\u00f6rtel und Epoxydversiegler f\u00fcr innen und au\u00dfen, s\u00e4urefest, f\u00fcr Fugen zu mindestens 3 mm"],"ekr_hierarchy_settings":{"it":{"FASSA_LINEA_FASSAFILL_SIGILLANTI_PER_FUGHE_SISTEMA_POSA":{"ekr_position":5}},"es":{"FASSAES_LINEA_FASSAFILL_SIGILLANTI_PER_FUGHE_SISTEMA_POSA":{"ekr_position":2}},"lu":{"FASSA_LINEA_FASSAFILL_SIGILLANTI_PER_FUGHE_SISTEMA_POSA":{"ekr_position":13}}},"lang":{"language_code":"de","locale":"de_DE","text_direction":false,"display_name":"Deutsch","native_name":"Tedesco","different_language":false},"systems":[{"id":3497517,"name":"VERLEGESYSTEM F\u00dcR BODEN- UND WANDBEL\u00c4GE","permalink":"https:\/\/www.fassabortolo.it\/de\/produkte\/verlegesystem-fur-boden-und-wandbelage\/","slug":"verlegesystem-fur-boden-und-wandbelage","ekr_pallet_code":"FASSA_SISTEMA_POSA_PAVIMENTI_E_RIVESTIMENTI"}],"product_pallet_code":"PROD_FE_838","lines":[{"id":3497451,"name":"FASSAFILL &#8211; FUGENVERSIEGLER","permalink":"https:\/\/www.fassabortolo.it\/de\/produkte\/\/fassafill-fugenversiegler\/","slug":"fassafill-fugenversiegler","system_codes":["FASSA_SISTEMA_POSA_PAVIMENTI_E_RIVESTIMENTI"],"ekr_pallet_code":"FASSA_LINEA_FASSAFILL_SIGILLANTI_PER_FUGHE_SISTEMA_POSA"}],"use":["FE 838 wird verwendet im Innen- und Au\u00dfenbereich zum Verfugen von Boden- und Wandbel\u00e4gen aus Keramik oder Naturstein, von s\u00e4urebest\u00e4ndigen Boden- und Wandbel\u00e4gen in der Lebensmittelindustrie, in Chemielaboren, K\u00e4sereien, Schlachth\u00f6fen, Metzgereien, Fischgesch\u00e4ften, Weinkellern und in R\u00e4umen, in denen ein hoher Hygienegrad erforderlich ist, in Becken mit aggressivem Wasser, in Industriebereichen, in denen eine hohe mechanische Festigkeit und Best\u00e4ndigkeit gegen\u00fcber chemischen Angriffen erforderlich ist, sowie zum s\u00e4urebest\u00e4ndigen Verkleben von Fliesen."],"supply":["Spezialabpackungen mit Feuchtigkeitsschutz zu 10 kg (9,4 kg der Komp. A und 0,6 kg der Komp. B)","Erh\u00e4ltliche Farbt\u00f6ne:","Weiss","Grau &nbsp; (nur in Spanien)"],"attributes":{"Attributes_1":{"EXPOXYDVERSIEGLER":"Expoxydversiegler"},"Attributes_2":{"AUSSENBEREICH":"Au\u00dfenbereich","INNENBEREICH":"Innenbereich"}},"___attributes":{"FASSAES":{"FASSA_SISTEMA_POSA_PAVIMENTI_E_RIVESTIMENTI":{"Attributes_1":["Expoxydversiegler"],"Attributes_2":["Au\u00dfenbereich","Innenbereich"]}},"FASSA":{"FASSA_SISTEMA_POSA_PAVIMENTI_E_RIVESTIMENTI":{"Attributes_1":["Expoxydversiegler"],"Attributes_2":["Au\u00dfenbereich","Innenbereich"]}}},"elastic_market_index":"it","structured_data":{"@context":"https:\/\/schema.org","@type":"Product","name":"FE 838","description":["Zweikomponentiger Klebem\u00f6rtel und Epoxydversiegler f\u00fcr innen und au\u00dfen, s\u00e4urefest, f\u00fcr Fugen zu mindestens 3 mm"],"url":"https:\/\/www.fassabortolo.it\/de\/produkte\/verlegesystem-fur-boden-und-wandbelage\/fassafill-fugenversiegler\/fe-838","identifier":"PROD_FE_838","sku":"PROD_FE_838","image":"https:\/\/www.fassabortolo.it\/wp-content\/uploads\/media\/assets\/FE_838.jpg","brand":{"@type":"Brand","name":"Fassa Bortolo"},"manufacturer":{"@type":"Organization","name":"Fassa Bortolo","url":"https:\/\/www.fassabortolo.it"},"additionalProperty":[{"@type":"PropertyValue","name":"Use Case 1","value":"FE 838 wird verwendet im Innen- und Au\u00dfenbereich zum Verfugen von Boden- und Wandbel\u00e4gen aus Keramik oder Naturstein, von s\u00e4urebest\u00e4ndigen Boden- und Wandbel\u00e4gen in der Lebensmittelindustrie, in Chemielaboren, K\u00e4sereien, Schlachth\u00f6fen, Metzgereien, Fischgesch\u00e4ften, Weinkellern und in R\u00e4umen, in denen ein hoher Hygienegrad erforderlich ist, in Becken mit aggressivem Wasser, in Industriebereichen, in denen eine hohe mechanische Festigkeit und Best\u00e4ndigkeit gegen\u00fcber chemischen Angriffen erforderlich ist, sowie zum s\u00e4urebest\u00e4ndigen Verkleben von Fliesen."},{"@type":"PropertyValue","name":"Supply Information","value":"Spezialabpackungen mit Feuchtigkeitsschutz zu 10 kg (9,4 kg der Komp. A und 0,6 kg der Komp. B)"},{"@type":"PropertyValue","name":"Supply Information","value":"Erh\u00e4ltliche Farbt\u00f6ne:"},{"@type":"PropertyValue","name":"Supply Information","value":"Weiss"},{"@type":"PropertyValue","name":"Supply Information","value":"Grau &nbsp; (nur in Spanien)"},{"@type":"PropertyValue","name":"Attributes_1","value":"Expoxydversiegler"},{"@type":"PropertyValue","name":"Attributes_2","value":"Au\u00dfenbereich"},{"@type":"PropertyValue","name":"Attributes_2","value":"Innenbereich"}],"category":[{"@type":"ProductCollection","name":"FASSAFILL &#8211; FUGENVERSIEGLER","identifier":"FASSA_LINEA_FASSAFILL_SIGILLANTI_PER_FUGHE_SISTEMA_POSA"},{"@type":"Collection","name":"VERLEGESYSTEM F\u00dcR BODEN- UND WANDBEL\u00c4GE","identifier":"FASSA_SISTEMA_POSA_PAVIMENTI_E_RIVESTIMENTI"}],"inLanguage":"de"},"_links":{"self":[{"href":"https:\/\/www.fassabortolo.it\/de\/wp-json\/wp\/v2\/product\/3497858","targetHints":{"allow":["GET"]}}],"collection":[{"href":"https:\/\/www.fassabortolo.it\/de\/wp-json\/wp\/v2\/product"}],"about":[{"href":"https:\/\/www.fassabortolo.it\/de\/wp-json\/wp\/v2\/types\/product"}],"wp:attachment":[{"href":"https:\/\/www.fassabortolo.it\/de\/wp-json\/wp\/v2\/media?parent=3497858"}],"curies":[{"name":"wp","href":"https:\/\/api.w.org\/{rel}","templated":true}]}}