{"id":3497859,"date":"2026-01-20T15:06:34","date_gmt":"2026-01-20T14:06:34","guid":{"rendered":"http:\/\/10.6.201.155\/?post_type=product&#038;p=51361"},"modified":"2026-02-04T16:53:04","modified_gmt":"2026-02-04T15:53:04","slug":"fassa-ump-alu-tr","status":"publish","type":"product","link":"https:\/\/www.fassabortolo.it\/de\/produkte\/sistema-isolamento-termico-fassatherm\/komplementare-produkte\/fassa-ump-alu-tr","title":{"rendered":"FASSA UMP-ALU-TR"},"content":{"rendered":"","protected":false},"featured_media":0,"template":"","class_list":["post-3497859","product","type-product","status-publish","hentry"],"acf":[],"fimg":{"url":"https:\/\/www.fassabortolo.it\/wp-content\/uploads\/media\/assets\/Fassa_UMP-ALU-TR.jpg","alt":"FASSA UMP-ALU-TR"},"product_description":["Montageplatte aus verst\u00e4rktem Polyurethan-Schaum mit zwei Stahlplatten f\u00fcr die Befestigung von Stiegen, Sonnenmarkisen, H\u00e4ngeschr\u00e4nken usw. &nbsp; Erh\u00e4ltlich bis zu 300 mm Dicke"],"ekr_hierarchy_settings":{"it":{"FASSA_LINEA_PRODOTTI_COMPLEMENTARI_SISTEMA_ISOLAMENTO":{"ekr_position":39}},"es":{"FASSAES_LINEA_PRODOTTI_COMPLEMENTARI_SISTEMA_ISOLAMENTO":{"ekr_position":34}},"lu":{"FASSA_LINEA_PRODOTTI_COMPLEMENTARI_SISTEMA_ISOLAMENTO":{"ekr_position":35}}},"lang":{"language_code":"de","locale":"de_DE","text_direction":false,"display_name":"Deutsch","native_name":"Tedesco","different_language":false},"systems":[{"id":3497519,"name":"W\u00c4RMED\u00c4MMVERBUNDSYSTEM FASSATHERM\u00ae","permalink":"https:\/\/www.fassabortolo.it\/de\/produkte\/sistema-isolamento-termico-fassatherm\/","slug":"sistema-isolamento-termico-fassatherm","ekr_pallet_code":"FASSA_SISTEMA_ISOLAMENTO_TERMICO_FASSATHERM"}],"product_pallet_code":"PROD_FASSA_UMP_ALU_TR","lines":[{"id":3497472,"name":"KOMPLEMENT\u00c4RE PRODUKTE","permalink":"https:\/\/www.fassabortolo.it\/de\/produkte\/\/komplementare-produkte\/","slug":"komplementare-produkte","system_codes":["FASSA_SISTEMA_ISOLAMENTO_TERMICO_FASSATHERM"],"ekr_pallet_code":"FASSA_LINEA_PRODOTTI_COMPLEMENTARI_SISTEMA_ISOLAMENTO"}],"use":null,"supply":null,"attributes":null,"___attributes":null,"elastic_market_index":"it","structured_data":{"@context":"https:\/\/schema.org","@type":"Product","name":"FASSA UMP-ALU-TR","description":["Montageplatte aus verst\u00e4rktem Polyurethan-Schaum mit zwei Stahlplatten f\u00fcr die Befestigung von Stiegen, Sonnenmarkisen, H\u00e4ngeschr\u00e4nken usw. &nbsp; Erh\u00e4ltlich bis zu 300 mm Dicke"],"url":"https:\/\/www.fassabortolo.it\/de\/produkte\/sistema-isolamento-termico-fassatherm\/komplementare-produkte\/fassa-ump-alu-tr","identifier":"PROD_FASSA_UMP_ALU_TR","sku":"PROD_FASSA_UMP_ALU_TR","image":"https:\/\/www.fassabortolo.it\/wp-content\/uploads\/media\/assets\/Fassa_UMP-ALU-TR.jpg","brand":{"@type":"Brand","name":"Fassa Bortolo"},"manufacturer":{"@type":"Organization","name":"Fassa Bortolo","url":"https:\/\/www.fassabortolo.it"},"category":[{"@type":"ProductCollection","name":"KOMPLEMENT\u00c4RE PRODUKTE","identifier":"FASSA_LINEA_PRODOTTI_COMPLEMENTARI_SISTEMA_ISOLAMENTO"},{"@type":"Collection","name":"W\u00c4RMED\u00c4MMVERBUNDSYSTEM FASSATHERM\u00ae","identifier":"FASSA_SISTEMA_ISOLAMENTO_TERMICO_FASSATHERM"}],"inLanguage":"de"},"_links":{"self":[{"href":"https:\/\/www.fassabortolo.it\/de\/wp-json\/wp\/v2\/product\/3497859","targetHints":{"allow":["GET"]}}],"collection":[{"href":"https:\/\/www.fassabortolo.it\/de\/wp-json\/wp\/v2\/product"}],"about":[{"href":"https:\/\/www.fassabortolo.it\/de\/wp-json\/wp\/v2\/types\/product"}],"wp:attachment":[{"href":"https:\/\/www.fassabortolo.it\/de\/wp-json\/wp\/v2\/media?parent=3497859"}],"curies":[{"name":"wp","href":"https:\/\/api.w.org\/{rel}","templated":true}]}}