{"id":3497867,"date":"2026-01-20T15:06:40","date_gmt":"2026-01-20T14:06:40","guid":{"rendered":"http:\/\/10.6.201.155\/?post_type=product&#038;p=51396"},"modified":"2026-05-15T01:23:18","modified_gmt":"2026-05-14T23:23:18","slug":"finitura-750","status":"publish","type":"product","link":"https:\/\/www.fassabortolo.it\/de\/produkte\/saniersystem-fur-feuchte-mauerwerke\/produkte-auf-basis-von-hydraulischem-naturkalk-nhl-3-5\/finitura-750","title":{"rendered":"FINITURA 750"},"content":{"rendered":"","protected":false},"featured_media":0,"template":"","class_list":["post-3497867","product","type-product","status-publish","hentry"],"acf":[],"fimg":{"url":"https:\/\/www.fassabortolo.it\/wp-content\/uploads\/media\/assets\/FINITURA_750.jpg","alt":"FINITURA 750"},"product_description":["Feinabrieb auf der Basis von hydraulischem Naturkalk NHL 3,5 diffusionsoffener mit Marmorino-Optik f\u00fcr innen und au\u00dfen"],"ekr_hierarchy_settings":{"it":{"FASSA_LINEA_PRODOTTI_A_BASE_CALCE_IDRAULICA_NATURALE_NHL_3_5_SISTEMA_INTONACATURA":{"ekr_position":3},"FASSA_LINEA_PRODOTTI_A_BASE_CALCE_IDRAULICA_NATURALE_NHL_3_5_SISTEMA_RISANAMENTO":{"ekr_position":2}},"ch":{"FASSA_LINEA_PRODOTTI_A_BASE_CALCE_IDRAULICA_NATURALE_NHL_3_5_SISTEMA_INTONACATURA":{"ekr_position":5},"FASSA_LINEA_PRODOTTI_A_BASE_CALCE_IDRAULICA_NATURALE_NHL_3_5_SISTEMA_RISANAMENTO":{"ekr_position":0}},"lu":{"FASSA_LINEA_PRODOTTI_A_BASE_CALCE_IDRAULICA_NATURALE_NHL_3_5_SISTEMA_INTONACATURA":{"ekr_position":5},"FASSA_LINEA_PRODOTTI_A_BASE_CALCE_IDRAULICA_NATURALE_NHL_3_5_SISTEMA_RISANAMENTO":{"ekr_position":0}}},"lang":{"language_code":"de","locale":"de_DE","text_direction":false,"display_name":"Deutsch","native_name":"Tedesco","different_language":false},"systems":[{"id":3497515,"name":"SANIERSYSTEM F\u00dcR FEUCHTE MAUERWERKE","permalink":"https:\/\/www.fassabortolo.it\/de\/produkte\/saniersystem-fur-feuchte-mauerwerke\/","slug":"saniersystem-fur-feuchte-mauerwerke","ekr_pallet_code":"FASSA_SISTEMA_RISANAMENTO_MURATURE_UMIDE"},{"id":3497520,"name":"VERPUTZ- UND BAUSYSTEM","permalink":"https:\/\/www.fassabortolo.it\/de\/produkte\/verputz-und-bausystem\/","slug":"verputz-und-bausystem","ekr_pallet_code":"FASSA_SISTEMA_INTONACATURA_E_COSTRUZIONE"}],"product_pallet_code":"PROD_FINITURA_750","lines":[{"id":3497480,"name":"PRODUKTE AUF BASIS VON HYDRAULISCHEM NATURKALK NHL 3.5","permalink":"https:\/\/www.fassabortolo.it\/de\/produkte\/\/produkte-auf-basis-von-hydraulischem-naturkalk-nhl-3-5\/","slug":"produkte-auf-basis-von-hydraulischem-naturkalk-nhl-3-5","system_codes":["FASSA_SISTEMA_RISANAMENTO_MURATURE_UMIDE"],"ekr_pallet_code":"FASSA_LINEA_PRODOTTI_A_BASE_CALCE_IDRAULICA_NATURALE_NHL_3_5_SISTEMA_RISANAMENTO"},{"id":3497481,"name":"PRODUKTE AUF BASIS VON HYDRAULISCHEM NATURKALK NHL 3.5","permalink":"https:\/\/www.fassabortolo.it\/de\/produkte\/\/produkte-auf-basis-von-hydraulischem-naturkalk-nhl-3-5\/","slug":"produkte-auf-basis-von-hydraulischem-naturkalk-nhl-3-5","system_codes":["FASSA_SISTEMA_INTONACATURA_E_COSTRUZIONE"],"ekr_pallet_code":"FASSA_LINEA_PRODOTTI_A_BASE_CALCE_IDRAULICA_NATURALE_NHL_3_5_SISTEMA_INTONACATURA"}],"use":["FINITURA 750 wird als Oberputz mit Marmor-Optik im Innen- und Au\u00dfenbereich verwendet. &nbsp; Kann als Oberputz zur Vervollst\u00e4ndigung von Sanierungszyklen an Mauerwerken mit aufsteigender Feuchtigkeit verwendet werden, die mit makropor\u00f6sen Putzen ausgef\u00fchrt wurden, wie bei der Linie EX NOVO bestehend aus RINZAFFO 720, INTONACO MACROPOROSO 717 und FINITURA 750."],"supply":["In feuchtigkeitsgesch\u00fctzten Spezials\u00e4cken zu ca. 25 kg"],"attributes":{"Attributes_1":{"DECKPUTZE\/SPACHELUNGEN":"Deckputze\/Spachelungen"},"Attributes_2":{"AUSSENBEREICH":"Au\u00dfenbereich","INNENBEREICH":"Innenbereich"}},"___attributes":{"FASSA":{"FASSA_SISTEMA_RISANAMENTO_MURATURE_UMIDE":{"Attributes_1":["Deckputze\/Spachelungen"],"Attributes_2":["Au\u00dfenbereich","Innenbereich"]},"FASSA_SISTEMA_INTONACATURA_E_COSTRUZIONE":{"Attributes_1":["Deckputze\/Spachelungen"],"Attributes_2":["Au\u00dfenbereich","Innenbereich"]}}},"elastic_market_index":"it","structured_data":{"@context":"https:\/\/schema.org","@type":"Product","name":"FINITURA 750","description":["Feinabrieb auf der Basis von hydraulischem Naturkalk NHL 3,5 diffusionsoffener mit Marmorino-Optik f\u00fcr innen und au\u00dfen"],"url":"https:\/\/www.fassabortolo.it\/de\/produkte\/saniersystem-fur-feuchte-mauerwerke\/produkte-auf-basis-von-hydraulischem-naturkalk-nhl-3-5\/finitura-750","identifier":"PROD_FINITURA_750","sku":"PROD_FINITURA_750","image":"https:\/\/www.fassabortolo.it\/wp-content\/uploads\/media\/assets\/FINITURA_750.jpg","brand":{"@type":"Brand","name":"Fassa Bortolo"},"manufacturer":{"@type":"Organization","name":"Fassa Bortolo","url":"https:\/\/www.fassabortolo.it"},"additionalProperty":[{"@type":"PropertyValue","name":"Use Case 1","value":"FINITURA 750 wird als Oberputz mit Marmor-Optik im Innen- und Au\u00dfenbereich verwendet. &nbsp; Kann als Oberputz zur Vervollst\u00e4ndigung von Sanierungszyklen an Mauerwerken mit aufsteigender Feuchtigkeit verwendet werden, die mit makropor\u00f6sen Putzen ausgef\u00fchrt wurden, wie bei der Linie EX NOVO bestehend aus RINZAFFO 720, INTONACO MACROPOROSO 717 und FINITURA 750."},{"@type":"PropertyValue","name":"Supply Information","value":"In feuchtigkeitsgesch\u00fctzten Spezials\u00e4cken zu ca. 25 kg"},{"@type":"PropertyValue","name":"Attributes_1","value":"Deckputze\/Spachelungen"},{"@type":"PropertyValue","name":"Attributes_2","value":"Au\u00dfenbereich"},{"@type":"PropertyValue","name":"Attributes_2","value":"Innenbereich"},{"@type":"PropertyValue","name":"Attributes_1","value":"Deckputze\/Spachelungen"},{"@type":"PropertyValue","name":"Attributes_2","value":"Au\u00dfenbereich"},{"@type":"PropertyValue","name":"Attributes_2","value":"Innenbereich"}],"category":[{"@type":"ProductCollection","name":"PRODUKTE AUF BASIS VON HYDRAULISCHEM NATURKALK NHL 3.5","identifier":"FASSA_LINEA_PRODOTTI_A_BASE_CALCE_IDRAULICA_NATURALE_NHL_3_5_SISTEMA_INTONACATURA"},{"@type":"ProductCollection","name":"PRODUKTE AUF BASIS VON HYDRAULISCHEM NATURKALK NHL 3.5","identifier":"FASSA_LINEA_PRODOTTI_A_BASE_CALCE_IDRAULICA_NATURALE_NHL_3_5_SISTEMA_RISANAMENTO"},{"@type":"Collection","name":"VERPUTZ- UND BAUSYSTEM","identifier":"FASSA_SISTEMA_INTONACATURA_E_COSTRUZIONE"},{"@type":"Collection","name":"SANIERSYSTEM F\u00dcR FEUCHTE MAUERWERKE","identifier":"FASSA_SISTEMA_RISANAMENTO_MURATURE_UMIDE"}],"inLanguage":"de"},"_links":{"self":[{"href":"https:\/\/www.fassabortolo.it\/de\/wp-json\/wp\/v2\/product\/3497867","targetHints":{"allow":["GET"]}}],"collection":[{"href":"https:\/\/www.fassabortolo.it\/de\/wp-json\/wp\/v2\/product"}],"about":[{"href":"https:\/\/www.fassabortolo.it\/de\/wp-json\/wp\/v2\/types\/product"}],"wp:attachment":[{"href":"https:\/\/www.fassabortolo.it\/de\/wp-json\/wp\/v2\/media?parent=3497867"}],"curies":[{"name":"wp","href":"https:\/\/api.w.org\/{rel}","templated":true}]}}