{"id":3497868,"date":"2026-01-20T15:06:41","date_gmt":"2026-01-20T14:06:41","guid":{"rendered":"http:\/\/10.6.201.155\/?post_type=product&#038;p=51398"},"modified":"2026-05-15T01:21:18","modified_gmt":"2026-05-14T23:21:18","slug":"fast-299","status":"publish","type":"product","link":"https:\/\/www.fassabortolo.it\/de\/produkte\/sistema-fassacolour\/tiefengrunde\/fast-299","title":{"rendered":"FAST 299"},"content":{"rendered":"","protected":false},"featured_media":0,"template":"","class_list":["post-3497868","product","type-product","status-publish","hentry"],"acf":[],"fimg":{"url":"https:\/\/www.fassabortolo.it\/wp-content\/uploads\/media\/assets\/FAST_299.jpg","alt":"FAST 299"},"product_description":["Spachtelpaste"],"ekr_hierarchy_settings":{"it":{"FASSA_LINEA_FONDI_MURALI_DI_PREPARAZIONE_SISTEMA_COLORE":{"ekr_position":0}},"es":{"FASSAES_LINEA_PITTURE_SISTEMA_COLORE":{"ekr_position":12}},"lu":{"FASSA_LINEA_FONDI_MURALI_DI_PREPARAZIONE_SISTEMA_COLORE":{"ekr_position":9}}},"lang":{"language_code":"de","locale":"de_DE","text_direction":false,"display_name":"Deutsch","native_name":"Tedesco","different_language":false},"systems":[{"id":3497509,"name":"FASSACOLOUR\u00ae-System","permalink":"https:\/\/www.fassabortolo.it\/de\/produkte\/sistema-fassacolour\/","slug":"sistema-fassacolour","ekr_pallet_code":"FASSA_SISTEMA_COLORE_FASSACOLOUR"}],"product_pallet_code":"PROD_FAST_299","lines":[{"id":3497461,"name":"TIEFENGR\u00dcNDE","permalink":"https:\/\/www.fassabortolo.it\/de\/produkte\/\/tiefengrunde\/","slug":"tiefengrunde","system_codes":["FASSA_SISTEMA_COLORE_FASSACOLOUR"],"ekr_pallet_code":"FASSA_LINEA_FONDI_MURALI_DI_PREPARAZIONE_SISTEMA_COLORE"}],"use":["FAST 299 ist ein past\u00f6ses und gebrauchsfertiges Produkt mit hoher F\u00fcllkraft f\u00fcr den Innenbereich. &nbsp; Wird als Material f\u00fcr Stuck- und Gl\u00e4ttarbeiten auf Putz- und Betonoberfl\u00e4chen verwendet, sowie zum alleinigen Gl\u00e4tten von Gipskartonoberfl\u00e4chen vor dem Auftragen der Dekorbeschichtung (z.B. Linie Super Low VOC, Linie Kunstharze)."],"supply":["Abpackung zu 20 kg","Farbe: wei\u00df"],"attributes":{"Attributes_1":{"WEISSE\/PIGMENTIERTE GRUNDIERUNGEN":"Wei\u00dfe\/pigmentierte Grundierungen"},"Attributes_2":{"INNENBEREICH":"Innenbereich"}},"___attributes":{"FASSAES":{"FASSA_SISTEMA_COLORE_FASSACOLOUR":{"Attributes_1":["Wei\u00dfe\/pigmentierte Grundierungen"],"Attributes_2":["Innenbereich"]}},"FASSA":{"FASSA_SISTEMA_COLORE_FASSACOLOUR":{"Attributes_1":["Wei\u00dfe\/pigmentierte Grundierungen"],"Attributes_2":["Innenbereich"]}}},"elastic_market_index":"it","structured_data":{"@context":"https:\/\/schema.org","@type":"Product","name":"FAST 299","description":["Spachtelpaste"],"url":"https:\/\/www.fassabortolo.it\/de\/produkte\/sistema-fassacolour\/tiefengrunde\/fast-299","identifier":"PROD_FAST_299","sku":"PROD_FAST_299","image":"https:\/\/www.fassabortolo.it\/wp-content\/uploads\/media\/assets\/FAST_299.jpg","brand":{"@type":"Brand","name":"Fassa Bortolo"},"manufacturer":{"@type":"Organization","name":"Fassa Bortolo","url":"https:\/\/www.fassabortolo.it"},"additionalProperty":[{"@type":"PropertyValue","name":"Use Case 1","value":"FAST 299 ist ein past\u00f6ses und gebrauchsfertiges Produkt mit hoher F\u00fcllkraft f\u00fcr den Innenbereich. &nbsp; Wird als Material f\u00fcr Stuck- und Gl\u00e4ttarbeiten auf Putz- und Betonoberfl\u00e4chen verwendet, sowie zum alleinigen Gl\u00e4tten von Gipskartonoberfl\u00e4chen vor dem Auftragen der Dekorbeschichtung (z.B. Linie Super Low VOC, Linie Kunstharze)."},{"@type":"PropertyValue","name":"Supply Information","value":"Abpackung zu 20 kg"},{"@type":"PropertyValue","name":"Supply Information","value":"Farbe: wei\u00df"},{"@type":"PropertyValue","name":"Attributes_1","value":"Wei\u00dfe\/pigmentierte Grundierungen"},{"@type":"PropertyValue","name":"Attributes_2","value":"Innenbereich"}],"category":[{"@type":"ProductCollection","name":"TIEFENGR\u00dcNDE","identifier":"FASSA_LINEA_FONDI_MURALI_DI_PREPARAZIONE_SISTEMA_COLORE"},{"@type":"Collection","name":"FASSACOLOUR\u00ae-System","identifier":"FASSA_SISTEMA_COLORE_FASSACOLOUR"}],"inLanguage":"de"},"_links":{"self":[{"href":"https:\/\/www.fassabortolo.it\/de\/wp-json\/wp\/v2\/product\/3497868","targetHints":{"allow":["GET"]}}],"collection":[{"href":"https:\/\/www.fassabortolo.it\/de\/wp-json\/wp\/v2\/product"}],"about":[{"href":"https:\/\/www.fassabortolo.it\/de\/wp-json\/wp\/v2\/types\/product"}],"wp:attachment":[{"href":"https:\/\/www.fassabortolo.it\/de\/wp-json\/wp\/v2\/media?parent=3497868"}],"curies":[{"name":"wp","href":"https:\/\/api.w.org\/{rel}","templated":true}]}}