{"id":3497873,"date":"2026-01-20T15:06:44","date_gmt":"2026-01-20T14:06:44","guid":{"rendered":"http:\/\/10.6.201.155\/?post_type=product&#038;p=51414"},"modified":"2026-02-04T16:53:12","modified_gmt":"2026-02-04T15:53:12","slug":"fraser-fur-fassa-dorondo","status":"publish","type":"product","link":"https:\/\/www.fassabortolo.it\/de\/produkte\/sistema-isolamento-termico-fassatherm\/komplementare-produkte\/fraser-fur-fassa-dorondo","title":{"rendered":"FR\u00c4SER F\u00dcR FASSA DORONDO"},"content":{"rendered":"","protected":false},"featured_media":0,"template":"","class_list":["post-3497873","product","type-product","status-publish","hentry"],"acf":[],"fimg":{"url":"https:\/\/www.fassabortolo.it\/wp-content\/uploads\/media\/assets\/FRESA_FASSA_DORONDO.jpg","alt":"FR\u00c4SER F\u00dcR FASSA DORONDO"},"product_description":["Fr\u00e4ser f\u00fcr Polypropylen-Rondellen (FASSA DORONDO)"],"ekr_hierarchy_settings":{"it":{"FASSA_LINEA_PRODOTTI_COMPLEMENTARI_SISTEMA_ISOLAMENTO":{"ekr_position":33}},"es":{"FASSAES_LINEA_PRODOTTI_COMPLEMENTARI_SISTEMA_ISOLAMENTO":{"ekr_position":29}},"lu":{"FASSA_LINEA_PRODOTTI_COMPLEMENTARI_SISTEMA_ISOLAMENTO":{"ekr_position":30}}},"lang":{"language_code":"de","locale":"de_DE","text_direction":false,"display_name":"Deutsch","native_name":"Tedesco","different_language":false},"systems":[{"id":3497519,"name":"W\u00c4RMED\u00c4MMVERBUNDSYSTEM FASSATHERM\u00ae","permalink":"https:\/\/www.fassabortolo.it\/de\/produkte\/sistema-isolamento-termico-fassatherm\/","slug":"sistema-isolamento-termico-fassatherm","ekr_pallet_code":"FASSA_SISTEMA_ISOLAMENTO_TERMICO_FASSATHERM"}],"product_pallet_code":"PROD_FRESA_PER_DORONDO","lines":[{"id":3497472,"name":"KOMPLEMENT\u00c4RE PRODUKTE","permalink":"https:\/\/www.fassabortolo.it\/de\/produkte\/\/komplementare-produkte\/","slug":"komplementare-produkte","system_codes":["FASSA_SISTEMA_ISOLAMENTO_TERMICO_FASSATHERM"],"ekr_pallet_code":"FASSA_LINEA_PRODOTTI_COMPLEMENTARI_SISTEMA_ISOLAMENTO"}],"use":null,"supply":null,"attributes":null,"___attributes":null,"elastic_market_index":"it","structured_data":{"@context":"https:\/\/schema.org","@type":"Product","name":"FR\u00c4SER F\u00dcR FASSA DORONDO","description":["Fr\u00e4ser f\u00fcr Polypropylen-Rondellen (FASSA DORONDO)"],"url":"https:\/\/www.fassabortolo.it\/de\/produkte\/sistema-isolamento-termico-fassatherm\/komplementare-produkte\/fraser-fur-fassa-dorondo","identifier":"PROD_FRESA_PER_DORONDO","sku":"PROD_FRESA_PER_DORONDO","image":"https:\/\/www.fassabortolo.it\/wp-content\/uploads\/media\/assets\/FRESA_FASSA_DORONDO.jpg","brand":{"@type":"Brand","name":"Fassa Bortolo"},"manufacturer":{"@type":"Organization","name":"Fassa Bortolo","url":"https:\/\/www.fassabortolo.it"},"category":[{"@type":"ProductCollection","name":"KOMPLEMENT\u00c4RE PRODUKTE","identifier":"FASSA_LINEA_PRODOTTI_COMPLEMENTARI_SISTEMA_ISOLAMENTO"},{"@type":"Collection","name":"W\u00c4RMED\u00c4MMVERBUNDSYSTEM FASSATHERM\u00ae","identifier":"FASSA_SISTEMA_ISOLAMENTO_TERMICO_FASSATHERM"}],"inLanguage":"de"},"_links":{"self":[{"href":"https:\/\/www.fassabortolo.it\/de\/wp-json\/wp\/v2\/product\/3497873","targetHints":{"allow":["GET"]}}],"collection":[{"href":"https:\/\/www.fassabortolo.it\/de\/wp-json\/wp\/v2\/product"}],"about":[{"href":"https:\/\/www.fassabortolo.it\/de\/wp-json\/wp\/v2\/types\/product"}],"wp:attachment":[{"href":"https:\/\/www.fassabortolo.it\/de\/wp-json\/wp\/v2\/media?parent=3497873"}],"curies":[{"name":"wp","href":"https:\/\/api.w.org\/{rel}","templated":true}]}}