{"id":3497877,"date":"2026-01-20T15:06:45","date_gmt":"2026-01-20T14:06:45","guid":{"rendered":"http:\/\/10.6.201.155\/?post_type=product&#038;p=51431"},"modified":"2026-05-15T01:23:42","modified_gmt":"2026-05-14T23:23:42","slug":"fondo-f-d","status":"publish","type":"product","link":"https:\/\/www.fassabortolo.it\/de\/produkte\/sistema-fassacolour\/protezione-passiva-dal-fuoco\/fondo-f-d","title":{"rendered":"FONDO F.D."},"content":{"rendered":"","protected":false},"featured_media":0,"template":"","class_list":["post-3497877","product","type-product","status-publish","hentry"],"acf":[],"fimg":{"url":"https:\/\/www.fassabortolo.it\/wp-content\/uploads\/media\/assets\/IMPA_1859_FONDO_FD.jpg","alt":"FONDO F.D."},"product_description":["Korrosionshemmende Grundierung auf Zinkphosphatbasis"],"ekr_hierarchy_settings":{"it":{"FASSA_LINEA_PROTEZIONE_PASSIVA_DAL_FUOCO_SISTEMA_COLORE":{"ekr_position":2}},"lu":{"FASSA_LINEA_PROTEZIONE_PASSIVA_DAL_FUOCO_SISTEMA_COLORE":{"ekr_position":6}}},"lang":{"language_code":"de","locale":"de_DE","text_direction":false,"display_name":"Deutsch","native_name":"Tedesco","different_language":false},"systems":[{"id":3497509,"name":"FASSACOLOUR\u00ae-System","permalink":"https:\/\/www.fassabortolo.it\/de\/produkte\/sistema-fassacolour\/","slug":"sistema-fassacolour","ekr_pallet_code":"FASSA_SISTEMA_COLORE_FASSACOLOUR"}],"product_pallet_code":"PROD_FONDO_FD","lines":[{"id":3498561,"name":"PROTEZIONE PASSIVA DAL FUOCO","permalink":"https:\/\/www.fassabortolo.it\/de\/produkte\/\/protezione-passiva-dal-fuoco\/","slug":"protezione-passiva-dal-fuoco","system_codes":["FASSA_SISTEMA_COLORE_FASSACOLOUR"],"ekr_pallet_code":"FASSA_LINEA_PROTEZIONE_PASSIVA_DAL_FUOCO_SISTEMA_COLORE"}],"use":["Korrosionsschutzgrundierung auf Basis von Oleophenolharzen und Zinkphosphat, aufzutragen auf Eisen und \u00fcberstreichbar mit jeder Art von Deckbeschichtung.","Produkt f\u00fcr den industriellen Gebrauch, Stahlbau, Landmaschinen, Werkzeugmaschinen; verwendbar auch im nautischen Bereich."],"supply":["Abpackung zu 20 kg","Farbt\u00f6ne: grau"],"attributes":{"Attributes_1":{"GRUNDIERUNGEN UND IMPR\u00c4GNIERUNGEN AUF L\u00d6SUNGSMITTELBASIS":"Grundierungen und Impr\u00e4gnierungen auf L\u00f6sungsmittelbasis"},"Attributes_2":{"AUSSENBEREICH":"Au\u00dfenbereich","INNENBEREICH":"Innenbereich"}},"___attributes":{"FASSA":{"FASSA_SISTEMA_COLORE_FASSACOLOUR":{"Attributes_1":["Grundierungen und Impr\u00e4gnierungen auf L\u00f6sungsmittelbasis"],"Attributes_2":["Au\u00dfenbereich","Innenbereich"]}}},"elastic_market_index":"it","structured_data":{"@context":"https:\/\/schema.org","@type":"Product","name":"FONDO F.D.","description":["Korrosionshemmende Grundierung auf Zinkphosphatbasis"],"url":"https:\/\/www.fassabortolo.it\/de\/produkte\/sistema-fassacolour\/protezione-passiva-dal-fuoco\/fondo-f-d","identifier":"PROD_FONDO_FD","sku":"PROD_FONDO_FD","image":"https:\/\/www.fassabortolo.it\/wp-content\/uploads\/media\/assets\/IMPA_1859_FONDO_FD.jpg","brand":{"@type":"Brand","name":"Fassa Bortolo"},"manufacturer":{"@type":"Organization","name":"Fassa Bortolo","url":"https:\/\/www.fassabortolo.it"},"additionalProperty":[{"@type":"PropertyValue","name":"Use Case 1","value":"Korrosionsschutzgrundierung auf Basis von Oleophenolharzen und Zinkphosphat, aufzutragen auf Eisen und \u00fcberstreichbar mit jeder Art von Deckbeschichtung."},{"@type":"PropertyValue","name":"Use Case 2","value":"Produkt f\u00fcr den industriellen Gebrauch, Stahlbau, Landmaschinen, Werkzeugmaschinen; verwendbar auch im nautischen Bereich."},{"@type":"PropertyValue","name":"Supply Information","value":"Abpackung zu 20 kg"},{"@type":"PropertyValue","name":"Supply Information","value":"Farbt\u00f6ne: grau"},{"@type":"PropertyValue","name":"Attributes_1","value":"Grundierungen und Impr\u00e4gnierungen auf L\u00f6sungsmittelbasis"},{"@type":"PropertyValue","name":"Attributes_2","value":"Au\u00dfenbereich"},{"@type":"PropertyValue","name":"Attributes_2","value":"Innenbereich"}],"category":[{"@type":"ProductCollection","name":"PROTEZIONE PASSIVA DAL FUOCO","identifier":"FASSA_LINEA_PROTEZIONE_PASSIVA_DAL_FUOCO_SISTEMA_COLORE"},{"@type":"Collection","name":"FASSACOLOUR\u00ae-System","identifier":"FASSA_SISTEMA_COLORE_FASSACOLOUR"}],"inLanguage":"de"},"_links":{"self":[{"href":"https:\/\/www.fassabortolo.it\/de\/wp-json\/wp\/v2\/product\/3497877","targetHints":{"allow":["GET"]}}],"collection":[{"href":"https:\/\/www.fassabortolo.it\/de\/wp-json\/wp\/v2\/product"}],"about":[{"href":"https:\/\/www.fassabortolo.it\/de\/wp-json\/wp\/v2\/types\/product"}],"wp:attachment":[{"href":"https:\/\/www.fassabortolo.it\/de\/wp-json\/wp\/v2\/media?parent=3497877"}],"curies":[{"name":"wp","href":"https:\/\/api.w.org\/{rel}","templated":true}]}}