{"id":3497878,"date":"2026-01-20T15:06:45","date_gmt":"2026-01-20T14:06:45","guid":{"rendered":"http:\/\/10.6.201.155\/?post_type=product&#038;p=51435"},"modified":"2026-05-15T01:23:26","modified_gmt":"2026-05-14T23:23:26","slug":"fiber-mst-20","status":"publish","type":"product","link":"https:\/\/www.fassabortolo.it\/de\/produkte\/verlegesystem-fur-boden-und-wandbelage\/fassafloor-verlegegrunde\/fiber-mst-20","title":{"rendered":"FIBER MST 20"},"content":{"rendered":"","protected":false},"featured_media":0,"template":"","class_list":["post-3497878","product","type-product","status-publish","hentry"],"acf":[],"fimg":{"url":"https:\/\/www.fassabortolo.it\/wp-content\/uploads\/media\/assets\/FIBER_MST_20.jpg","alt":"FIBER MST 20"},"product_description":["Hochfeste Polymerfasern zur Verst\u00e4rkung von Estrichen"],"ekr_hierarchy_settings":{"it":{"FASSA_LINEA_FASSAFLOOR_FONDI_DI_POSA_SISTEMA_POSA":{"ekr_position":27}},"es":{"FASSAES_LINEA_FASSAFLOOR_FONDI_DI_POSA_SISTEMA_POSA":{"ekr_position":11}},"lu":{"FASSA_LINEA_FASSAFLOOR_FONDI_DI_POSA_SISTEMA_POSA":{"ekr_position":14}}},"lang":{"language_code":"de","locale":"de_DE","text_direction":false,"display_name":"Deutsch","native_name":"Tedesco","different_language":false},"systems":[{"id":3497517,"name":"VERLEGESYSTEM F\u00dcR BODEN- UND WANDBEL\u00c4GE","permalink":"https:\/\/www.fassabortolo.it\/de\/produkte\/verlegesystem-fur-boden-und-wandbelage\/","slug":"verlegesystem-fur-boden-und-wandbelage","ekr_pallet_code":"FASSA_SISTEMA_POSA_PAVIMENTI_E_RIVESTIMENTI"}],"product_pallet_code":"PROD_FIBER_MST_20","lines":[{"id":3497462,"name":"FASSAFLOOR &#8211; VERLEGEGR\u00dcNDE","permalink":"https:\/\/www.fassabortolo.it\/de\/produkte\/\/fassafloor-verlegegrunde\/","slug":"fassafloor-verlegegrunde","system_codes":["FASSA_SISTEMA_POSA_PAVIMENTI_E_RIVESTIMENTI"],"ekr_pallet_code":"FASSA_LINEA_FASSAFLOOR_FONDI_DI_POSA_SISTEMA_POSA"}],"use":["FIBER MST 20 wird zur Verbesserung der Z\u00e4higkeit und Duktilit\u00e4t von Estrichen verwendet. &nbsp; Die Zugabe von FIBER MST 20 erm\u00f6glicht dar\u00fcber hinaus die erhebliche Eind\u00e4mmung von Rissbildungen, welche durch plastische Schwindung entstehen, und bewahrt eine Restfestigkeit nach einer ersten Rissbildung. &nbsp; FIBER MST 20 stellt als Verst\u00e4rkung, in einer ad\u00e4quaten Dosierung, eine wirksame Alternative zur Verwendung von Metallgittern dar.","Ferner werden Korrosionsprobleme vermindert, denn es besteht hohe Best\u00e4ndigkeit gegen\u00fcber durch Hydratation zement\u00f6ser Pasten entstehenden Alkalien und Immunit\u00e4t gegen\u00fcber Korrosionserscheinungen."],"supply":["S\u00e4ckchen zu 1 kg in Kartonschachteln zu jeweils 10 Abpackungen"],"attributes":{"Attributes_1":{"KOMPLEMENT\u00c4RPRODUKTE F\u00dcR VERLEGEUNTERGR\u00dcNDE":"Komplement\u00e4rprodukte f\u00fcr Verlegeuntergr\u00fcnde"},"Attributes_2":{"AUSSENBEREICH":"Au\u00dfenbereich","INNENBEREICH":"Innenbereich"}},"___attributes":{"FASSAES":{"FASSA_SISTEMA_POSA_PAVIMENTI_E_RIVESTIMENTI":{"Attributes_1":["Komplement\u00e4rprodukte f\u00fcr Verlegeuntergr\u00fcnde"],"Attributes_2":["Au\u00dfenbereich","Innenbereich"]}},"FASSA":{"FASSA_SISTEMA_POSA_PAVIMENTI_E_RIVESTIMENTI":{"Attributes_1":["Komplement\u00e4rprodukte f\u00fcr Verlegeuntergr\u00fcnde"],"Attributes_2":["Au\u00dfenbereich","Innenbereich"]}}},"elastic_market_index":"it","structured_data":{"@context":"https:\/\/schema.org","@type":"Product","name":"FIBER MST 20","description":["Hochfeste Polymerfasern zur Verst\u00e4rkung von Estrichen"],"url":"https:\/\/www.fassabortolo.it\/de\/produkte\/verlegesystem-fur-boden-und-wandbelage\/fassafloor-verlegegrunde\/fiber-mst-20","identifier":"PROD_FIBER_MST_20","sku":"PROD_FIBER_MST_20","image":"https:\/\/www.fassabortolo.it\/wp-content\/uploads\/media\/assets\/FIBER_MST_20.jpg","brand":{"@type":"Brand","name":"Fassa Bortolo"},"manufacturer":{"@type":"Organization","name":"Fassa Bortolo","url":"https:\/\/www.fassabortolo.it"},"additionalProperty":[{"@type":"PropertyValue","name":"Use Case 1","value":"FIBER MST 20 wird zur Verbesserung der Z\u00e4higkeit und Duktilit\u00e4t von Estrichen verwendet. &nbsp; Die Zugabe von FIBER MST 20 erm\u00f6glicht dar\u00fcber hinaus die erhebliche Eind\u00e4mmung von Rissbildungen, welche durch plastische Schwindung entstehen, und bewahrt eine Restfestigkeit nach einer ersten Rissbildung. &nbsp; FIBER MST 20 stellt als Verst\u00e4rkung, in einer ad\u00e4quaten Dosierung, eine wirksame Alternative zur Verwendung von Metallgittern dar."},{"@type":"PropertyValue","name":"Use Case 2","value":"Ferner werden Korrosionsprobleme vermindert, denn es besteht hohe Best\u00e4ndigkeit gegen\u00fcber durch Hydratation zement\u00f6ser Pasten entstehenden Alkalien und Immunit\u00e4t gegen\u00fcber Korrosionserscheinungen."},{"@type":"PropertyValue","name":"Supply Information","value":"S\u00e4ckchen zu 1 kg in Kartonschachteln zu jeweils 10 Abpackungen"},{"@type":"PropertyValue","name":"Attributes_1","value":"Komplement\u00e4rprodukte f\u00fcr Verlegeuntergr\u00fcnde"},{"@type":"PropertyValue","name":"Attributes_2","value":"Au\u00dfenbereich"},{"@type":"PropertyValue","name":"Attributes_2","value":"Innenbereich"}],"category":[{"@type":"ProductCollection","name":"FASSAFLOOR &#8211; VERLEGEGR\u00dcNDE","identifier":"FASSA_LINEA_FASSAFLOOR_FONDI_DI_POSA_SISTEMA_POSA"},{"@type":"Collection","name":"VERLEGESYSTEM F\u00dcR BODEN- UND WANDBEL\u00c4GE","identifier":"FASSA_SISTEMA_POSA_PAVIMENTI_E_RIVESTIMENTI"}],"inLanguage":"de"},"_links":{"self":[{"href":"https:\/\/www.fassabortolo.it\/de\/wp-json\/wp\/v2\/product\/3497878","targetHints":{"allow":["GET"]}}],"collection":[{"href":"https:\/\/www.fassabortolo.it\/de\/wp-json\/wp\/v2\/product"}],"about":[{"href":"https:\/\/www.fassabortolo.it\/de\/wp-json\/wp\/v2\/types\/product"}],"wp:attachment":[{"href":"https:\/\/www.fassabortolo.it\/de\/wp-json\/wp\/v2\/media?parent=3497878"}],"curies":[{"name":"wp","href":"https:\/\/api.w.org\/{rel}","templated":true}]}}