{"id":3497883,"date":"2026-01-20T15:06:50","date_gmt":"2026-01-20T14:06:50","guid":{"rendered":"http:\/\/10.6.201.155\/?post_type=product&#038;p=51455"},"modified":"2026-05-15T01:22:12","modified_gmt":"2026-05-14T23:22:12","slug":"geoactive-top-b-525","status":"publish","type":"product","link":"https:\/\/www.fassabortolo.it\/de\/produkte\/underground-system\/spritzbeton\/geoactive-top-b-525","title":{"rendered":"GEOACTIVE TOP B 525"},"content":{"rendered":"","protected":false},"featured_media":0,"template":"","class_list":["post-3497883","product","type-product","status-publish","hentry"],"acf":[],"fimg":{"url":"https:\/\/www.fassabortolo.it\/wp-content\/uploads\/media\/assets\/Geoactive_TOP_B_525.jpg","alt":"GEOACTIVE TOP B 525"},"product_description":["Einkomponentiger thixotroper Zementm\u00f6rtel, faserverst\u00e4rkt und schwindkompensiert, sulfatbest\u00e4ndigen Zement beinhaltend, spritzbar, f\u00fcr die Reparatur und Wiederherstellung von Betonbauwerken"],"ekr_hierarchy_settings":{"it":{"FASSA_LINEA_PRODOTTI_TIXOTROPICI_SISTEMA_RIPRISTINO":{"ekr_position":4},"FASSA_LINEA_SPRITZ_BETON_SISTEMA_UNDERGROUND":{"ekr_position":1}},"ch":{"FASSA_LINEA_PRODOTTI_TIXOTROPICI_SISTEMA_RIPRISTINO":{"ekr_position":5},"FASSA_LINEA_SPRITZ_BETON_SISTEMA_UNDERGROUND":{"ekr_position":0}},"fr":{"FASSAFR_LINEA_LEGANTI_SISTEMA_RIPRISTINO":{"ekr_position":2}},"es":{"FASSAES_LINEA_PRODOTTI_TIXOTROPICI_SISTEMA_RIPRISTINO":{"ekr_position":3}},"lu":{"FASSA_LINEA_PRODOTTI_TIXOTROPICI_SISTEMA_RIPRISTINO":{"ekr_position":5},"FASSA_LINEA_SPRITZ_BETON_SISTEMA_UNDERGROUND":{"ekr_position":0}}},"lang":{"language_code":"de","locale":"de_DE","text_direction":false,"display_name":"Deutsch","native_name":"Tedesco","different_language":false},"systems":[{"id":3497526,"name":"UNDERGROUND-System","permalink":"https:\/\/www.fassabortolo.it\/de\/produkte\/underground-system\/","slug":"underground-system","ekr_pallet_code":"FASSA_SISTEMA_UNDERGROUND"},{"id":3497516,"name":"BETONINSTANDSETZUNGS-SYSTEM","permalink":"https:\/\/www.fassabortolo.it\/de\/produkte\/betoninstandsetzungs-system\/","slug":"betoninstandsetzungs-system","ekr_pallet_code":"FASSA_SISTEMA_RIPRISTINO_DEL_CALCESTRUZZO"}],"product_pallet_code":"PROD_GEOACTIVE_TOP_B_525","lines":[{"id":3497513,"name":"SPRITZBETON","permalink":"https:\/\/www.fassabortolo.it\/de\/produkte\/\/spritzbeton\/","slug":"spritzbeton","system_codes":["FASSA_SISTEMA_UNDERGROUND"],"ekr_pallet_code":"FASSA_LINEA_SPRITZ_BETON_SISTEMA_UNDERGROUND"},{"id":3497492,"name":"THIXOTROPE PRODUKTE","permalink":"https:\/\/www.fassabortolo.it\/de\/produkte\/\/thixotrope-produkte\/","slug":"thixotrope-produkte","system_codes":["FASSA_SISTEMA_RIPRISTINO_DEL_CALCESTRUZZO"],"ekr_pallet_code":"FASSA_LINEA_PRODOTTI_TIXOTROPICI_SISTEMA_RIPRISTINO"}],"use":["GEOACTIVE TOP B 525 eignet sich f\u00fcr Instandsetzungsarbeiten von schadhaftem Beton, f\u00fcr strukturelle Verst\u00e4rkungseingriffe mit punktverschwei\u00dftem Metallgitter und \u00fcberall dort, wo ein Schutz des Betons vor Sulfatangriffen erforderlich ist. &nbsp; Ferner wird GEOACTIVE TOP B 525 f\u00fcr die Reparatur der Kanten von Balken und Pfeilern, f\u00fcr die Instandsetzung von Gesimsen und schadhaften Balkonen aufgrund von Betonverfall, sowie f\u00fcr die Wiederherstellung der \u00dcberdeckungsschichten von Armierungseisen bei Stahlbetonbauwerken verwendet.","GEOACTIVE TOP B 525 wird auf Betonbauwerke mit Schichtst\u00e4rken von mehr als 10 mm aufgetragen. &nbsp; Nicht auf Gipsoberfl\u00e4chen, auf lackierten Oberfl\u00e4chen und generell nicht auf mechanisch schwachen und karbonisierten Unterlagen verwenden."],"supply":["In feuchtigkeitsgesch\u00fctzten Spezials\u00e4cken zu ca. 25 kg"],"attributes":{"Attributes_1":{"R3\/R4 M\u00d6RTEL":"R3\/R4 m\u00f6rtel"},"Attributes_2":{"AUSSENBEREICH":"Au\u00dfenbereich","INNENBEREICH":"Innenbereich"}},"___attributes":{"FASSAES":{"FASSA_SISTEMA_RIPRISTINO_DEL_CALCESTRUZZO":{"Attributes_1":["R3\/R4 m\u00f6rtel"],"Attributes_2":["Au\u00dfenbereich","Innenbereich"]}},"FASSA":{"FASSA_SISTEMA_RIPRISTINO_DEL_CALCESTRUZZO":{"Attributes_1":["R3\/R4 m\u00f6rtel"],"Attributes_2":["Au\u00dfenbereich","Innenbereich"]}}},"elastic_market_index":"it","structured_data":{"@context":"https:\/\/schema.org","@type":"Product","name":"GEOACTIVE TOP B 525","description":["Einkomponentiger thixotroper Zementm\u00f6rtel, faserverst\u00e4rkt und schwindkompensiert, sulfatbest\u00e4ndigen Zement beinhaltend, spritzbar, f\u00fcr die Reparatur und Wiederherstellung von Betonbauwerken"],"url":"https:\/\/www.fassabortolo.it\/de\/produkte\/underground-system\/spritzbeton\/geoactive-top-b-525","identifier":"PROD_GEOACTIVE_TOP_B_525","sku":"PROD_GEOACTIVE_TOP_B_525","image":"https:\/\/www.fassabortolo.it\/wp-content\/uploads\/media\/assets\/Geoactive_TOP_B_525.jpg","brand":{"@type":"Brand","name":"Fassa Bortolo"},"manufacturer":{"@type":"Organization","name":"Fassa Bortolo","url":"https:\/\/www.fassabortolo.it"},"additionalProperty":[{"@type":"PropertyValue","name":"Use Case 1","value":"GEOACTIVE TOP B 525 eignet sich f\u00fcr Instandsetzungsarbeiten von schadhaftem Beton, f\u00fcr strukturelle Verst\u00e4rkungseingriffe mit punktverschwei\u00dftem Metallgitter und \u00fcberall dort, wo ein Schutz des Betons vor Sulfatangriffen erforderlich ist. &nbsp; Ferner wird GEOACTIVE TOP B 525 f\u00fcr die Reparatur der Kanten von Balken und Pfeilern, f\u00fcr die Instandsetzung von Gesimsen und schadhaften Balkonen aufgrund von Betonverfall, sowie f\u00fcr die Wiederherstellung der \u00dcberdeckungsschichten von Armierungseisen bei Stahlbetonbauwerken verwendet."},{"@type":"PropertyValue","name":"Use Case 2","value":"GEOACTIVE TOP B 525 wird auf Betonbauwerke mit Schichtst\u00e4rken von mehr als 10 mm aufgetragen. &nbsp; Nicht auf Gipsoberfl\u00e4chen, auf lackierten Oberfl\u00e4chen und generell nicht auf mechanisch schwachen und karbonisierten Unterlagen verwenden."},{"@type":"PropertyValue","name":"Supply Information","value":"In feuchtigkeitsgesch\u00fctzten Spezials\u00e4cken zu ca. 25 kg"},{"@type":"PropertyValue","name":"Attributes_1","value":"R3\/R4 m\u00f6rtel"},{"@type":"PropertyValue","name":"Attributes_2","value":"Au\u00dfenbereich"},{"@type":"PropertyValue","name":"Attributes_2","value":"Innenbereich"}],"category":[{"@type":"ProductCollection","name":"THIXOTROPE PRODUKTE","identifier":"FASSA_LINEA_PRODOTTI_TIXOTROPICI_SISTEMA_RIPRISTINO"},{"@type":"ProductCollection","name":"SPRITZBETON","identifier":"FASSA_LINEA_SPRITZ_BETON_SISTEMA_UNDERGROUND"},{"@type":"Collection","name":"BETONINSTANDSETZUNGS-SYSTEM","identifier":"FASSA_SISTEMA_RIPRISTINO_DEL_CALCESTRUZZO"},{"@type":"Collection","name":"UNDERGROUND-System","identifier":"FASSA_SISTEMA_UNDERGROUND"}],"inLanguage":"de"},"_links":{"self":[{"href":"https:\/\/www.fassabortolo.it\/de\/wp-json\/wp\/v2\/product\/3497883","targetHints":{"allow":["GET"]}}],"collection":[{"href":"https:\/\/www.fassabortolo.it\/de\/wp-json\/wp\/v2\/product"}],"about":[{"href":"https:\/\/www.fassabortolo.it\/de\/wp-json\/wp\/v2\/types\/product"}],"wp:attachment":[{"href":"https:\/\/www.fassabortolo.it\/de\/wp-json\/wp\/v2\/media?parent=3497883"}],"curies":[{"name":"wp","href":"https:\/\/api.w.org\/{rel}","templated":true}]}}