{"id":3497884,"date":"2026-01-20T15:06:52","date_gmt":"2026-01-20T14:06:52","guid":{"rendered":"http:\/\/10.6.201.155\/?post_type=product&#038;p=51462"},"modified":"2026-05-15T01:22:16","modified_gmt":"2026-05-14T23:22:16","slug":"geoactive-r-evolution-6","status":"publish","type":"product","link":"https:\/\/www.fassabortolo.it\/de\/produkte\/betoninstandsetzungs-system\/spachtelmassen\/geoactive-r-evolution-6","title":{"rendered":"GEOACTIVE R-EVOLUTION 6"},"content":{"rendered":"","protected":false},"featured_media":0,"template":"","class_list":["post-3497884","product","type-product","status-publish","hentry"],"acf":[],"fimg":{"url":"https:\/\/www.fassabortolo.it\/wp-content\/uploads\/media\/assets\/Geoactive_R_EVOLUTION_6.jpg","alt":"GEOACTIVE R-EVOLUTION 6"},"product_description":["Auf Beton aufzutragender mineralischer Spachtel f\u00fcr den Innen- und Au\u00dfenbereich, faserverst\u00e4rkt, hydrophobiert und polymermodifizierter; beinhaltet sulfatbest\u00e4ndigen Zement"],"ekr_hierarchy_settings":{"it":{"FASSA_LINEA_RASANTI_SISTEMA_RIPRISTINO":{"ekr_position":1}},"ch":{"FASSA_LINEA_RASANTI_SISTEMA_RIPRISTINO":{"ekr_position":1}},"lu":{"FASSA_LINEA_RASANTI_SISTEMA_RIPRISTINO":{"ekr_position":1}}},"lang":{"language_code":"de","locale":"de_DE","text_direction":false,"display_name":"Deutsch","native_name":"Tedesco","different_language":false},"systems":[{"id":3497516,"name":"BETONINSTANDSETZUNGS-SYSTEM","permalink":"https:\/\/www.fassabortolo.it\/de\/produkte\/betoninstandsetzungs-system\/","slug":"betoninstandsetzungs-system","ekr_pallet_code":"FASSA_SISTEMA_RIPRISTINO_DEL_CALCESTRUZZO"}],"product_pallet_code":"PROD_GEOACTIVE_R_EVOLUTION_6","lines":[{"id":3497504,"name":"SPACHTELMASSEN","permalink":"https:\/\/www.fassabortolo.it\/de\/produkte\/\/spachtelmassen\/","slug":"spachtelmassen","system_codes":["FASSA_SISTEMA_RIPRISTINO_DEL_CALCESTRUZZO"],"ekr_pallet_code":"FASSA_LINEA_RASANTI_SISTEMA_RIPRISTINO"}],"use":["GEOACTIVE R-EVOLUTION 6 ist ein mineralischer Spachtel f\u00fcr den Innen- und Au\u00dfenbereich mit hoher Dimensionsstabilit\u00e4t und mechanischen Eigenschaften, zu verwenden f\u00fcr die Betoninstandsetzung und M\u00e4ngelbeseitigung an Beton."],"supply":["In feuchtigkeitsgesch\u00fctzten Spezials\u00e4cken zu ca. 25 kg"],"attributes":{"Attributes_1":{"DECKPUTZE\/SPACHELUNGEN":"Deckputze\/Spachelungen","R1\/R2 M\u00d6RTEL":"R1\/R2 m\u00f6rtel"},"Attributes_2":{"AUSSENBEREICH":"Au\u00dfenbereich","INNENBEREICH":"Innenbereich"}},"___attributes":{"FASSA":{"FASSA_SISTEMA_RIPRISTINO_DEL_CALCESTRUZZO":{"Attributes_1":["Deckputze\/Spachelungen","R1\/R2 m\u00f6rtel"],"Attributes_2":["Au\u00dfenbereich","Innenbereich"]}}},"elastic_market_index":"it","structured_data":{"@context":"https:\/\/schema.org","@type":"Product","name":"GEOACTIVE R-EVOLUTION 6","description":["Auf Beton aufzutragender mineralischer Spachtel f\u00fcr den Innen- und Au\u00dfenbereich, faserverst\u00e4rkt, hydrophobiert und polymermodifizierter; beinhaltet sulfatbest\u00e4ndigen Zement"],"url":"https:\/\/www.fassabortolo.it\/de\/produkte\/betoninstandsetzungs-system\/spachtelmassen\/geoactive-r-evolution-6","identifier":"PROD_GEOACTIVE_R_EVOLUTION_6","sku":"PROD_GEOACTIVE_R_EVOLUTION_6","image":"https:\/\/www.fassabortolo.it\/wp-content\/uploads\/media\/assets\/Geoactive_R_EVOLUTION_6.jpg","brand":{"@type":"Brand","name":"Fassa Bortolo"},"manufacturer":{"@type":"Organization","name":"Fassa Bortolo","url":"https:\/\/www.fassabortolo.it"},"additionalProperty":[{"@type":"PropertyValue","name":"Use Case 1","value":"GEOACTIVE R-EVOLUTION 6 ist ein mineralischer Spachtel f\u00fcr den Innen- und Au\u00dfenbereich mit hoher Dimensionsstabilit\u00e4t und mechanischen Eigenschaften, zu verwenden f\u00fcr die Betoninstandsetzung und M\u00e4ngelbeseitigung an Beton."},{"@type":"PropertyValue","name":"Supply Information","value":"In feuchtigkeitsgesch\u00fctzten Spezials\u00e4cken zu ca. 25 kg"},{"@type":"PropertyValue","name":"Attributes_1","value":"Deckputze\/Spachelungen"},{"@type":"PropertyValue","name":"Attributes_1","value":"R1\/R2 m\u00f6rtel"},{"@type":"PropertyValue","name":"Attributes_2","value":"Au\u00dfenbereich"},{"@type":"PropertyValue","name":"Attributes_2","value":"Innenbereich"}],"category":[{"@type":"ProductCollection","name":"SPACHTELMASSEN","identifier":"FASSA_LINEA_RASANTI_SISTEMA_RIPRISTINO"},{"@type":"Collection","name":"BETONINSTANDSETZUNGS-SYSTEM","identifier":"FASSA_SISTEMA_RIPRISTINO_DEL_CALCESTRUZZO"}],"inLanguage":"de"},"_links":{"self":[{"href":"https:\/\/www.fassabortolo.it\/de\/wp-json\/wp\/v2\/product\/3497884","targetHints":{"allow":["GET"]}}],"collection":[{"href":"https:\/\/www.fassabortolo.it\/de\/wp-json\/wp\/v2\/product"}],"about":[{"href":"https:\/\/www.fassabortolo.it\/de\/wp-json\/wp\/v2\/types\/product"}],"wp:attachment":[{"href":"https:\/\/www.fassabortolo.it\/de\/wp-json\/wp\/v2\/media?parent=3497884"}],"curies":[{"name":"wp","href":"https:\/\/api.w.org\/{rel}","templated":true}]}}