{"id":3497885,"date":"2026-01-20T15:06:52","date_gmt":"2026-01-20T14:06:52","guid":{"rendered":"http:\/\/10.6.201.155\/?post_type=product&#038;p=51464"},"modified":"2026-05-15T01:21:59","modified_gmt":"2026-05-14T23:21:59","slug":"geoactive-jet-t-black","status":"publish","type":"product","link":"https:\/\/www.fassabortolo.it\/de\/produkte\/betoninstandsetzungs-system\/thixotrope-produkte\/geoactive-jet-t-black","title":{"rendered":"GEOACTIVE JET T BLACK"},"content":{"rendered":"","protected":false},"featured_media":0,"template":"","class_list":["post-3497885","product","type-product","status-publish","hentry"],"acf":[],"fimg":{"url":"https:\/\/www.fassabortolo.it\/wp-content\/uploads\/media\/assets\/Geoactive_JET_T_BLACK.jpg","alt":"GEOACTIVE JET T BLACK"},"product_description":["Einkomponentiger zementgebundener Schnellm\u00f6rtel von schwarzer Farbe, thixotrop, faserverst\u00e4rkt und mit hohen Leistungseigenschaften, f\u00fcr den Einbau von Schachtabdeckungen und die Befestigung von St\u00e4dtemobiliar auch bei niedrigen Temperaturen"],"ekr_hierarchy_settings":{"it":{"FASSA_LINEA_PRODOTTI_TIXOTROPICI_SISTEMA_RIPRISTINO":{"ekr_position":6}},"fr":{"FASSAFR_LINEA_LEGANTI_SISTEMA_RIPRISTINO":{"ekr_position":4}},"es":{"FASSAES_LINEA_PRODOTTI_TIXOTROPICI_SISTEMA_RIPRISTINO":{"ekr_position":6}},"lu":{"FASSA_LINEA_PRODOTTI_TIXOTROPICI_SISTEMA_RIPRISTINO":{"ekr_position":8}}},"lang":{"language_code":"de","locale":"de_DE","text_direction":false,"display_name":"Deutsch","native_name":"Tedesco","different_language":false},"systems":[{"id":3497516,"name":"BETONINSTANDSETZUNGS-SYSTEM","permalink":"https:\/\/www.fassabortolo.it\/de\/produkte\/betoninstandsetzungs-system\/","slug":"betoninstandsetzungs-system","ekr_pallet_code":"FASSA_SISTEMA_RIPRISTINO_DEL_CALCESTRUZZO"}],"product_pallet_code":"PROD_GEOACTIVE_JET_T_BLACK","lines":[{"id":3497492,"name":"THIXOTROPE PRODUKTE","permalink":"https:\/\/www.fassabortolo.it\/de\/produkte\/\/thixotrope-produkte\/","slug":"thixotrope-produkte","system_codes":["FASSA_SISTEMA_RIPRISTINO_DEL_CALCESTRUZZO"],"ekr_pallet_code":"FASSA_LINEA_PRODOTTI_TIXOTROPICI_SISTEMA_RIPRISTINO"}],"use":["GEOACTIVE JET T BLACK eignet sich f\u00fcr alle st\u00e4dtischen Instandhaltungsarbeiten, wo kurzfristig hohe mechanische Leistungseigenschaften auch bei niedrigen Temperaturen erforderlich sind (bis zu 5\u00b0 C).","GEOACTIVE JET T BLACK erm\u00f6glicht die Begehbarkeit und Wiederbefahrbarkeit etwa 2 Stunden nach der Anwendung des Produktes bei einer Temperatur von +20\u00b0 C.","GEOACTIVE JET T BLACK &nbsp; kann beispielsweise verwendet werden f\u00fcr:","\u00d6rtliche Reparatur von Gehsteigen;","Befestigung von Umz\u00e4unungen und St\u00e4dtemobiliar;","Befestigung von vertikalen Verkehrsbeschilderungen und Beleuchtungsmasten;","Verankerung von Prellsteinen und Schutzbarrieren;","Befestigung von Schachtabdeckungen und Inspektionssch\u00e4chten.","Die Auftragsschichtst\u00e4rken unterscheiden sich je nach Typologie des Eingriffs: F\u00fcr die Reparatur von Gehsteigen betr\u00e4gt die maximale Auftragsst\u00e4rke 50 mm, bei der Befestigung von Schachtabdeckungen und Sch\u00e4chten sind es hingegen 100 mm (bei Schichtst\u00e4rken von mehr als 70 mm ist eine verst\u00e4rkende Bewehrung vorzusehen)."],"supply":["In feuchtigkeitsgesch\u00fctzten Spezials\u00e4cken zu ca. 25 kg"],"attributes":{"Attributes_1":{"SCHNELLES ABBINDEN":"Schnelles Abbinden","R3\/R4 M\u00d6RTEL":"R3\/R4 m\u00f6rtel"},"Attributes_2":{"AUSSENBEREICH":"Au\u00dfenbereich","INNENBEREICH":"Innenbereich"}},"___attributes":{"FASSAES":{"FASSA_SISTEMA_RIPRISTINO_DEL_CALCESTRUZZO":{"Attributes_1":["Schnelles Abbinden","R3\/R4 m\u00f6rtel"],"Attributes_2":["Au\u00dfenbereich","Innenbereich"]}},"FASSA":{"FASSA_SISTEMA_RIPRISTINO_DEL_CALCESTRUZZO":{"Attributes_1":["Schnelles Abbinden","R3\/R4 m\u00f6rtel"],"Attributes_2":["Au\u00dfenbereich","Innenbereich"]}}},"elastic_market_index":"it","structured_data":{"@context":"https:\/\/schema.org","@type":"Product","name":"GEOACTIVE JET T BLACK","description":["Einkomponentiger zementgebundener Schnellm\u00f6rtel von schwarzer Farbe, thixotrop, faserverst\u00e4rkt und mit hohen Leistungseigenschaften, f\u00fcr den Einbau von Schachtabdeckungen und die Befestigung von St\u00e4dtemobiliar auch bei niedrigen Temperaturen"],"url":"https:\/\/www.fassabortolo.it\/de\/produkte\/betoninstandsetzungs-system\/thixotrope-produkte\/geoactive-jet-t-black","identifier":"PROD_GEOACTIVE_JET_T_BLACK","sku":"PROD_GEOACTIVE_JET_T_BLACK","image":"https:\/\/www.fassabortolo.it\/wp-content\/uploads\/media\/assets\/Geoactive_JET_T_BLACK.jpg","brand":{"@type":"Brand","name":"Fassa Bortolo"},"manufacturer":{"@type":"Organization","name":"Fassa Bortolo","url":"https:\/\/www.fassabortolo.it"},"additionalProperty":[{"@type":"PropertyValue","name":"Use Case 1","value":"GEOACTIVE JET T BLACK eignet sich f\u00fcr alle st\u00e4dtischen Instandhaltungsarbeiten, wo kurzfristig hohe mechanische Leistungseigenschaften auch bei niedrigen Temperaturen erforderlich sind (bis zu 5\u00b0 C)."},{"@type":"PropertyValue","name":"Use Case 2","value":"GEOACTIVE JET T BLACK erm\u00f6glicht die Begehbarkeit und Wiederbefahrbarkeit etwa 2 Stunden nach der Anwendung des Produktes bei einer Temperatur von +20\u00b0 C."},{"@type":"PropertyValue","name":"Use Case 3","value":"GEOACTIVE JET T BLACK &nbsp; kann beispielsweise verwendet werden f\u00fcr:"},{"@type":"PropertyValue","name":"Use Case 4","value":"\u00d6rtliche Reparatur von Gehsteigen;"},{"@type":"PropertyValue","name":"Use Case 5","value":"Befestigung von Umz\u00e4unungen und St\u00e4dtemobiliar;"},{"@type":"PropertyValue","name":"Use Case 6","value":"Befestigung von vertikalen Verkehrsbeschilderungen und Beleuchtungsmasten;"},{"@type":"PropertyValue","name":"Use Case 7","value":"Verankerung von Prellsteinen und Schutzbarrieren;"},{"@type":"PropertyValue","name":"Use Case 8","value":"Befestigung von Schachtabdeckungen und Inspektionssch\u00e4chten."},{"@type":"PropertyValue","name":"Use Case 9","value":"Die Auftragsschichtst\u00e4rken unterscheiden sich je nach Typologie des Eingriffs: F\u00fcr die Reparatur von Gehsteigen betr\u00e4gt die maximale Auftragsst\u00e4rke 50 mm, bei der Befestigung von Schachtabdeckungen und Sch\u00e4chten sind es hingegen 100 mm (bei Schichtst\u00e4rken von mehr als 70 mm ist eine verst\u00e4rkende Bewehrung vorzusehen)."},{"@type":"PropertyValue","name":"Supply Information","value":"In feuchtigkeitsgesch\u00fctzten Spezials\u00e4cken zu ca. 25 kg"},{"@type":"PropertyValue","name":"Attributes_1","value":"Schnelles Abbinden"},{"@type":"PropertyValue","name":"Attributes_1","value":"R3\/R4 m\u00f6rtel"},{"@type":"PropertyValue","name":"Attributes_2","value":"Au\u00dfenbereich"},{"@type":"PropertyValue","name":"Attributes_2","value":"Innenbereich"}],"category":[{"@type":"ProductCollection","name":"THIXOTROPE PRODUKTE","identifier":"FASSA_LINEA_PRODOTTI_TIXOTROPICI_SISTEMA_RIPRISTINO"},{"@type":"Collection","name":"BETONINSTANDSETZUNGS-SYSTEM","identifier":"FASSA_SISTEMA_RIPRISTINO_DEL_CALCESTRUZZO"}],"inLanguage":"de"},"_links":{"self":[{"href":"https:\/\/www.fassabortolo.it\/de\/wp-json\/wp\/v2\/product\/3497885","targetHints":{"allow":["GET"]}}],"collection":[{"href":"https:\/\/www.fassabortolo.it\/de\/wp-json\/wp\/v2\/product"}],"about":[{"href":"https:\/\/www.fassabortolo.it\/de\/wp-json\/wp\/v2\/types\/product"}],"wp:attachment":[{"href":"https:\/\/www.fassabortolo.it\/de\/wp-json\/wp\/v2\/media?parent=3497885"}],"curies":[{"name":"wp","href":"https:\/\/api.w.org\/{rel}","templated":true}]}}