{"id":3497891,"date":"2026-01-20T15:06:56","date_gmt":"2026-01-20T14:06:56","guid":{"rendered":"http:\/\/10.6.201.155\/?post_type=product&#038;p=51490"},"modified":"2026-05-15T01:22:43","modified_gmt":"2026-05-14T23:22:43","slug":"geoactive-r4-40","status":"publish","type":"product","link":"https:\/\/www.fassabortolo.it\/de\/produkte\/betoninstandsetzungs-system\/thixotrope-produkte\/geoactive-r4-40","title":{"rendered":"GEOACTIVE R4 40"},"content":{"rendered":"","protected":false},"featured_media":0,"template":"","class_list":["post-3497891","product","type-product","status-publish","hentry"],"acf":[],"fimg":{"url":"https:\/\/www.fassabortolo.it\/wp-content\/uploads\/media\/assets\/Geoactive_R4_40.jpg","alt":"GEOACTIVE R4 40"},"product_description":["Polymermodifizierter, thixotroper und faserverst\u00e4rkter Schnellm\u00f6rtel bestehend aus speziellen sulfatbest\u00e4ndigen Bindern, f\u00fcr die Passivierung, die Reparatur, die Verspachtelung und den Schutz von Betonbauwerken"],"ekr_hierarchy_settings":{"it":{"FASSA_LINEA_PRODOTTI_TIXOTROPICI_SISTEMA_RIPRISTINO":{"ekr_position":1}},"es":{"FASSAES_LINEA_PRODOTTI_TIXOTROPICI_SISTEMA_RIPRISTINO":{"ekr_position":4}},"lu":{"FASSA_LINEA_PRODOTTI_TIXOTROPICI_SISTEMA_RIPRISTINO":{"ekr_position":6}}},"lang":{"language_code":"de","locale":"de_DE","text_direction":false,"display_name":"Deutsch","native_name":"Tedesco","different_language":false},"systems":[{"id":3497516,"name":"BETONINSTANDSETZUNGS-SYSTEM","permalink":"https:\/\/www.fassabortolo.it\/de\/produkte\/betoninstandsetzungs-system\/","slug":"betoninstandsetzungs-system","ekr_pallet_code":"FASSA_SISTEMA_RIPRISTINO_DEL_CALCESTRUZZO"}],"product_pallet_code":"PROD_GEOACTIVE_R4_40","lines":[{"id":3497492,"name":"THIXOTROPE PRODUKTE","permalink":"https:\/\/www.fassabortolo.it\/de\/produkte\/\/thixotrope-produkte\/","slug":"thixotrope-produkte","system_codes":["FASSA_SISTEMA_RIPRISTINO_DEL_CALCESTRUZZO"],"ekr_pallet_code":"FASSA_LINEA_PRODOTTI_TIXOTROPICI_SISTEMA_RIPRISTINO"}],"use":["GEOACTIVE R4 40 &nbsp; wird f\u00fcr die Passivierung, die Reparatur, die Verspachtelung und den Schutz verfallener Betonbauteile verwendet. &nbsp; Eignet sich besonders f\u00fcr strukturelle Betoninstandsetzungsarbeiten, wo ein rasches Abbinden und hohe mechanische Leistungseigenschaften erforderlich sind. &nbsp; Das Produkt eignet sich spezifisch f\u00fcr lokale Reparatureingriffe, ideal f\u00fcr Eingriffe in gewisser H\u00f6he mithilfe eines Personenkorbs oder an Seilen befestigt.","GEOACTIVE R4 40 &nbsp; kann beispielsweise verwendet werden f\u00fcr:","Reparatur von Strukturelementen aus Stahlbeton, wie Tr\u00e4ger und S\u00e4ulen;","Reparatur von Balkonsimsen und -br\u00fcstungen;","Reparatur von Betonfertigbauteilen;","Ausgleichen von Betonabschnitten mit Oberfl\u00e4chensch\u00e4den wie Kiesnester, Bohr\u00f6ffnungen der Abstandhalter, Anschlussstellen im Betonguss usw."],"supply":["In feuchtigkeitsgesch\u00fctzten Spezials\u00e4cken zu ca. 25 kg"],"attributes":{"Attributes_1":{"SCHNELLES ABBINDEN":"Schnelles Abbinden","R3\/R4 M\u00d6RTEL":"R3\/R4 m\u00f6rtel"},"Attributes_2":{"AUSSENBEREICH":"Au\u00dfenbereich","INNENBEREICH":"Innenbereich"}},"___attributes":{"FASSAES":{"FASSA_SISTEMA_RIPRISTINO_DEL_CALCESTRUZZO":{"Attributes_1":["Schnelles Abbinden","R3\/R4 m\u00f6rtel"],"Attributes_2":["Au\u00dfenbereich","Innenbereich"]}},"FASSA":{"FASSA_SISTEMA_RIPRISTINO_DEL_CALCESTRUZZO":{"Attributes_1":["Schnelles Abbinden","R3\/R4 m\u00f6rtel"],"Attributes_2":["Au\u00dfenbereich","Innenbereich"]}}},"elastic_market_index":"it","structured_data":{"@context":"https:\/\/schema.org","@type":"Product","name":"GEOACTIVE R4 40","description":["Polymermodifizierter, thixotroper und faserverst\u00e4rkter Schnellm\u00f6rtel bestehend aus speziellen sulfatbest\u00e4ndigen Bindern, f\u00fcr die Passivierung, die Reparatur, die Verspachtelung und den Schutz von Betonbauwerken"],"url":"https:\/\/www.fassabortolo.it\/de\/produkte\/betoninstandsetzungs-system\/thixotrope-produkte\/geoactive-r4-40","identifier":"PROD_GEOACTIVE_R4_40","sku":"PROD_GEOACTIVE_R4_40","image":"https:\/\/www.fassabortolo.it\/wp-content\/uploads\/media\/assets\/Geoactive_R4_40.jpg","brand":{"@type":"Brand","name":"Fassa Bortolo"},"manufacturer":{"@type":"Organization","name":"Fassa Bortolo","url":"https:\/\/www.fassabortolo.it"},"additionalProperty":[{"@type":"PropertyValue","name":"Use Case 1","value":"GEOACTIVE R4 40 &nbsp; wird f\u00fcr die Passivierung, die Reparatur, die Verspachtelung und den Schutz verfallener Betonbauteile verwendet. &nbsp; Eignet sich besonders f\u00fcr strukturelle Betoninstandsetzungsarbeiten, wo ein rasches Abbinden und hohe mechanische Leistungseigenschaften erforderlich sind. &nbsp; Das Produkt eignet sich spezifisch f\u00fcr lokale Reparatureingriffe, ideal f\u00fcr Eingriffe in gewisser H\u00f6he mithilfe eines Personenkorbs oder an Seilen befestigt."},{"@type":"PropertyValue","name":"Use Case 2","value":"GEOACTIVE R4 40 &nbsp; kann beispielsweise verwendet werden f\u00fcr:"},{"@type":"PropertyValue","name":"Use Case 3","value":"Reparatur von Strukturelementen aus Stahlbeton, wie Tr\u00e4ger und S\u00e4ulen;"},{"@type":"PropertyValue","name":"Use Case 4","value":"Reparatur von Balkonsimsen und -br\u00fcstungen;"},{"@type":"PropertyValue","name":"Use Case 5","value":"Reparatur von Betonfertigbauteilen;"},{"@type":"PropertyValue","name":"Use Case 6","value":"Ausgleichen von Betonabschnitten mit Oberfl\u00e4chensch\u00e4den wie Kiesnester, Bohr\u00f6ffnungen der Abstandhalter, Anschlussstellen im Betonguss usw."},{"@type":"PropertyValue","name":"Supply Information","value":"In feuchtigkeitsgesch\u00fctzten Spezials\u00e4cken zu ca. 25 kg"},{"@type":"PropertyValue","name":"Attributes_1","value":"Schnelles Abbinden"},{"@type":"PropertyValue","name":"Attributes_1","value":"R3\/R4 m\u00f6rtel"},{"@type":"PropertyValue","name":"Attributes_2","value":"Au\u00dfenbereich"},{"@type":"PropertyValue","name":"Attributes_2","value":"Innenbereich"}],"category":[{"@type":"ProductCollection","name":"THIXOTROPE PRODUKTE","identifier":"FASSA_LINEA_PRODOTTI_TIXOTROPICI_SISTEMA_RIPRISTINO"},{"@type":"Collection","name":"BETONINSTANDSETZUNGS-SYSTEM","identifier":"FASSA_SISTEMA_RIPRISTINO_DEL_CALCESTRUZZO"}],"inLanguage":"de"},"_links":{"self":[{"href":"https:\/\/www.fassabortolo.it\/de\/wp-json\/wp\/v2\/product\/3497891","targetHints":{"allow":["GET"]}}],"collection":[{"href":"https:\/\/www.fassabortolo.it\/de\/wp-json\/wp\/v2\/product"}],"about":[{"href":"https:\/\/www.fassabortolo.it\/de\/wp-json\/wp\/v2\/types\/product"}],"wp:attachment":[{"href":"https:\/\/www.fassabortolo.it\/de\/wp-json\/wp\/v2\/media?parent=3497891"}],"curies":[{"name":"wp","href":"https:\/\/api.w.org\/{rel}","templated":true}]}}