{"id":3497893,"date":"2026-01-20T15:07:11","date_gmt":"2026-01-20T14:07:11","guid":{"rendered":"http:\/\/10.6.201.155\/?post_type=product&#038;p=51498"},"modified":"2026-05-15T01:22:28","modified_gmt":"2026-05-14T23:22:28","slug":"gaper-3-30","status":"publish","type":"product","link":"https:\/\/www.fassabortolo.it\/de\/produkte\/verlegesystem-fur-boden-und-wandbelage\/fassafloor-verlegegrunde\/gaper-3-30","title":{"rendered":"GAPER 3.30"},"content":{"rendered":"","protected":false},"featured_media":0,"template":"","class_list":["post-3497893","product","type-product","status-publish","hentry"],"acf":[],"fimg":{"url":"https:\/\/www.fassabortolo.it\/wp-content\/uploads\/media\/assets\/GAPER_3.30.jpg","alt":"GAPER 3.30"},"product_description":["Zement\u00f6ser, thixotroper und faserverst\u00e4rkter M\u00f6rtel mit mittelschneller Erh\u00e4rtung in extrawei\u00df und grau, f\u00fcr innen und au\u00dfen"],"ekr_hierarchy_settings":{"it":{"FASSA_LINEA_FASSAFLOOR_FONDI_DI_POSA_SISTEMA_POSA":{"ekr_position":19}},"es":{"FASSAES_LINEA_FASSAFLOOR_FONDI_DI_POSA_SISTEMA_POSA":{"ekr_position":10}},"lu":{"FASSA_LINEA_FASSAFLOOR_FONDI_DI_POSA_SISTEMA_POSA":{"ekr_position":13}}},"lang":{"language_code":"de","locale":"de_DE","text_direction":false,"display_name":"Deutsch","native_name":"Tedesco","different_language":false},"systems":[{"id":3497517,"name":"VERLEGESYSTEM F\u00dcR BODEN- UND WANDBEL\u00c4GE","permalink":"https:\/\/www.fassabortolo.it\/de\/produkte\/verlegesystem-fur-boden-und-wandbelage\/","slug":"verlegesystem-fur-boden-und-wandbelage","ekr_pallet_code":"FASSA_SISTEMA_POSA_PAVIMENTI_E_RIVESTIMENTI"}],"product_pallet_code":"PROD_GAPER_3_30","lines":[{"id":3497462,"name":"FASSAFLOOR &#8211; VERLEGEGR\u00dcNDE","permalink":"https:\/\/www.fassabortolo.it\/de\/produkte\/\/fassafloor-verlegegrunde\/","slug":"fassafloor-verlegegrunde","system_codes":["FASSA_SISTEMA_POSA_PAVIMENTI_E_RIVESTIMENTI"],"ekr_pallet_code":"FASSA_LINEA_FASSAFLOOR_FONDI_DI_POSA_SISTEMA_POSA"}],"use":["GAPER 3.30 wird f\u00fcr Ausgleichsarbeiten und zur Wiederherstellung der Planebene von Oberfl\u00e4chen aus Beton oder Ziegelstein im Innen- und Au\u00dfenbereich verwendet, horizontal wie vertikal, mit Schichtst\u00e4rken von 3 bis 30 mm. &nbsp; Geeignet auch zur Instandsetzung von Stufen, zum Ausgleichen oder Angleichen des H\u00f6henniveaus und der Neigungslinien von zementgebundenen Estrichen oder von keramischen Bodenbel\u00e4gen, sofern diese zuvor entsprechend vorbereitet worden sind. &nbsp; In k\u00fcrzester Zeit werden die Untergr\u00fcnde f\u00fcr die Verlegung von Keramik, Steinzeug oder Dichtmassen (wie AQUAZIP GE 97 usw.) angepasst."],"supply":["In feuchtigkeitsgesch\u00fctzten Spezials\u00e4cken zu ca. 25 kg"],"attributes":{"Attributes_1":{"SPACHTELUNGEN\/AUSGLEICHSPRODUKTE":"Spachtelungen\/Ausgleichsprodukte"},"Attributes_2":{"AUSSENBEREICH":"Au\u00dfenbereich","INNENBEREICH":"Innenbereich"}},"___attributes":{"FASSAES":{"FASSA_SISTEMA_POSA_PAVIMENTI_E_RIVESTIMENTI":{"Attributes_1":["Spachtelungen\/Ausgleichsprodukte"],"Attributes_2":["Au\u00dfenbereich","Innenbereich"]}},"FASSA":{"FASSA_SISTEMA_POSA_PAVIMENTI_E_RIVESTIMENTI":{"Attributes_1":["Spachtelungen\/Ausgleichsprodukte"],"Attributes_2":["Au\u00dfenbereich","Innenbereich"]}}},"elastic_market_index":"it","structured_data":{"@context":"https:\/\/schema.org","@type":"Product","name":"GAPER 3.30","description":["Zement\u00f6ser, thixotroper und faserverst\u00e4rkter M\u00f6rtel mit mittelschneller Erh\u00e4rtung in extrawei\u00df und grau, f\u00fcr innen und au\u00dfen"],"url":"https:\/\/www.fassabortolo.it\/de\/produkte\/verlegesystem-fur-boden-und-wandbelage\/fassafloor-verlegegrunde\/gaper-3-30","identifier":"PROD_GAPER_3_30","sku":"PROD_GAPER_3_30","image":"https:\/\/www.fassabortolo.it\/wp-content\/uploads\/media\/assets\/GAPER_3.30.jpg","brand":{"@type":"Brand","name":"Fassa Bortolo"},"manufacturer":{"@type":"Organization","name":"Fassa Bortolo","url":"https:\/\/www.fassabortolo.it"},"additionalProperty":[{"@type":"PropertyValue","name":"Use Case 1","value":"GAPER 3.30 wird f\u00fcr Ausgleichsarbeiten und zur Wiederherstellung der Planebene von Oberfl\u00e4chen aus Beton oder Ziegelstein im Innen- und Au\u00dfenbereich verwendet, horizontal wie vertikal, mit Schichtst\u00e4rken von 3 bis 30 mm. &nbsp; Geeignet auch zur Instandsetzung von Stufen, zum Ausgleichen oder Angleichen des H\u00f6henniveaus und der Neigungslinien von zementgebundenen Estrichen oder von keramischen Bodenbel\u00e4gen, sofern diese zuvor entsprechend vorbereitet worden sind. &nbsp; In k\u00fcrzester Zeit werden die Untergr\u00fcnde f\u00fcr die Verlegung von Keramik, Steinzeug oder Dichtmassen (wie AQUAZIP GE 97 usw.) angepasst."},{"@type":"PropertyValue","name":"Supply Information","value":"In feuchtigkeitsgesch\u00fctzten Spezials\u00e4cken zu ca. 25 kg"},{"@type":"PropertyValue","name":"Attributes_1","value":"Spachtelungen\/Ausgleichsprodukte"},{"@type":"PropertyValue","name":"Attributes_2","value":"Au\u00dfenbereich"},{"@type":"PropertyValue","name":"Attributes_2","value":"Innenbereich"}],"category":[{"@type":"ProductCollection","name":"FASSAFLOOR &#8211; VERLEGEGR\u00dcNDE","identifier":"FASSA_LINEA_FASSAFLOOR_FONDI_DI_POSA_SISTEMA_POSA"},{"@type":"Collection","name":"VERLEGESYSTEM F\u00dcR BODEN- UND WANDBEL\u00c4GE","identifier":"FASSA_SISTEMA_POSA_PAVIMENTI_E_RIVESTIMENTI"}],"inLanguage":"de"},"_links":{"self":[{"href":"https:\/\/www.fassabortolo.it\/de\/wp-json\/wp\/v2\/product\/3497893","targetHints":{"allow":["GET"]}}],"collection":[{"href":"https:\/\/www.fassabortolo.it\/de\/wp-json\/wp\/v2\/product"}],"about":[{"href":"https:\/\/www.fassabortolo.it\/de\/wp-json\/wp\/v2\/types\/product"}],"wp:attachment":[{"href":"https:\/\/www.fassabortolo.it\/de\/wp-json\/wp\/v2\/media?parent=3497893"}],"curies":[{"name":"wp","href":"https:\/\/api.w.org\/{rel}","templated":true}]}}