{"id":3497896,"date":"2026-01-20T15:07:15","date_gmt":"2026-01-20T14:07:15","guid":{"rendered":"http:\/\/10.6.201.155\/?post_type=product&#038;p=51505"},"modified":"2026-05-15T01:23:14","modified_gmt":"2026-05-14T23:23:14","slug":"grassello-di-calce","status":"publish","type":"product","link":"https:\/\/www.fassabortolo.it\/de\/produkte\/verputz-und-bausystem\/produkte-auf-basis-von-luftkalk\/grassello-di-calce","title":{"rendered":"GRASSELLO DI CALCE"},"content":{"rendered":"","protected":false},"featured_media":0,"template":"","class_list":["post-3497896","product","type-product","status-publish","hentry"],"acf":[],"fimg":{"url":"https:\/\/www.fassabortolo.it\/wp-content\/uploads\/media\/assets\/GRASSELLO_DI_CALCE.jpg","alt":"GRASSELLO DI CALCE"},"product_description":["Paste aus Kalkhydrat"],"ekr_hierarchy_settings":{"it":{"FASSA_LINEA_PRODOTTI_A_BASE_CALCE_AEREA_SISTEMA_INTONACATURA":{"ekr_position":14}},"lu":{"FASSA_LINEA_PRODOTTI_A_BASE_CALCE_AEREA_SISTEMA_INTONACATURA":{"ekr_position":15}}},"lang":{"language_code":"de","locale":"de_DE","text_direction":false,"display_name":"Deutsch","native_name":"Tedesco","different_language":false},"systems":[{"id":3497520,"name":"VERPUTZ- UND BAUSYSTEM","permalink":"https:\/\/www.fassabortolo.it\/de\/produkte\/verputz-und-bausystem\/","slug":"verputz-und-bausystem","ekr_pallet_code":"FASSA_SISTEMA_INTONACATURA_E_COSTRUZIONE"}],"product_pallet_code":"PROD_GRASSELLO_DI_CALCE","lines":[{"id":3497475,"name":"PRODUKTE AUF BASIS VON LUFTKALK","permalink":"https:\/\/www.fassabortolo.it\/de\/produkte\/\/produkte-auf-basis-von-luftkalk\/","slug":"produkte-auf-basis-von-luftkalk","system_codes":["FASSA_SISTEMA_INTONACATURA_E_COSTRUZIONE"],"ekr_pallet_code":"FASSA_LINEA_PRODOTTI_A_BASE_CALCE_AEREA_SISTEMA_INTONACATURA"}],"use":["GRASSELLO DI CALCE wird vorwiegend als Spachtelung auf \"Malta Fina\" verwendet, um besondere Feinbearbeitungen wie Fl\u00e4chenspachtel, \"Marmorini\", Dekorgl\u00e4tten im Allgemeinen usw. anzufertigen. &nbsp; Wird auch als Bindemittel bei der Herstellung traditioneller M\u00f6rtel verwendet."],"supply":["S\u00e4cke zu ca. 20 und 33 kg"],"attributes":{"Attributes_1":{"DECKPUTZE\/SPACHELUNGEN":"Deckputze\/Spachelungen"},"Attributes_2":{"INNENBEREICH":"Innenbereich"}},"___attributes":{"FASSA":{"FASSA_SISTEMA_INTONACATURA_E_COSTRUZIONE":{"Attributes_1":["Deckputze\/Spachelungen"],"Attributes_2":["Innenbereich"]}}},"elastic_market_index":"it","structured_data":{"@context":"https:\/\/schema.org","@type":"Product","name":"GRASSELLO DI CALCE","description":["Paste aus Kalkhydrat"],"url":"https:\/\/www.fassabortolo.it\/de\/produkte\/verputz-und-bausystem\/produkte-auf-basis-von-luftkalk\/grassello-di-calce","identifier":"PROD_GRASSELLO_DI_CALCE","sku":"PROD_GRASSELLO_DI_CALCE","image":"https:\/\/www.fassabortolo.it\/wp-content\/uploads\/media\/assets\/GRASSELLO_DI_CALCE.jpg","brand":{"@type":"Brand","name":"Fassa Bortolo"},"manufacturer":{"@type":"Organization","name":"Fassa Bortolo","url":"https:\/\/www.fassabortolo.it"},"additionalProperty":[{"@type":"PropertyValue","name":"Use Case 1","value":"GRASSELLO DI CALCE wird vorwiegend als Spachtelung auf \"Malta Fina\" verwendet, um besondere Feinbearbeitungen wie Fl\u00e4chenspachtel, \"Marmorini\", Dekorgl\u00e4tten im Allgemeinen usw. anzufertigen. &nbsp; Wird auch als Bindemittel bei der Herstellung traditioneller M\u00f6rtel verwendet."},{"@type":"PropertyValue","name":"Supply Information","value":"S\u00e4cke zu ca. 20 und 33 kg"},{"@type":"PropertyValue","name":"Attributes_1","value":"Deckputze\/Spachelungen"},{"@type":"PropertyValue","name":"Attributes_2","value":"Innenbereich"}],"category":[{"@type":"ProductCollection","name":"PRODUKTE AUF BASIS VON LUFTKALK","identifier":"FASSA_LINEA_PRODOTTI_A_BASE_CALCE_AEREA_SISTEMA_INTONACATURA"},{"@type":"Collection","name":"VERPUTZ- UND BAUSYSTEM","identifier":"FASSA_SISTEMA_INTONACATURA_E_COSTRUZIONE"}],"inLanguage":"de"},"_links":{"self":[{"href":"https:\/\/www.fassabortolo.it\/de\/wp-json\/wp\/v2\/product\/3497896","targetHints":{"allow":["GET"]}}],"collection":[{"href":"https:\/\/www.fassabortolo.it\/de\/wp-json\/wp\/v2\/product"}],"about":[{"href":"https:\/\/www.fassabortolo.it\/de\/wp-json\/wp\/v2\/types\/product"}],"wp:attachment":[{"href":"https:\/\/www.fassabortolo.it\/de\/wp-json\/wp\/v2\/media?parent=3497896"}],"curies":[{"name":"wp","href":"https:\/\/api.w.org\/{rel}","templated":true}]}}