{"id":3497899,"date":"2026-01-20T15:07:20","date_gmt":"2026-01-20T14:07:20","guid":{"rendered":"http:\/\/10.6.201.155\/?post_type=product&#038;p=51517"},"modified":"2026-05-15T01:22:27","modified_gmt":"2026-05-14T23:22:27","slug":"granalien","status":"publish","type":"product","link":"https:\/\/www.fassabortolo.it\/de\/produkte\/system-grubenmaterial-und-mikronisierte-materialien\/steinbruchmaterial-kalkstein\/granalien","title":{"rendered":"GRANALIEN"},"content":{"rendered":"","protected":false},"featured_media":0,"template":"","class_list":["post-3497899","product","type-product","status-publish","hentry"],"acf":[],"fimg":{"url":"https:\/\/www.fassabortolo.it\/wp-content\/uploads\/media\/assets\/Graniglie.jpg","alt":"GRANALIEN"},"product_description":["Durch das Zertr\u00fcmmern vorwiegend mikrokristallinen Kalkgesteins erhaltenes Calciumcarbonat."],"ekr_hierarchy_settings":{"it":{"FASSA_LINEA_CALCARE_SISTEMA_MATERIALI":{"ekr_position":4}},"lu":{"FASSA_LINEA_CALCARE_SISTEMA_MATERIALI":{"ekr_position":6}}},"lang":{"language_code":"de","locale":"de_DE","text_direction":false,"display_name":"Deutsch","native_name":"Tedesco","different_language":false},"systems":[{"id":3497514,"name":"System GRUBENMATERIAL UND MIKRONISIERTE MATERIALIEN","permalink":"https:\/\/www.fassabortolo.it\/de\/produkte\/system-grubenmaterial-und-mikronisierte-materialien\/","slug":"system-grubenmaterial-und-mikronisierte-materialien","ekr_pallet_code":"FASSA_SISTEMA_MATERIALI_DI_CAVA_E_MICRONIZZATI"}],"product_pallet_code":"PROD_GRANIGLIE","lines":[{"id":3497445,"name":"STEINBRUCHMATERIAL: KALKSTEIN","permalink":"https:\/\/www.fassabortolo.it\/de\/produkte\/\/steinbruchmaterial-kalkstein\/","slug":"steinbruchmaterial-kalkstein","system_codes":["FASSA_SISTEMA_MATERIALI_DI_CAVA_E_MICRONIZZATI"],"ekr_pallet_code":"FASSA_LINEA_CALCARE_SISTEMA_MATERIALI"}],"use":["Dank seiner Eigenschaften findet das Produkt Verwendung als Rohmaterial zur Veredelung von Betonfertigbauteilen, f\u00fcr die Herstellung von Gartenfliesen, f\u00fcr die st\u00e4dtebauliche Gestaltung und im Bauwesen."],"supply":["Das Losematerial wird mechanisch auf Kastenfahrzeuge verladen."],"attributes":null,"___attributes":null,"elastic_market_index":"it","structured_data":{"@context":"https:\/\/schema.org","@type":"Product","name":"GRANALIEN","description":["Durch das Zertr\u00fcmmern vorwiegend mikrokristallinen Kalkgesteins erhaltenes Calciumcarbonat."],"url":"https:\/\/www.fassabortolo.it\/de\/produkte\/system-grubenmaterial-und-mikronisierte-materialien\/steinbruchmaterial-kalkstein\/granalien","identifier":"PROD_GRANIGLIE","sku":"PROD_GRANIGLIE","image":"https:\/\/www.fassabortolo.it\/wp-content\/uploads\/media\/assets\/Graniglie.jpg","brand":{"@type":"Brand","name":"Fassa Bortolo"},"manufacturer":{"@type":"Organization","name":"Fassa Bortolo","url":"https:\/\/www.fassabortolo.it"},"additionalProperty":[{"@type":"PropertyValue","name":"Use Case 1","value":"Dank seiner Eigenschaften findet das Produkt Verwendung als Rohmaterial zur Veredelung von Betonfertigbauteilen, f\u00fcr die Herstellung von Gartenfliesen, f\u00fcr die st\u00e4dtebauliche Gestaltung und im Bauwesen."},{"@type":"PropertyValue","name":"Supply Information","value":"Das Losematerial wird mechanisch auf Kastenfahrzeuge verladen."}],"category":[{"@type":"ProductCollection","name":"STEINBRUCHMATERIAL: KALKSTEIN","identifier":"FASSA_LINEA_CALCARE_SISTEMA_MATERIALI"},{"@type":"Collection","name":"System GRUBENMATERIAL UND MIKRONISIERTE MATERIALIEN","identifier":"FASSA_SISTEMA_MATERIALI_DI_CAVA_E_MICRONIZZATI"}],"inLanguage":"de"},"_links":{"self":[{"href":"https:\/\/www.fassabortolo.it\/de\/wp-json\/wp\/v2\/product\/3497899","targetHints":{"allow":["GET"]}}],"collection":[{"href":"https:\/\/www.fassabortolo.it\/de\/wp-json\/wp\/v2\/product"}],"about":[{"href":"https:\/\/www.fassabortolo.it\/de\/wp-json\/wp\/v2\/types\/product"}],"wp:attachment":[{"href":"https:\/\/www.fassabortolo.it\/de\/wp-json\/wp\/v2\/media?parent=3497899"}],"curies":[{"name":"wp","href":"https:\/\/api.w.org\/{rel}","templated":true}]}}