{"id":3497904,"date":"2026-01-20T15:07:24","date_gmt":"2026-01-20T14:07:24","guid":{"rendered":"http:\/\/10.6.201.155\/?post_type=product&#038;p=51539"},"modified":"2026-02-04T16:53:27","modified_gmt":"2026-02-04T15:53:27","slug":"mikrofaser-handschuh-single","status":"publish","type":"product","link":"https:\/\/www.fassabortolo.it\/de\/produkte\/sistema-fassacolour\/dekorprodukte\/mikrofaser-handschuh-single","title":{"rendered":"MIKROFASER-HANDSCHUH SINGLE"},"content":{"rendered":"","protected":false},"featured_media":0,"template":"","class_list":["post-3497904","product","type-product","status-publish","hentry"],"acf":[],"fimg":{"url":"https:\/\/www.fassabortolo.it\/wp-content\/uploads\/media\/assets\/GUANTO_SINGLE_MICROFIBRA.jpg","alt":"MIKROFASER-HANDSCHUH SINGLE"},"product_description":["Einfachhandschuh aus Mikrofaser"],"ekr_hierarchy_settings":{"it":{"FASSA_LINEA_DECORATIVI_SISTEMA_COLORE":{"ekr_position":18}},"lu":{"FASSA_LINEA_DECORATIVI_SISTEMA_COLORE":{"ekr_position":12}}},"lang":{"language_code":"de","locale":"de_DE","text_direction":false,"display_name":"Deutsch","native_name":"Tedesco","different_language":false},"systems":[{"id":3497509,"name":"FASSACOLOUR\u00ae-System","permalink":"https:\/\/www.fassabortolo.it\/de\/produkte\/sistema-fassacolour\/","slug":"sistema-fassacolour","ekr_pallet_code":"FASSA_SISTEMA_COLORE_FASSACOLOUR"}],"product_pallet_code":"PROD_GUANTO_SINGLE_MICROFIBRA","lines":[{"id":3497454,"name":"DEKORPRODUKTE","permalink":"https:\/\/www.fassabortolo.it\/de\/produkte\/\/dekorprodukte\/","slug":"dekorprodukte","system_codes":["FASSA_SISTEMA_COLORE_FASSACOLOUR"],"ekr_pallet_code":"FASSA_LINEA_DECORATIVI_SISTEMA_COLORE"}],"use":null,"supply":null,"attributes":{"Attributes_1":{"ZUBEH\u00d6RTEILE":"Zubeh\u00f6rteile"},"Attributes_2":[]},"___attributes":{"FASSA":{"FASSA_SISTEMA_COLORE_FASSACOLOUR":{"Attributes_1":["Zubeh\u00f6rteile"]}}},"elastic_market_index":"it","structured_data":{"@context":"https:\/\/schema.org","@type":"Product","name":"MIKROFASER-HANDSCHUH SINGLE","description":["Einfachhandschuh aus Mikrofaser"],"url":"https:\/\/www.fassabortolo.it\/de\/produkte\/sistema-fassacolour\/dekorprodukte\/mikrofaser-handschuh-single","identifier":"PROD_GUANTO_SINGLE_MICROFIBRA","sku":"PROD_GUANTO_SINGLE_MICROFIBRA","image":"https:\/\/www.fassabortolo.it\/wp-content\/uploads\/media\/assets\/GUANTO_SINGLE_MICROFIBRA.jpg","brand":{"@type":"Brand","name":"Fassa Bortolo"},"manufacturer":{"@type":"Organization","name":"Fassa Bortolo","url":"https:\/\/www.fassabortolo.it"},"additionalProperty":[{"@type":"PropertyValue","name":"Attributes_1","value":"Zubeh\u00f6rteile"}],"category":[{"@type":"ProductCollection","name":"DEKORPRODUKTE","identifier":"FASSA_LINEA_DECORATIVI_SISTEMA_COLORE"},{"@type":"Collection","name":"FASSACOLOUR\u00ae-System","identifier":"FASSA_SISTEMA_COLORE_FASSACOLOUR"}],"inLanguage":"de"},"_links":{"self":[{"href":"https:\/\/www.fassabortolo.it\/de\/wp-json\/wp\/v2\/product\/3497904","targetHints":{"allow":["GET"]}}],"collection":[{"href":"https:\/\/www.fassabortolo.it\/de\/wp-json\/wp\/v2\/product"}],"about":[{"href":"https:\/\/www.fassabortolo.it\/de\/wp-json\/wp\/v2\/types\/product"}],"wp:attachment":[{"href":"https:\/\/www.fassabortolo.it\/de\/wp-json\/wp\/v2\/media?parent=3497904"}],"curies":[{"name":"wp","href":"https:\/\/api.w.org\/{rel}","templated":true}]}}